{"id":807,"date":"2018-10-19T06:00:51","date_gmt":"2018-10-19T06:00:51","guid":{"rendered":"https:\/\/www.sewbc.com\/?page_id=807"},"modified":"2021-09-14T07:49:40","modified_gmt":"2021-09-14T07:49:40","slug":"cac-giai-phap","status":"publish","type":"page","link":"https:\/\/www.sewbc.com\/vi\/cac-giai-phap","title":{"rendered":"c\u00e1c gi\u1ea3i ph\u00e1p"},"content":{"rendered":"<p>H\u1ec7 th\u1ed1ng n\u1ec1n t\u1ea3ng b\u1ecb t\u1ea1m ng\u01b0ng cung c\u1ea5p truy c\u1eadp t\u1ea1m th\u1eddi l\u00ean t\u1ea7m cao - \u0111\u1ec3 x\u00e2y d\u1ef1ng b\u1ea3o tr\u00ec, t\u1ea1i c\u00f4ng tr\u01b0\u1eddng x\u00e2y d\u1ef1ng ho\u1eb7c trong m\u00f4i tr\u01b0\u1eddng c\u00f4ng nghi\u1ec7p. S\u1ea3n ph\u1ea9m c\u1ee7a ch\u00fang t\u00f4i cung c\u1ea5p c\u00e1c h\u1ec7 th\u1ed1ng n\u1ec1n t\u1ea3ng treo m\u00f4-\u0111un c\u1ef1c k\u1ef3 d\u1ec5 l\u1eafp r\u00e1p.<\/p>\n<p>Ch\u00fang t\u00f4i ti\u1ebfp t\u1ee5c l\u00e0m vi\u1ec7c cho nh\u1eefng kh\u00e1ch cung c\u1ea5p gi\u1ea3i ph\u00e1p h\u1ec7 th\u1ed1ng nh\u00e2n v\u0103n v\u00e0 cung c\u1ea5p h\u1ed7 tr\u1ee3 v\u00e0 d\u1ecbch v\u1ee5 t\u1ed1t nh\u1ea5t. Do \u0111\u1ed9i ng\u0169 k\u1ef9 thu\u1eadt gh\u00ea g\u1edbm, ch\u00fang t\u00f4i \u0111\u00e3 cung c\u1ea5p d\u1ecbch v\u1ee5 tour ch\u1ea5t l\u01b0\u1ee3ng cao cho t\u1ea5t c\u1ea3 kh\u00e1ch h\u00e0ng. Ch\u00fang t\u00f4i c\u0169ng c\u00f3 s\u1eb5n c\u00e1c gi\u1ea3i ph\u00e1p k\u1ef9 thu\u1eadt v\u00e0 qu\u1ea3n l\u00fd c\u1ee7a ch\u00fang t\u00f4i \u0111\u1ec3 gi\u00fap thi\u1ebft b\u1ecb c\u1ee7a b\u1ea1n hi\u1ec7u qu\u1ea3 h\u01a1n v\u00e0 hi\u1ec7u qu\u1ea3 h\u01a1n, \u0111\u1ed3ng th\u1eddi gi\u00fap b\u1ea1n qu\u1ea3n l\u00fd hi\u1ec7u qu\u1ea3 c\u00e1c \u0111\u1ed9i t\u00e0u v\u00e0 c\u00e1c ho\u1ea1t \u0111\u1ed9ng c\u1ee7a thi\u1ebft b\u1ecb. T\u1ed1c \u0111\u1ed9 ph\u1ea3n h\u1ed3i d\u1ecbch v\u1ee5 nhanh h\u01a1n \u0111\u1ec3 ti\u1ebft ki\u1ec7m th\u1eddi gian c\u1ee7a b\u1ea1n. M\u1ea1ng l\u01b0\u1edbi giao th\u00f4ng hi\u1ec7n \u0111\u1ea1i c\u1ee7a \u0111\u01b0\u1eddng s\u1eaft v\u00e0 h\u00e0ng kh\u00f4ng, \u0111\u1ea3m b\u1ea3o r\u1eb1ng t\u1ea5t c\u1ea3 c\u00e1c ph\u1ee5 t\u00f9ng thay th\u1ebf \u0111\u00e3 \u0111\u01b0\u1ee3c giao trong th\u1eddi gian.<\/p>","protected":false},"excerpt":{"rendered":"<p>Suspended Platform Systems provide temporary access to heights \u2013 for building maintenance, at construction sites or in industrial environments. Our product offers modular Suspended Platform Systems which are incredibly easy to assemble. We continue to work for guests providing humanity system solutions and provide best support and services. Because of the formidable technical team, we [&hellip;]<\/p>\n","protected":false},"author":1,"featured_media":0,"parent":0,"menu_order":0,"comment_status":"closed","ping_status":"closed","template":"templates\/full-width-page.php","meta":{"footnotes":""},"class_list":["post-807","page","type-page","status-publish","hentry"],"_links":{"self":[{"href":"https:\/\/www.sewbc.com\/vi\/wp-json\/wp\/v2\/pages\/807","targetHints":{"allow":["GET"]}}],"collection":[{"href":"https:\/\/www.sewbc.com\/vi\/wp-json\/wp\/v2\/pages"}],"about":[{"href":"https:\/\/www.sewbc.com\/vi\/wp-json\/wp\/v2\/types\/page"}],"author":[{"embeddable":true,"href":"https:\/\/www.sewbc.com\/vi\/wp-json\/wp\/v2\/users\/1"}],"replies":[{"embeddable":true,"href":"https:\/\/www.sewbc.com\/vi\/wp-json\/wp\/v2\/comments?post=807"}],"version-history":[{"count":0,"href":"https:\/\/www.sewbc.com\/vi\/wp-json\/wp\/v2\/pages\/807\/revisions"}],"wp:attachment":[{"href":"https:\/\/www.sewbc.com\/vi\/wp-json\/wp\/v2\/media?parent=807"}],"curies":[{"name":"wp","href":"https:\/\/api.w.org\/{rel}","templated":true}]}}