{"id":34,"date":"2018-09-28T03:35:58","date_gmt":"2018-09-28T03:35:58","guid":{"rendered":"http:\/\/www.sewbc.com\/?page_id=34"},"modified":"2024-10-24T15:35:55","modified_gmt":"2024-10-24T15:35:55","slug":"ve-chung-toi","status":"publish","type":"page","link":"http:\/\/www.sewbc.com\/vi\/ve-chung-toi","title":{"rendered":"V\u1ec1 ch\u00fang t\u00f4i"},"content":{"rendered":"<p><strong>Th\u01b0\u1ee3ng H\u1ea3i th\u00e0nh c\u00f4ng x\u00e2y d\u1ef1ng th\u01b0\u01a1ng m\u1ea1i qu\u1ed1c t\u1ebf C\u00f4ng ty TNHH<\/strong><\/p>\n<p>L\u00e0 nh\u00e0 s\u1ea3n xu\u1ea5t v\u00e0 cung c\u1ea5p s\u00e0n treo chuy\u00ean nghi\u1ec7p, ch\u00fang t\u00f4i cung c\u1ea5p c\u00e1c s\u1ea3n ph\u1ea9m \u0111\u00e1ng tin c\u1eady nh\u1ea5t v\u00e0 d\u1ecbch v\u1ee5 tuy\u1ec7t v\u1eddi cho kh\u00e1ch h\u00e0ng. Ch\u00fang t\u00f4i \u0111\u00e3 tr\u1ea3i qua s\u1ef1 t\u0103ng tr\u01b0\u1edfng nhanh ch\u00f3ng c\u00f9ng v\u1edbi s\u1ef1 ph\u00e1t tri\u1ec3n nhanh ch\u00f3ng c\u1ee7a n\u1ec1n kinh t\u1ebf Trung Qu\u1ed1c. S\u1ea3n ph\u1ea9m c\u1ee7a ch\u00fang t\u00f4i hi\u1ec7n \u0111ang \u0111\u01b0\u1ee3c xu\u1ea5t kh\u1ea9u sang C\u00e1c s\u1ea3n ph\u1ea9m c\u1ee7a ch\u00fang t\u00f4i ch\u1ee7 y\u1ebfu \u0111\u01b0\u1ee3c xu\u1ea5t kh\u1ea9u sang C\u1ed9ng h\u00f2a Dominica, Maldives, \u1ea4n \u0110\u1ed9, Malaysia, \u00dd, Hoa K\u1ef3, T\u00e2y Ban Nha, Th\u1ed5 Nh\u0129 K\u1ef3 v\u00e0 Nam Phi\u2026.<\/p>\n<p>\u0110\u1ed9i ng\u0169 c\u1ee7a ch\u00fang t\u00f4i c\u00f3 h\u01a1n 8 n\u0103m kinh nghi\u1ec7m trong l\u0129nh v\u1ef1c kinh doanh n\u00e0y. S\u1ea3n ph\u1ea9m c\u1ee7a ch\u00fang t\u00f4i ch\u1ee7 y\u1ebfu bao g\u1ed3m s\u00e0n treo v\u00e0 ph\u1ee5 t\u00f9ng cho t\u1eddi x\u00e2y d\u1ef1ng, ch\u00fang t\u00f4i c\u00f3 th\u1ec3 s\u1ea3n xu\u1ea5t s\u1ea3n ph\u1ea9m theo y\u00eau c\u1ea7u \u0111\u1eb7c bi\u1ec7t c\u1ee7a kh\u00e1ch h\u00e0ng.\u00a0<span id=\"more-12\"><\/span>ch\u00fang t\u00f4i tin r\u1eb1ng ch\u00fang t\u00f4i c\u00f3 th\u1ec3 cung c\u1ea5p c\u00e2u tr\u1ea3 l\u1eddi s\u00e1ng t\u1ea1o cho kh\u00e1ch h\u00e0ng tr\u00ean to\u00e0n th\u1ebf gi\u1edbi.<!--more--> th\u1ef1c hi\u1ec7n \u0111\u1ea7y \u0111\u1ee7 c\u00e1c \u0111\u1eb7c \u0111i\u1ec3m c\u1ee7a t\u00f4i v\u1ec1 x\u00e2y d\u1ef1ng v\u0103n h\u00f3a c\u00f4ng ty, th\u00fac \u0111\u1ea9y tinh th\u1ea7n doanh nghi\u1ec7p, th\u1ef1c h\u00e0nh c\u00e1c gi\u00e1 tr\u1ecb doanh nghi\u1ec7p, chi\u1ebfn l\u01b0\u1ee3c v\u00e0 ph\u00e1t tri\u1ec3n kinh doanh \u0111\u1ec3 \u0111\u1ea1t \u0111\u01b0\u1ee3c t\u1ea7m nh\u00ecn v\u1ec1 s\u1ef1 th\u1ed1ng nh\u1ea5t h\u1eefu c\u01a1, kh\u00e1i ni\u1ec7m \u0111i\u1ec1u h\u00e0nh h\u00e0i h\u00f2a v\u00e0 kh\u00e1i ni\u1ec7m nh\u00e2n vi\u00ean, nh\u00e2n vi\u00ean b\u00ean trong th\u1ebf gi\u1edbi \u0111\u1ed3ng b\u1ed9 v\u1edbi m\u00f4i tr\u01b0\u1eddng b\u00ean ngo\u00e0i \u0111\u01b0\u1ee3c c\u1ea3i thi\u1ec7n, x\u00e2y d\u1ef1ng m\u1ed9t doanh nghi\u1ec7p h\u00e0i h\u00f2a.<\/p>\n<p><a href=\"https:\/\/www.sewbc.com\/wp-content\/uploads\/about2.jpg\"><img loading=\"lazy\" decoding=\"async\" class=\"alignnone wp-image-787 size-full\" src=\"https:\/\/www.sewbc.com\/wp-content\/uploads\/about2.jpg\" alt=\"kho\u1ea3ng2\" width=\"567\" height=\"210\" srcset=\"https:\/\/www.sewbc.com\/wp-content\/uploads\/about2.jpg 567w, https:\/\/www.sewbc.com\/wp-content\/uploads\/about2-300x111.jpg 300w\" sizes=\"auto, (max-width: 567px) 100vw, 567px\" \/><\/a><\/p>\n<p>C\u00f4ng ty ch\u00fang t\u00f4i c\u00f3 5-10 K\u1ef9 s\u01b0 R&amp;D. R&amp;D l\u00e0 b\u1ed9 ph\u1eadn c\u1ed1t l\u00f5i c\u1ee7a c\u00f4ng ty, \u0111\u1ea3m nhi\u1ec7m nghi\u00ean c\u1ee9u v\u00e0 ph\u00e1t tri\u1ec3n s\u1ea3n ph\u1ea9m m\u1edbi, c\u1ea3i ti\u1ebfn t\u00ednh n\u0103ng s\u1ea3n ph\u1ea9m. Quy tr\u00ecnh l\u00e0m vi\u1ec7c c\u1ee7a trung t\u00e2m R&amp;D d\u1ef1a tr\u00ean m\u00f4 h\u00ecnh CMM \u0111\u01b0\u1ee3c tinh g\u1ecdn, chia th\u00e0nh n\u0103m b\u01b0\u1edbc c\u1ee5 th\u1ec3: l\u1eadp k\u1ebf ho\u1ea1ch, thi\u1ebft k\u1ebf, tri\u1ec3n khai, ki\u1ec3m th\u1eed v\u00e0 b\u1ea3o tr\u00ec. K\u1ebft th\u00fac giai \u0111o\u1ea1n l\u1eadp k\u1ebf ho\u1ea1ch, thi\u1ebft k\u1ebf, ti\u1ebfn h\u00e0nh ki\u1ec3m tra \u0111\u1ecbnh k\u1ef3 \u1edf giai \u0111o\u1ea1n tri\u1ec3n khai, bao g\u1ed3m ba l\u1ea7n ki\u1ec3m th\u1eed v\u00e0 ki\u1ec3m tra nghi\u1ec7m thu, sau m\u1ed7i l\u1ea7n c\u00f3 phi\u00ean b\u1ea3n ri\u00eang \u0111\u1ec3 ch\u1ea1y, ti\u1ebfp theo l\u00e0 giai \u0111o\u1ea1n ki\u1ec3m th\u1eed; ki\u1ec3m th\u1eed \u0111\u1ed9 ph\u1ee7 m\u00e3, ki\u1ec3m th\u1eed \u0111\u1ed9 ph\u1ee7 d\u1eef li\u1ec7u. Khi ho\u00e0n t\u1ea5t, b\u01b0\u1edbc v\u00e0o giai \u0111o\u1ea1n b\u1ea3o tr\u00ec, bao g\u1ed3m s\u1ea3n ph\u1ea9m, d\u1ecbch v\u1ee5 v\u00e0 n\u00e2ng c\u1ea5p \u0111\u1ec3 c\u1ea3i thi\u1ec7n h\u01a1n n\u1eefa d\u1ecbch v\u1ee5 kh\u00e1ch h\u00e0ng v\u00e0 x\u00e2y d\u1ef1ng th\u01b0\u01a1ng hi\u1ec7u c\u1ee7a c\u00f4ng ty.<\/p>\n<p><a href=\"https:\/\/www.sewbc.com\/wp-content\/uploads\/about1.jpg\"><img loading=\"lazy\" decoding=\"async\" class=\"alignnone wp-image-786 size-full\" src=\"https:\/\/www.sewbc.com\/wp-content\/uploads\/about1.jpg\" alt=\"kho\u1ea3ng 1\" width=\"708\" height=\"668\" srcset=\"https:\/\/www.sewbc.com\/wp-content\/uploads\/about1.jpg 708w, https:\/\/www.sewbc.com\/wp-content\/uploads\/about1-300x283.jpg 300w\" sizes=\"auto, (max-width: 708px) 100vw, 708px\" \/><\/a><\/p>\n<p>B\u1ea5t c\u1ee9 \u0111i\u1ec1u g\u00ec c\u1ea7n ch\u00fang t\u00f4i assisstant c\u1ea3m th\u1ea5y t\u1ef1 do \u0111\u1ec3 li\u00ean h\u1ec7 v\u1edbi ch\u00fang t\u00f4i. E-mail:\u00a0<a href=\"mailto:sales@buildinglift.com\">sales@buildinglift.com<\/a><\/p>","protected":false},"excerpt":{"rendered":"<p>Shanghai Success Construction International Trade Co., Ltd. As a professional suspended platform manufacturer and supplier, we offer most reliable products and excellent service to our customers. We have been experiencing fast growth with the rapid development of Chinese economy. Our products are currently exported to Our products are mainly exported to Dominican Republic, Maldives, India, [&hellip;]<\/p>\n","protected":false},"author":1,"featured_media":35,"parent":0,"menu_order":0,"comment_status":"closed","ping_status":"closed","template":"templates\/full-width-page.php","meta":{"footnotes":""},"class_list":["post-34","page","type-page","status-publish","has-post-thumbnail","hentry"],"_links":{"self":[{"href":"http:\/\/www.sewbc.com\/vi\/wp-json\/wp\/v2\/pages\/34","targetHints":{"allow":["GET"]}}],"collection":[{"href":"http:\/\/www.sewbc.com\/vi\/wp-json\/wp\/v2\/pages"}],"about":[{"href":"http:\/\/www.sewbc.com\/vi\/wp-json\/wp\/v2\/types\/page"}],"author":[{"embeddable":true,"href":"http:\/\/www.sewbc.com\/vi\/wp-json\/wp\/v2\/users\/1"}],"replies":[{"embeddable":true,"href":"http:\/\/www.sewbc.com\/vi\/wp-json\/wp\/v2\/comments?post=34"}],"version-history":[{"count":0,"href":"http:\/\/www.sewbc.com\/vi\/wp-json\/wp\/v2\/pages\/34\/revisions"}],"wp:featuredmedia":[{"embeddable":true,"href":"http:\/\/www.sewbc.com\/vi\/wp-json\/wp\/v2\/media\/35"}],"wp:attachment":[{"href":"http:\/\/www.sewbc.com\/vi\/wp-json\/wp\/v2\/media?parent=34"}],"curies":[{"name":"wp","href":"https:\/\/api.w.org\/{rel}","templated":true}]}}