{"id":807,"date":"2018-10-19T06:00:51","date_gmt":"2018-10-19T06:00:51","guid":{"rendered":"https:\/\/www.sewbc.com\/?page_id=807"},"modified":"2021-09-14T07:49:40","modified_gmt":"2021-09-14T07:49:40","slug":"cozeltiler","status":"publish","type":"page","link":"https:\/\/www.sewbc.com\/tr\/cozeltiler","title":{"rendered":"\u00e7\u00f6zeltiler"},"content":{"rendered":"<p>Asma Platform Sistemleri, bina bak\u0131m\u0131nda, \u015fantiyelerde veya end\u00fcstriyel ortamlarda, y\u00fcksekliklere ge\u00e7ici eri\u015fim sa\u011flar. \u00dcr\u00fcn\u00fcm\u00fcz, montaj\u0131 son derece kolay olan mod\u00fcler Asma Platform Sistemleri sunmaktad\u0131r.<\/p>\n<p>\u0130nsanl\u0131k sistemi \u00e7\u00f6z\u00fcmleri sunan ve en iyi destek ve hizmetleri sa\u011flayan misafirler i\u00e7in \u00e7al\u0131\u015fmaya devam ediyoruz. M\u00fcthi\u015f teknik ekibi sayesinde, t\u00fcm misafirlere y\u00fcksek kalitede tur hizmeti verdik. Ekipmanlar\u0131n\u0131z\u0131 daha \u00fcretken ve verimli hale getirmeye yard\u0131mc\u0131 olmak ve ekipman filolar\u0131n\u0131 ve operasyonlar\u0131n\u0131 daha etkin bir \u015fekilde y\u00f6netmenize yard\u0131mc\u0131 olmak i\u00e7in teknik ve y\u00f6netim \u00e7\u00f6z\u00fcmlerimizi de sunuyoruz. Zamandan tasarruf etmek i\u00e7in servisin daha h\u0131zl\u0131 yan\u0131t vermesi. Demiryolu ve havac\u0131l\u0131k modern ula\u015f\u0131m a\u011f\u0131, t\u00fcm yedek par\u00e7alar\u0131n zaman\u0131nda teslim edildi\u011finden emin olun.<\/p>","protected":false},"excerpt":{"rendered":"<p>Suspended Platform Systems provide temporary access to heights \u2013 for building maintenance, at construction sites or in industrial environments. Our product offers modular Suspended Platform Systems which are incredibly easy to assemble. We continue to work for guests providing humanity system solutions and provide best support and services. Because of the formidable technical team, we [&hellip;]<\/p>\n","protected":false},"author":1,"featured_media":0,"parent":0,"menu_order":0,"comment_status":"closed","ping_status":"closed","template":"templates\/full-width-page.php","meta":{"footnotes":""},"class_list":["post-807","page","type-page","status-publish","hentry"],"_links":{"self":[{"href":"https:\/\/www.sewbc.com\/tr\/wp-json\/wp\/v2\/pages\/807","targetHints":{"allow":["GET"]}}],"collection":[{"href":"https:\/\/www.sewbc.com\/tr\/wp-json\/wp\/v2\/pages"}],"about":[{"href":"https:\/\/www.sewbc.com\/tr\/wp-json\/wp\/v2\/types\/page"}],"author":[{"embeddable":true,"href":"https:\/\/www.sewbc.com\/tr\/wp-json\/wp\/v2\/users\/1"}],"replies":[{"embeddable":true,"href":"https:\/\/www.sewbc.com\/tr\/wp-json\/wp\/v2\/comments?post=807"}],"version-history":[{"count":0,"href":"https:\/\/www.sewbc.com\/tr\/wp-json\/wp\/v2\/pages\/807\/revisions"}],"wp:attachment":[{"href":"https:\/\/www.sewbc.com\/tr\/wp-json\/wp\/v2\/media?parent=807"}],"curies":[{"name":"wp","href":"https:\/\/api.w.org\/{rel}","templated":true}]}}