{"id":34,"date":"2018-09-28T03:35:58","date_gmt":"2018-09-28T03:35:58","guid":{"rendered":"http:\/\/www.sewbc.com\/?page_id=34"},"modified":"2024-10-24T15:35:55","modified_gmt":"2024-10-24T15:35:55","slug":"hakkimizda","status":"publish","type":"page","link":"https:\/\/www.sewbc.com\/tr\/hakkimizda","title":{"rendered":"Hakk\u0131m\u0131zda"},"content":{"rendered":"<p><strong>\u015eangay Ba\u015far\u0131 \u0130n\u015faat Uluslararas\u0131 Ticaret A.\u015e.<\/strong><\/p>\n<p>Profesyonel bir ask\u0131ya al\u0131nm\u0131\u015f platform \u00fcreticisi ve tedarik\u00e7isi olarak, m\u00fc\u015fterilerimize en g\u00fcvenilir \u00fcr\u00fcnleri ve m\u00fckemmel hizmeti sunuyoruz. \u00c7in ekonomisinin h\u0131zl\u0131 geli\u015fimi ile h\u0131zl\u0131 bir b\u00fcy\u00fcme ya\u015f\u0131yoruz. \u00dcr\u00fcnlerimiz \u015fu anda a\u011f\u0131rl\u0131kl\u0131 olarak Dominik Cumhuriyeti, Maldivler, Hindistan, Malezya, \u0130talya, ABD, \u0130spanya, T\u00fcrkiye ve G\u00fcney Afrika'ya ihra\u00e7 edilmektedir....<\/p>\n<p>Ekibimiz bu i\u015f kolunda 8 y\u0131ldan fazla deneyime sahiptir. \u00dcr\u00fcnlerimiz a\u011f\u0131rl\u0131kl\u0131 olarak asma platform ve in\u015faat asans\u00f6r\u00fc i\u00e7in yedek par\u00e7alar\u0131 i\u00e7erir, M\u00fc\u015fterilerin \u00f6zel ihtiya\u00e7lar\u0131na g\u00f6re \u00fcr\u00fcnler \u00fcretebiliriz.\u00a0<span id=\"more-12\"><\/span>D\u00fcnyadaki m\u00fc\u015fterilerimiz i\u00e7in yenilik\u00e7i cevaplar sa\u011flayabilece\u011fimize inan\u0131yoruz.<!--more--> Tam uygulama, \u015firket k\u00fclt\u00fcr\u00fc yap\u0131s\u0131n\u0131 benimsemi\u015f, kurumsal birli\u011fi, kurumsal de\u011ferleri, strateji ve i\u015f geli\u015ftirme personelini organik bir birlik, uyumluluk operat\u00f6r\u00fc kavram\u0131 ve \u00e7al\u0131\u015fanlar\u0131n kavram\u0131, \u00e7al\u0131\u015fanlar\u0131n i\u00e7 d\u00fcnyas\u0131 d\u0131\u015f \u00e7evre geli\u015ftirilmi\u015f, uyumlu bir i\u015fletme in\u015fa edildi.<\/p>\n<p><a href=\"https:\/\/www.sewbc.com\/wp-content\/uploads\/about2.jpg\"><img loading=\"lazy\" decoding=\"async\" class=\"alignnone wp-image-787 size-full\" src=\"https:\/\/www.sewbc.com\/wp-content\/uploads\/about2.jpg\" alt=\"yakla\u015f\u0131k 2\" width=\"567\" height=\"210\" srcset=\"https:\/\/www.sewbc.com\/wp-content\/uploads\/about2.jpg 567w, https:\/\/www.sewbc.com\/wp-content\/uploads\/about2-300x111.jpg 300w\" sizes=\"auto, (max-width: 567px) 100vw, 567px\" \/><\/a><\/p>\n<p>Firmam\u0131zda 5 - 10 Ki\u015fi Ar-Ge M\u00fchendis(ler)i bulunmaktad\u0131r. Ar-Ge, \u015firketin temel departmanlar\u0131, yeni \u00fcr\u00fcnlerin omuz ara\u015ft\u0131rma ve geli\u015ftirme, \u00fcr\u00fcn \u00f6zelliklerini iyile\u015ftirme g\u00f6revidir. \u0130\u015f ak\u0131\u015f\u0131 Ar-Ge merkezi, be\u015f ad\u0131m\u0131n belirli planlama, tasar\u0131m, uygulama, test ve bak\u0131m\u0131na b\u00f6l\u00fcnm\u00fc\u015f CMM modeline dayanmaktad\u0131r. Planlama, tasar\u0131m a\u015famas\u0131n\u0131n sonunda, uygulama a\u015famas\u0131nda periyodik kontrollerin yap\u0131lmas\u0131, her biri \u00e7al\u0131\u015ft\u0131r\u0131labilecek ayr\u0131 bir versiyona sahip olduktan sonra \u00fc\u00e7 test ve kabul testi ve incelemesi olacak, ard\u0131ndan test a\u015famas\u0131; test kodu kapsam\u0131, test verileri kapsam\u0131 Bitti\u011finde, m\u00fc\u015fteri hizmetlerini daha da iyile\u015ftirmek ve \u015firketin markas\u0131n\u0131 olu\u015fturmak i\u00e7in \u00fcr\u00fcnler, hizmetler ve y\u00fckseltmeler dahil olmak \u00fczere bak\u0131m a\u015famas\u0131na girin.<\/p>\n<p><a href=\"https:\/\/www.sewbc.com\/wp-content\/uploads\/about1.jpg\"><img loading=\"lazy\" decoding=\"async\" class=\"alignnone wp-image-786 size-full\" src=\"https:\/\/www.sewbc.com\/wp-content\/uploads\/about1.jpg\" alt=\"about1\" width=\"708\" height=\"668\" srcset=\"https:\/\/www.sewbc.com\/wp-content\/uploads\/about1.jpg 708w, https:\/\/www.sewbc.com\/wp-content\/uploads\/about1-300x283.jpg 300w\" sizes=\"auto, (max-width: 708px) 100vw, 708px\" \/><\/a><\/p>\n<p>Herhangi bir \u015fey bizim assisstant bizimle temas kurmaktan \u00e7ekinmeyin. E-posta:\u00a0<a href=\"mailto:sales@buildinglift.com\">sales@buildinglift.com<\/a><\/p>","protected":false},"excerpt":{"rendered":"<p>Shanghai Success Construction International Trade Co., Ltd. As a professional suspended platform manufacturer and supplier, we offer most reliable products and excellent service to our customers. We have been experiencing fast growth with the rapid development of Chinese economy. Our products are currently exported to Our products are mainly exported to Dominican Republic, Maldives, India, [&hellip;]<\/p>\n","protected":false},"author":1,"featured_media":35,"parent":0,"menu_order":0,"comment_status":"closed","ping_status":"closed","template":"templates\/full-width-page.php","meta":{"footnotes":""},"class_list":["post-34","page","type-page","status-publish","has-post-thumbnail","hentry"],"_links":{"self":[{"href":"https:\/\/www.sewbc.com\/tr\/wp-json\/wp\/v2\/pages\/34","targetHints":{"allow":["GET"]}}],"collection":[{"href":"https:\/\/www.sewbc.com\/tr\/wp-json\/wp\/v2\/pages"}],"about":[{"href":"https:\/\/www.sewbc.com\/tr\/wp-json\/wp\/v2\/types\/page"}],"author":[{"embeddable":true,"href":"https:\/\/www.sewbc.com\/tr\/wp-json\/wp\/v2\/users\/1"}],"replies":[{"embeddable":true,"href":"https:\/\/www.sewbc.com\/tr\/wp-json\/wp\/v2\/comments?post=34"}],"version-history":[{"count":0,"href":"https:\/\/www.sewbc.com\/tr\/wp-json\/wp\/v2\/pages\/34\/revisions"}],"wp:featuredmedia":[{"embeddable":true,"href":"https:\/\/www.sewbc.com\/tr\/wp-json\/wp\/v2\/media\/35"}],"wp:attachment":[{"href":"https:\/\/www.sewbc.com\/tr\/wp-json\/wp\/v2\/media?parent=34"}],"curies":[{"name":"wp","href":"https:\/\/api.w.org\/{rel}","templated":true}]}}