{"id":807,"date":"2018-10-19T06:00:51","date_gmt":"2018-10-19T06:00:51","guid":{"rendered":"https:\/\/www.sewbc.com\/?page_id=807"},"modified":"2021-09-14T07:49:40","modified_gmt":"2021-09-14T07:49:40","slug":"losningar","status":"publish","type":"page","link":"https:\/\/www.sewbc.com\/sv\/losningar","title":{"rendered":"l\u00f6sningar"},"content":{"rendered":"<p>Upph\u00e4ngda plattformssystem ger tillf\u00e4llig \u00e5tkomst till h\u00f6jder \u2013 f\u00f6r byggnadsunderh\u00e5ll, p\u00e5 byggarbetsplatser eller i industriella milj\u00f6er. V\u00e5r produkt erbjuder modul\u00e4ra upph\u00e4ngda plattformssystem som \u00e4r otroligt l\u00e4tta att montera.<\/p>\n<p>Vi forts\u00e4tter att arbeta f\u00f6r g\u00e4ster som tillhandah\u00e5ller m\u00e4nskliga systeml\u00f6sningar och tillhandah\u00e5ller b\u00e4sta support och tj\u00e4nster. P\u00e5 grund av det formidabla tekniska teamet har vi tillhandah\u00e5llit h\u00f6gkvalitativ reseservice till alla g\u00e4ster. Vi har ocks\u00e5 v\u00e5ra tekniska l\u00f6sningar och hanteringsl\u00f6sningar tillg\u00e4ngliga f\u00f6r att g\u00f6ra din utrustning mer produktiv och effektiv och f\u00f6r att hj\u00e4lpa dig att mer effektivt hantera utrustningsflottor och drift. Snabbare svarshastighet f\u00f6r tj\u00e4nsten f\u00f6r att spara tid. Modernt transportn\u00e4t av j\u00e4rnv\u00e4g och flyg, se till att alla reservdelar levererades i tid.<\/p>","protected":false},"excerpt":{"rendered":"<p>Suspended Platform Systems provide temporary access to heights \u2013 for building maintenance, at construction sites or in industrial environments. Our product offers modular Suspended Platform Systems which are incredibly easy to assemble. We continue to work for guests providing humanity system solutions and provide best support and services. Because of the formidable technical team, we [&hellip;]<\/p>\n","protected":false},"author":1,"featured_media":0,"parent":0,"menu_order":0,"comment_status":"closed","ping_status":"closed","template":"templates\/full-width-page.php","meta":{"footnotes":""},"class_list":["post-807","page","type-page","status-publish","hentry"],"_links":{"self":[{"href":"https:\/\/www.sewbc.com\/sv\/wp-json\/wp\/v2\/pages\/807","targetHints":{"allow":["GET"]}}],"collection":[{"href":"https:\/\/www.sewbc.com\/sv\/wp-json\/wp\/v2\/pages"}],"about":[{"href":"https:\/\/www.sewbc.com\/sv\/wp-json\/wp\/v2\/types\/page"}],"author":[{"embeddable":true,"href":"https:\/\/www.sewbc.com\/sv\/wp-json\/wp\/v2\/users\/1"}],"replies":[{"embeddable":true,"href":"https:\/\/www.sewbc.com\/sv\/wp-json\/wp\/v2\/comments?post=807"}],"version-history":[{"count":0,"href":"https:\/\/www.sewbc.com\/sv\/wp-json\/wp\/v2\/pages\/807\/revisions"}],"wp:attachment":[{"href":"https:\/\/www.sewbc.com\/sv\/wp-json\/wp\/v2\/media?parent=807"}],"curies":[{"name":"wp","href":"https:\/\/api.w.org\/{rel}","templated":true}]}}