{"id":34,"date":"2018-09-28T03:35:58","date_gmt":"2018-09-28T03:35:58","guid":{"rendered":"http:\/\/www.sewbc.com\/?page_id=34"},"modified":"2024-10-24T15:35:55","modified_gmt":"2024-10-24T15:35:55","slug":"om-oss","status":"publish","type":"page","link":"https:\/\/www.sewbc.com\/sv\/om-oss","title":{"rendered":"Om oss"},"content":{"rendered":"<p><strong>Shanghai Framg\u00e5ng Konstruktion International Trade Co, Ltd<\/strong><\/p>\n<p>Som en professionell suspenderad plattformstillverkare och leverant\u00f6r erbjuder vi de mest tillf\u00f6rlitliga produkterna och utm\u00e4rkt service till v\u00e5ra kunder. Vi har upplevt snabb tillv\u00e4xt med den snabba utvecklingen av den kinesiska ekonomin. V\u00e5ra produkter exporteras f\u00f6r n\u00e4rvarande till V\u00e5ra produkter exporteras huvudsakligen till Dominikanska republiken, Maldiverna, Indien, Malaysia, Italien, USA, Spanien, Turkiet och Sydafrika....<\/p>\n<p>V\u00e5rt team har mer \u00e4n 8 \u00e5rs erfarenhet av denna linje av bussiness. V\u00e5ra produkter omfattar huvudsakligen upph\u00e4ngd plattform och reservdelar f\u00f6r bygghiss, vi kan producera produkter enligt kundernas speciella krav.\u00a0<span id=\"more-12\"><\/span>Vi tror att vi kan erbjuda innovativa svar f\u00f6r v\u00e5ra kunder runt om i v\u00e4rlden.<!--more--> fullt genomf\u00f6rande har mina egenskaper hos f\u00f6retagskulturen konstruktion, fr\u00e4mjar f\u00f6retagsanda, \u00f6va f\u00f6retagets v\u00e4rderingar, strategi och aff\u00e4rsutveckling personal f\u00f6r att uppn\u00e5 visionen om en organisk enhet, harmoni operat\u00f6rskoncept och begreppet anst\u00e4llda, anst\u00e4lldes inre v\u00e4rld synkroniseras med yttre milj\u00f6 f\u00f6rb\u00e4ttras, bygga ett harmoniskt f\u00f6retag.<\/p>\n<p><a href=\"https:\/\/www.sewbc.com\/wp-content\/uploads\/about2.jpg\"><img loading=\"lazy\" decoding=\"async\" class=\"alignnone wp-image-787 size-full\" src=\"https:\/\/www.sewbc.com\/wp-content\/uploads\/about2.jpg\" alt=\"about2\" width=\"567\" height=\"210\" srcset=\"https:\/\/www.sewbc.com\/wp-content\/uploads\/about2.jpg 567w, https:\/\/www.sewbc.com\/wp-content\/uploads\/about2-300x111.jpg 300w\" sizes=\"auto, (max-width: 567px) 100vw, 567px\" \/><\/a><\/p>\n<p>Det finns 5 - 10 personer FoU-ingenj\u00f6r (er) i v\u00e5rt f\u00f6retag. R &amp; D \u00e4r f\u00f6retagets k\u00e4rnavdelningar, axlar forskning och utveckling av nya produkter, f\u00f6rb\u00e4ttrar produktfunktionernas uppgift. Workflow R &amp; D-center \u00e4r baserat p\u00e5 CMM-modellen trimmad, uppdelad i specifik planering, design, implementering, testning och underh\u00e5ll av fem steg. I slutet av planerings-, designfasen, utf\u00f6r periodiska kontroller i implementeringsfasen kommer att vara tre test- och acceptanstestning ochinspektion efter varje har en separat version som kan k\u00f6ras, f\u00f6ljt av testfasen; testkodt\u00e4ckning, testdatat\u00e4ckning N\u00e4r du \u00e4r klar, g\u00e5 in i underh\u00e5llsfasen, inklusive produkter, tj\u00e4nster och uppgraderingar f\u00f6r att ytterligare f\u00f6rb\u00e4ttra kundservice och etablera f\u00f6retagets varum\u00e4rke.<\/p>\n<p><a href=\"https:\/\/www.sewbc.com\/wp-content\/uploads\/about1.jpg\"><img loading=\"lazy\" decoding=\"async\" class=\"alignnone wp-image-786 size-full\" src=\"https:\/\/www.sewbc.com\/wp-content\/uploads\/about1.jpg\" alt=\"about1\" width=\"708\" height=\"668\" srcset=\"https:\/\/www.sewbc.com\/wp-content\/uploads\/about1.jpg 708w, https:\/\/www.sewbc.com\/wp-content\/uploads\/about1-300x283.jpg 300w\" sizes=\"auto, (max-width: 708px) 100vw, 708px\" \/><\/a><\/p>\n<p>N\u00e5got beh\u00f6ver vi ha hj\u00e4lp med att kontakta oss. E-post:\u00a0<a href=\"mailto:sales@buildinglift.com\">sales@buildinglift.com<\/a><\/p>","protected":false},"excerpt":{"rendered":"<p>Shanghai Success Construction International Trade Co., Ltd. As a professional suspended platform manufacturer and supplier, we offer most reliable products and excellent service to our customers. We have been experiencing fast growth with the rapid development of Chinese economy. Our products are currently exported to Our products are mainly exported to Dominican Republic, Maldives, India, [&hellip;]<\/p>\n","protected":false},"author":1,"featured_media":35,"parent":0,"menu_order":0,"comment_status":"closed","ping_status":"closed","template":"templates\/full-width-page.php","meta":{"footnotes":""},"class_list":["post-34","page","type-page","status-publish","has-post-thumbnail","hentry"],"_links":{"self":[{"href":"https:\/\/www.sewbc.com\/sv\/wp-json\/wp\/v2\/pages\/34","targetHints":{"allow":["GET"]}}],"collection":[{"href":"https:\/\/www.sewbc.com\/sv\/wp-json\/wp\/v2\/pages"}],"about":[{"href":"https:\/\/www.sewbc.com\/sv\/wp-json\/wp\/v2\/types\/page"}],"author":[{"embeddable":true,"href":"https:\/\/www.sewbc.com\/sv\/wp-json\/wp\/v2\/users\/1"}],"replies":[{"embeddable":true,"href":"https:\/\/www.sewbc.com\/sv\/wp-json\/wp\/v2\/comments?post=34"}],"version-history":[{"count":0,"href":"https:\/\/www.sewbc.com\/sv\/wp-json\/wp\/v2\/pages\/34\/revisions"}],"wp:featuredmedia":[{"embeddable":true,"href":"https:\/\/www.sewbc.com\/sv\/wp-json\/wp\/v2\/media\/35"}],"wp:attachment":[{"href":"https:\/\/www.sewbc.com\/sv\/wp-json\/wp\/v2\/media?parent=34"}],"curies":[{"name":"wp","href":"https:\/\/api.w.org\/{rel}","templated":true}]}}