{"id":807,"date":"2018-10-19T06:00:51","date_gmt":"2018-10-19T06:00:51","guid":{"rendered":"https:\/\/www.sewbc.com\/?page_id=807"},"modified":"2021-09-14T07:49:40","modified_gmt":"2021-09-14T07:49:40","slug":"zgjidhjet","status":"publish","type":"page","link":"https:\/\/www.sewbc.com\/sq\/zgjidhjet","title":{"rendered":"Zgjidhjet"},"content":{"rendered":"<p>Sistemet e platformave t\u00eb pezulluara sigurojn\u00eb qasje t\u00eb p\u00ebrkohshme n\u00eb lart\u00ebsi - p\u00ebr mir\u00ebmbajtjen e nd\u00ebrtes\u00ebs, n\u00eb vendet e nd\u00ebrtimit ose n\u00eb mjediset industriale. Produkti yn\u00eb ofron sisteme modulare t\u00eb platformave t\u00eb suspenduara t\u00eb cilat jan\u00eb tep\u00ebr t\u00eb lehta p\u00ebr t&#039;u grumbulluar.<\/p>\n<p>Ne vazhdojm\u00eb t\u00eb punojm\u00eb p\u00ebr mysafir\u00ebt q\u00eb ofrojn\u00eb zgjidhje t\u00eb sistemit njer\u00ebzor dhe ofrojn\u00eb mb\u00ebshtetje dhe sh\u00ebrbime m\u00eb t\u00eb mira. P\u00ebr shkak t\u00eb ekipit t\u00eb friksh\u00ebm teknik, ne kemi ofruar sh\u00ebrbim me cil\u00ebsi t\u00eb lart\u00eb turne p\u00ebr t\u00eb gjith\u00eb mysafir\u00ebt. Ne gjithashtu kemi n\u00eb dispozicion zgjidhjet tona teknike dhe t\u00eb menaxhimit, p\u00ebr t\u00eb ndihmuar n\u00eb pajisjen tuaj m\u00eb produktive dhe efikase dhe p\u00ebr t&#039;ju ndihmuar n\u00eb menaxhimin m\u00eb efektiv t\u00eb flot\u00ebs dhe operacioneve t\u00eb pajisjeve. Shpejt\u00ebsi m\u00eb t\u00eb shpejt\u00eb t\u00eb p\u00ebrgjigjes s\u00eb sh\u00ebrbimit p\u00ebr t\u00eb kursyer koh\u00ebn tuaj. Rrjeti modern i transportit hekurudhor dhe aviacionit, sigurohuni q\u00eb t\u00eb gjitha pjes\u00ebt rezerv\u00eb t\u00eb dor\u00ebzohen n\u00eb koh\u00eb.<\/p>","protected":false},"excerpt":{"rendered":"<p>Suspended Platform Systems provide temporary access to heights \u2013 for building maintenance, at construction sites or in industrial environments. Our product offers modular Suspended Platform Systems which are incredibly easy to assemble. We continue to work for guests providing humanity system solutions and provide best support and services. Because of the formidable technical team, we [&hellip;]<\/p>\n","protected":false},"author":1,"featured_media":0,"parent":0,"menu_order":0,"comment_status":"closed","ping_status":"closed","template":"templates\/full-width-page.php","meta":{"footnotes":""},"class_list":["post-807","page","type-page","status-publish","hentry"],"_links":{"self":[{"href":"https:\/\/www.sewbc.com\/sq\/wp-json\/wp\/v2\/pages\/807","targetHints":{"allow":["GET"]}}],"collection":[{"href":"https:\/\/www.sewbc.com\/sq\/wp-json\/wp\/v2\/pages"}],"about":[{"href":"https:\/\/www.sewbc.com\/sq\/wp-json\/wp\/v2\/types\/page"}],"author":[{"embeddable":true,"href":"https:\/\/www.sewbc.com\/sq\/wp-json\/wp\/v2\/users\/1"}],"replies":[{"embeddable":true,"href":"https:\/\/www.sewbc.com\/sq\/wp-json\/wp\/v2\/comments?post=807"}],"version-history":[{"count":0,"href":"https:\/\/www.sewbc.com\/sq\/wp-json\/wp\/v2\/pages\/807\/revisions"}],"wp:attachment":[{"href":"https:\/\/www.sewbc.com\/sq\/wp-json\/wp\/v2\/media?parent=807"}],"curies":[{"name":"wp","href":"https:\/\/api.w.org\/{rel}","templated":true}]}}