{"id":34,"date":"2018-09-28T03:35:58","date_gmt":"2018-09-28T03:35:58","guid":{"rendered":"http:\/\/www.sewbc.com\/?page_id=34"},"modified":"2024-10-24T15:35:55","modified_gmt":"2024-10-24T15:35:55","slug":"rreth-nesh","status":"publish","type":"page","link":"https:\/\/www.sewbc.com\/sq\/rreth-nesh","title":{"rendered":"Rreth nesh"},"content":{"rendered":"<p><strong>Suksesi i suksesit n\u00eb nd\u00ebrtim Shanghai Trade Co, Ltd<\/strong><\/p>\n<p>Si prodhues dhe furnizues profesional i platformave t\u00eb pezulluara, ne ofrojm\u00eb produktet m\u00eb t\u00eb besueshme dhe sh\u00ebrbim t\u00eb shk\u00eblqyer p\u00ebr klient\u00ebt tan\u00eb. Ne kemi p\u00ebrjetuar rritje t\u00eb shpejt\u00eb me zhvillimin e shpejt\u00eb t\u00eb ekonomis\u00eb kineze. Produktet tona aktualisht eksportohen kryesisht n\u00eb Republik\u00ebn Dominikane, Maldive, Indi, Malajzi, Itali, SHBA, Spanj\u00eb, Turqi dhe Afrik\u00ebn e Jugut\u2026.<\/p>\n<p>Ekipi yn\u00eb ka m\u00eb shum\u00eb se 8 vjet p\u00ebrvoj\u00eb n\u00eb k\u00ebt\u00eb linj\u00eb biznesi. Produktet tona p\u00ebrfshijn\u00eb kryesisht platforma t\u00eb varura dhe pjes\u00eb k\u00ebmbimi p\u00ebr vin\u00e7a nd\u00ebrtimi. Ne mund t\u00eb prodhojm\u00eb produkte sipas k\u00ebrkesave t\u00eb ve\u00e7anta t\u00eb klient\u00ebve.\u00a0<span id=\"more-12\"><\/span>ne besojm\u00eb se mund t\u00eb japim p\u00ebrgjigje t\u00eb reja p\u00ebr klient\u00ebt tan\u00eb n\u00eb mbar\u00eb bot\u00ebn.<!--more--> zbatimin e plot\u00eb t\u00eb karakteristikave t\u00eb mia t\u00eb nd\u00ebrtimit t\u00eb kultur\u00ebs s\u00eb kompanis\u00eb, t\u00eb promovoj\u00eb frym\u00ebn e nd\u00ebrmarrjes, t\u00eb praktikoj\u00eb vlerat e korporatave, strategjin\u00eb dhe stafin e zhvillimit t\u00eb biznesit p\u00ebr t\u00eb arritur vizionin e nj\u00eb uniteti organik, konceptin e operatorit t\u00eb harmonis\u00eb dhe konceptin e punonj\u00ebsve, bot\u00ebn e brendshme t\u00eb punonj\u00ebsve t\u00eb sinkronizuar me p\u00ebrmir\u00ebsuar mjedisin e jasht\u00ebm, duke nd\u00ebrtuar nj\u00eb nd\u00ebrmarrje harmonike.<\/p>\n<p><a href=\"https:\/\/www.sewbc.com\/wp-content\/uploads\/about2.jpg\"><img loading=\"lazy\" decoding=\"async\" class=\"alignnone wp-image-787 size-full\" src=\"https:\/\/www.sewbc.com\/wp-content\/uploads\/about2.jpg\" alt=\"about2\" width=\"567\" height=\"210\" srcset=\"https:\/\/www.sewbc.com\/wp-content\/uploads\/about2.jpg 567w, https:\/\/www.sewbc.com\/wp-content\/uploads\/about2-300x111.jpg 300w\" sizes=\"auto, (max-width: 567px) 100vw, 567px\" \/><\/a><\/p>\n<p>Kompania jon\u00eb ka 5-10 Inxhinier\u00eb K\u00ebrkim-Zhvillim (R&amp;D). R&amp;D \u00ebsht\u00eb departamenti kryesor i kompanis\u00eb, i cili merret me k\u00ebrkimin dhe zhvillimin e produkteve t\u00eb reja, si dhe me detyrat e p\u00ebrmir\u00ebsimit t\u00eb karakteristikave t\u00eb produktit. Qendra e rrjedh\u00ebs s\u00eb pun\u00ebs s\u00eb R&amp;D bazohet n\u00eb modelin CMM t\u00eb shkurtuar, t\u00eb ndar\u00eb n\u00eb planifikim specifik, projektim, zbatim, testim dhe mir\u00ebmbajtje n\u00eb pes\u00eb hapa. N\u00eb fund t\u00eb faz\u00ebs s\u00eb planifikimit, projektimit, kryhen kontrolle periodike n\u00eb faz\u00ebn e zbatimit, ku do t\u00eb ket\u00eb tre testime dhe pranime, testime dhe inspektime, pasi secila prej tyre t\u00eb ket\u00eb nj\u00eb version t\u00eb ve\u00e7ant\u00eb q\u00eb mund t\u00eb ekzekutohet, t\u00eb ndjekura nga faza e testimit; mbulimi i kodit t\u00eb testimit, mbulimi i t\u00eb dh\u00ebnave t\u00eb testimit. Kur t\u00eb keni mbaruar, kaloni n\u00eb faz\u00ebn e mir\u00ebmbajtjes, duke p\u00ebrfshir\u00eb produktet, sh\u00ebrbimet dhe p\u00ebrmir\u00ebsimet p\u00ebr t\u00eb p\u00ebrmir\u00ebsuar m\u00eb tej sh\u00ebrbimin ndaj klientit dhe p\u00ebr t\u00eb vendosur mark\u00ebn e kompanis\u00eb.<\/p>\n<p><a href=\"https:\/\/www.sewbc.com\/wp-content\/uploads\/about1.jpg\"><img loading=\"lazy\" decoding=\"async\" class=\"alignnone wp-image-786 size-full\" src=\"https:\/\/www.sewbc.com\/wp-content\/uploads\/about1.jpg\" alt=\"about1\" width=\"708\" height=\"668\" srcset=\"https:\/\/www.sewbc.com\/wp-content\/uploads\/about1.jpg 708w, https:\/\/www.sewbc.com\/wp-content\/uploads\/about1-300x283.jpg 300w\" sizes=\"auto, (max-width: 708px) 100vw, 708px\" \/><\/a><\/p>\n<p>\u00c7do gj\u00eb q\u00eb ka nevoj\u00eb p\u00ebr ndihm\u00ebsit ton\u00eb t\u00eb ndjehen t\u00eb lir\u00eb t\u00eb na kontaktoni. Email:\u00a0<a href=\"mailto:sales@buildinglift.com\">sales@buildinglift.com<\/a><\/p>","protected":false},"excerpt":{"rendered":"<p>Shanghai Success Construction International Trade Co., Ltd. As a professional suspended platform manufacturer and supplier, we offer most reliable products and excellent service to our customers. We have been experiencing fast growth with the rapid development of Chinese economy. Our products are currently exported to Our products are mainly exported to Dominican Republic, Maldives, India, [&hellip;]<\/p>\n","protected":false},"author":1,"featured_media":35,"parent":0,"menu_order":0,"comment_status":"closed","ping_status":"closed","template":"templates\/full-width-page.php","meta":{"footnotes":""},"class_list":["post-34","page","type-page","status-publish","has-post-thumbnail","hentry"],"_links":{"self":[{"href":"https:\/\/www.sewbc.com\/sq\/wp-json\/wp\/v2\/pages\/34","targetHints":{"allow":["GET"]}}],"collection":[{"href":"https:\/\/www.sewbc.com\/sq\/wp-json\/wp\/v2\/pages"}],"about":[{"href":"https:\/\/www.sewbc.com\/sq\/wp-json\/wp\/v2\/types\/page"}],"author":[{"embeddable":true,"href":"https:\/\/www.sewbc.com\/sq\/wp-json\/wp\/v2\/users\/1"}],"replies":[{"embeddable":true,"href":"https:\/\/www.sewbc.com\/sq\/wp-json\/wp\/v2\/comments?post=34"}],"version-history":[{"count":0,"href":"https:\/\/www.sewbc.com\/sq\/wp-json\/wp\/v2\/pages\/34\/revisions"}],"wp:featuredmedia":[{"embeddable":true,"href":"https:\/\/www.sewbc.com\/sq\/wp-json\/wp\/v2\/media\/35"}],"wp:attachment":[{"href":"https:\/\/www.sewbc.com\/sq\/wp-json\/wp\/v2\/media?parent=34"}],"curies":[{"name":"wp","href":"https:\/\/api.w.org\/{rel}","templated":true}]}}