{"id":807,"date":"2018-10-19T06:00:51","date_gmt":"2018-10-19T06:00:51","guid":{"rendered":"https:\/\/www.sewbc.com\/?page_id=807"},"modified":"2021-09-14T07:49:40","modified_gmt":"2021-09-14T07:49:40","slug":"resitve","status":"publish","type":"page","link":"https:\/\/www.sewbc.com\/sl\/resitve","title":{"rendered":"re\u0161itve"},"content":{"rendered":"<p>Vise\u010di platformni sistemi zagotavljajo za\u010dasni dostop do vi\u0161in - za vzdr\u017eevanje stavb, na gradbi\u0161\u010dih ali v industrijskih okoljih. Na\u0161 izdelek ponuja modularne sisteme vzmetenih plo\u0161\u010dadi, ki jih je mogo\u010de enostavno sestaviti.<\/p>\n<p>\u0160e naprej delamo za goste, ki zagotavljajo sistemske re\u0161itve \u010dlove\u0161tva in zagotavljajo najbolj\u0161o podporo in storitve. Zaradi resni\u010dne tehni\u010dne ekipe smo vsem gostom ponudili visoko kakovostno potovalno storitev. Na voljo imamo tudi na\u0161e tehni\u010dne in upravljalne re\u0161itve, ki bodo pripomogle k ve\u010dji produktivnosti in u\u010dinkovitosti va\u0161e opreme ter vam pomagali u\u010dinkoviteje upravljati vozne parke in operacije. Hitrej\u0161a hitrost odziva storitve, da prihranite \u010das. Sodobna transportna mre\u017ea \u017eeleznice in letalstva, poskrbite, da bodo vsi rezervni deli pravo\u010dasno dostavljeni.<\/p>","protected":false},"excerpt":{"rendered":"<p>Suspended Platform Systems provide temporary access to heights \u2013 for building maintenance, at construction sites or in industrial environments. Our product offers modular Suspended Platform Systems which are incredibly easy to assemble. We continue to work for guests providing humanity system solutions and provide best support and services. Because of the formidable technical team, we [&hellip;]<\/p>\n","protected":false},"author":1,"featured_media":0,"parent":0,"menu_order":0,"comment_status":"closed","ping_status":"closed","template":"templates\/full-width-page.php","meta":{"footnotes":""},"class_list":["post-807","page","type-page","status-publish","hentry"],"_links":{"self":[{"href":"https:\/\/www.sewbc.com\/sl\/wp-json\/wp\/v2\/pages\/807","targetHints":{"allow":["GET"]}}],"collection":[{"href":"https:\/\/www.sewbc.com\/sl\/wp-json\/wp\/v2\/pages"}],"about":[{"href":"https:\/\/www.sewbc.com\/sl\/wp-json\/wp\/v2\/types\/page"}],"author":[{"embeddable":true,"href":"https:\/\/www.sewbc.com\/sl\/wp-json\/wp\/v2\/users\/1"}],"replies":[{"embeddable":true,"href":"https:\/\/www.sewbc.com\/sl\/wp-json\/wp\/v2\/comments?post=807"}],"version-history":[{"count":0,"href":"https:\/\/www.sewbc.com\/sl\/wp-json\/wp\/v2\/pages\/807\/revisions"}],"wp:attachment":[{"href":"https:\/\/www.sewbc.com\/sl\/wp-json\/wp\/v2\/media?parent=807"}],"curies":[{"name":"wp","href":"https:\/\/api.w.org\/{rel}","templated":true}]}}