{"id":34,"date":"2018-09-28T03:35:58","date_gmt":"2018-09-28T03:35:58","guid":{"rendered":"http:\/\/www.sewbc.com\/?page_id=34"},"modified":"2024-10-24T15:35:55","modified_gmt":"2024-10-24T15:35:55","slug":"o-nas","status":"publish","type":"page","link":"https:\/\/www.sewbc.com\/sl\/o-nas","title":{"rendered":"O nas"},"content":{"rendered":"<p><strong>Shanghai Success Gradbeni\u0161tvo International Trade Co, Ltd<\/strong><\/p>\n<p>Kot profesionalni proizvajalec in dobavitelj vise\u010dih plo\u0161\u010dadi svojim strankam ponujamo najbolj zanesljive izdelke in odli\u010dne storitve. S hitrim razvojem kitajskega gospodarstva do\u017eivljamo hitro rast. Na\u0161e izdelke trenutno izva\u017eamo v Na\u0161e izdelke izva\u017eamo predvsem v Dominikansko republiko, na Maldive, v Indijo, Malezijo, Italijo, ZDA, \u0160panijo, Tur\u010dijo in Ju\u017eno Afriko....<\/p>\n<p>Na\u0161a ekipa ima ve\u010d kot 8 let izku\u0161enj na tem podro\u010dju. Na\u0161i izdelki v glavnem vklju\u010dujejo vise\u010do plo\u0161\u010dad in rezervne dele za gradbena dvigala, Izdelujemo lahko izdelke po posebnih zahtevah strank.\u00a0<span id=\"more-12\"><\/span>verjamemo, da lahko ponujamo inovativne odgovore za na\u0161e stranke po vsem svetu.<!--more--> polno izvajanje imajo moje zna\u010dilnosti gradnje kulture podjetja, spodbujajo duh podjetja, uveljavljajo korporacijske vrednote, strategijo in poslovno razvojno osebje, da bi dosegli vizijo ekolo\u0161ke enotnosti, koncepta harmonije operaterja in koncepta zaposlenih, notranji svet zaposlenih, sinhroniziran z izbolj\u0161alo zunanje okolje, zgradilo skladno podjetje.<\/p>\n<p><a href=\"https:\/\/www.sewbc.com\/wp-content\/uploads\/about2.jpg\"><img loading=\"lazy\" decoding=\"async\" class=\"alignnone wp-image-787 size-full\" src=\"https:\/\/www.sewbc.com\/wp-content\/uploads\/about2.jpg\" alt=\"pribli\u017eno2\" width=\"567\" height=\"210\" srcset=\"https:\/\/www.sewbc.com\/wp-content\/uploads\/about2.jpg 567w, https:\/\/www.sewbc.com\/wp-content\/uploads\/about2-300x111.jpg 300w\" sizes=\"auto, (max-width: 567px) 100vw, 567px\" \/><\/a><\/p>\n<p>V na\u0161em podjetju je 5 - 10 ljudi, ki se ukvarjajo z raziskavami in razvojem. R &amp; D je osrednji oddelek podjetja, ki se ukvarja z raziskavami in razvojem novih izdelkov, izbolj\u0161anjem lastnosti izdelkov. Delovni proces centra R &amp; D temelji na modelu CMM, ki je razdeljen na posebno na\u010drtovanje, oblikovanje, izvajanje, presku\u0161anje in vzdr\u017eevanje petih korakov. Ob koncu faze na\u010drtovanja, oblikovanja, izvajanja rednih pregledov v fazi izvajanja bodo trije testi in sprejemni testi ter pregledi, potem ko ima vsak lo\u010deno razli\u010dico, ki jo je mogo\u010de zagnati, sledi faza testiranja; testiranje pokritosti kode, testiranje pokritosti podatkov Po kon\u010dani fazi vstopite v fazo vzdr\u017eevanja, vklju\u010dno z izdelki, storitvami in posodobitvami za nadaljnje izbolj\u0161anje storitev za stranke in vzpostavitev blagovne znamke podjetja.<\/p>\n<p><a href=\"https:\/\/www.sewbc.com\/wp-content\/uploads\/about1.jpg\"><img loading=\"lazy\" decoding=\"async\" class=\"alignnone wp-image-786 size-full\" src=\"https:\/\/www.sewbc.com\/wp-content\/uploads\/about1.jpg\" alt=\"pribli\u017eno1\" width=\"708\" height=\"668\" srcset=\"https:\/\/www.sewbc.com\/wp-content\/uploads\/about1.jpg 708w, https:\/\/www.sewbc.com\/wp-content\/uploads\/about1-300x283.jpg 300w\" sizes=\"auto, (max-width: 708px) 100vw, 708px\" \/><\/a><\/p>\n<p>Vse, kar potrebuje na\u0161 asistent, vas prosimo, da nas kontaktirate. E-naslov:\u00a0<a href=\"mailto:sales@buildinglift.com\">sales@buildinglift.com<\/a><\/p>","protected":false},"excerpt":{"rendered":"<p>Shanghai Success Construction International Trade Co., Ltd. As a professional suspended platform manufacturer and supplier, we offer most reliable products and excellent service to our customers. We have been experiencing fast growth with the rapid development of Chinese economy. Our products are currently exported to Our products are mainly exported to Dominican Republic, Maldives, India, [&hellip;]<\/p>\n","protected":false},"author":1,"featured_media":35,"parent":0,"menu_order":0,"comment_status":"closed","ping_status":"closed","template":"templates\/full-width-page.php","meta":{"footnotes":""},"class_list":["post-34","page","type-page","status-publish","has-post-thumbnail","hentry"],"_links":{"self":[{"href":"https:\/\/www.sewbc.com\/sl\/wp-json\/wp\/v2\/pages\/34","targetHints":{"allow":["GET"]}}],"collection":[{"href":"https:\/\/www.sewbc.com\/sl\/wp-json\/wp\/v2\/pages"}],"about":[{"href":"https:\/\/www.sewbc.com\/sl\/wp-json\/wp\/v2\/types\/page"}],"author":[{"embeddable":true,"href":"https:\/\/www.sewbc.com\/sl\/wp-json\/wp\/v2\/users\/1"}],"replies":[{"embeddable":true,"href":"https:\/\/www.sewbc.com\/sl\/wp-json\/wp\/v2\/comments?post=34"}],"version-history":[{"count":0,"href":"https:\/\/www.sewbc.com\/sl\/wp-json\/wp\/v2\/pages\/34\/revisions"}],"wp:featuredmedia":[{"embeddable":true,"href":"https:\/\/www.sewbc.com\/sl\/wp-json\/wp\/v2\/media\/35"}],"wp:attachment":[{"href":"https:\/\/www.sewbc.com\/sl\/wp-json\/wp\/v2\/media?parent=34"}],"curies":[{"name":"wp","href":"https:\/\/api.w.org\/{rel}","templated":true}]}}