{"id":807,"date":"2018-10-19T06:00:51","date_gmt":"2018-10-19T06:00:51","guid":{"rendered":"https:\/\/www.sewbc.com\/?page_id=807"},"modified":"2021-09-14T07:49:40","modified_gmt":"2021-09-14T07:49:40","slug":"riesenie","status":"publish","type":"page","link":"https:\/\/www.sewbc.com\/sk\/riesenie","title":{"rendered":"rie\u0161enie"},"content":{"rendered":"<p>Z\u00e1vesn\u00e9 plo\u0161inov\u00e9 syst\u00e9my poskytuj\u00fa do\u010dasn\u00fd pr\u00edstup do v\u00fd\u0161ok - na \u00fadr\u017ebu budov, na stavenisk\u00e1ch alebo v priemyselnom prostred\u00ed. N\u00e1\u0161 produkt pon\u00faka modul\u00e1rne zavesen\u00e9 platformov\u00e9 syst\u00e9my, ktor\u00e9 s\u00fa neuverite\u013ene jednoduch\u00e9.<\/p>\n<p>Na\u010falej pracujeme pre host\u00ed, ktor\u00ed poskytuj\u00fa rie\u0161enia \u013eudsk\u00fdch syst\u00e9mov a poskytuj\u00fa najlep\u0161iu podporu a slu\u017eby. V\u010faka impozantn\u00e9mu technick\u00e9mu t\u00edmu sme pre v\u0161etk\u00fdch host\u00ed poskytli kvalitn\u00e9 cestovn\u00e9 slu\u017eby. M\u00e1me tie\u017e k dispoz\u00edcii na\u0161e technick\u00e9 a mana\u017e\u00e9rskych rie\u0161en\u00ed, ktor\u00e9 pom\u00e1haj\u00fa zvy\u0161ova\u0165 produktivitu a \u00fa\u010dinnos\u0165 v\u00e1\u0161ho zariadenia a pom\u00e1haj\u00fa v\u00e1m efekt\u00edvnej\u0161ie riadi\u0165 flotily a prev\u00e1dzku zariaden\u00ed. R\u00fdchlej\u0161ia r\u00fdchlos\u0165 reakcie slu\u017eby, ktor\u00e1 v\u00e1m u\u0161etr\u00ed \u010das. Modern\u00e1 dopravn\u00e1 sie\u0165 \u017eelezn\u00edc a letectva, uistite sa, \u017ee v\u0161etky n\u00e1hradn\u00e9 diely dostali v\u010das.<\/p>","protected":false},"excerpt":{"rendered":"<p>Suspended Platform Systems provide temporary access to heights \u2013 for building maintenance, at construction sites or in industrial environments. Our product offers modular Suspended Platform Systems which are incredibly easy to assemble. We continue to work for guests providing humanity system solutions and provide best support and services. Because of the formidable technical team, we [&hellip;]<\/p>\n","protected":false},"author":1,"featured_media":0,"parent":0,"menu_order":0,"comment_status":"closed","ping_status":"closed","template":"templates\/full-width-page.php","meta":{"footnotes":""},"class_list":["post-807","page","type-page","status-publish","hentry"],"_links":{"self":[{"href":"https:\/\/www.sewbc.com\/sk\/wp-json\/wp\/v2\/pages\/807","targetHints":{"allow":["GET"]}}],"collection":[{"href":"https:\/\/www.sewbc.com\/sk\/wp-json\/wp\/v2\/pages"}],"about":[{"href":"https:\/\/www.sewbc.com\/sk\/wp-json\/wp\/v2\/types\/page"}],"author":[{"embeddable":true,"href":"https:\/\/www.sewbc.com\/sk\/wp-json\/wp\/v2\/users\/1"}],"replies":[{"embeddable":true,"href":"https:\/\/www.sewbc.com\/sk\/wp-json\/wp\/v2\/comments?post=807"}],"version-history":[{"count":0,"href":"https:\/\/www.sewbc.com\/sk\/wp-json\/wp\/v2\/pages\/807\/revisions"}],"wp:attachment":[{"href":"https:\/\/www.sewbc.com\/sk\/wp-json\/wp\/v2\/media?parent=807"}],"curies":[{"name":"wp","href":"https:\/\/api.w.org\/{rel}","templated":true}]}}