{"id":807,"date":"2018-10-19T06:00:51","date_gmt":"2018-10-19T06:00:51","guid":{"rendered":"https:\/\/www.sewbc.com\/?page_id=807"},"modified":"2021-09-14T07:49:40","modified_gmt":"2021-09-14T07:49:40","slug":"solutii","status":"publish","type":"page","link":"https:\/\/www.sewbc.com\/ro\/solutii","title":{"rendered":"solu\u0163ii"},"content":{"rendered":"<p>Sistemele de platforme suspendate ofer\u0103 acces temporar la \u00een\u0103l\u021bimi - pentru \u00eentre\u021binerea cl\u0103dirilor, pe \u0219antiere sau \u00een medii industriale. Produsul nostru ofer\u0103 platforme suspendate modulare, care sunt incredibil de u\u0219or de asamblat.<\/p>\n<p>Continu\u0103m s\u0103 lucr\u0103m pentru oaspe\u021bii care ofer\u0103 solu\u021bii de sistem umanitar \u0219i ofer\u0103 cel mai bun suport \u0219i servicii. Datorit\u0103 echipei tehnice formidabile, am oferit servicii de turism de \u00eenalt\u0103 calitate tuturor oaspe\u021bilor. De asemenea, avem la dispozi\u021bie solu\u021biile noastre tehnice \u0219i de management, care v\u0103 ajut\u0103 s\u0103 v\u0103 face\u021bi echipamentele mai productive \u0219i mai eficiente \u0219i s\u0103 v\u0103 ajuta\u021bi s\u0103 gestiona\u021bi mai eficient flotele \u0219i opera\u021biunile echipelor. Vitez\u0103 mai rapid\u0103 de r\u0103spuns a serviciului pentru a v\u0103 salva timpul. Re\u021beaua modern\u0103 de transport feroviar \u0219i avia\u021bie, asigura\u021bi-v\u0103 c\u0103 toate piesele de schimb au fost livrate la timp.<\/p>","protected":false},"excerpt":{"rendered":"<p>Suspended Platform Systems provide temporary access to heights \u2013 for building maintenance, at construction sites or in industrial environments. Our product offers modular Suspended Platform Systems which are incredibly easy to assemble. We continue to work for guests providing humanity system solutions and provide best support and services. Because of the formidable technical team, we [&hellip;]<\/p>\n","protected":false},"author":1,"featured_media":0,"parent":0,"menu_order":0,"comment_status":"closed","ping_status":"closed","template":"templates\/full-width-page.php","meta":{"footnotes":""},"class_list":["post-807","page","type-page","status-publish","hentry"],"_links":{"self":[{"href":"https:\/\/www.sewbc.com\/ro\/wp-json\/wp\/v2\/pages\/807","targetHints":{"allow":["GET"]}}],"collection":[{"href":"https:\/\/www.sewbc.com\/ro\/wp-json\/wp\/v2\/pages"}],"about":[{"href":"https:\/\/www.sewbc.com\/ro\/wp-json\/wp\/v2\/types\/page"}],"author":[{"embeddable":true,"href":"https:\/\/www.sewbc.com\/ro\/wp-json\/wp\/v2\/users\/1"}],"replies":[{"embeddable":true,"href":"https:\/\/www.sewbc.com\/ro\/wp-json\/wp\/v2\/comments?post=807"}],"version-history":[{"count":0,"href":"https:\/\/www.sewbc.com\/ro\/wp-json\/wp\/v2\/pages\/807\/revisions"}],"wp:attachment":[{"href":"https:\/\/www.sewbc.com\/ro\/wp-json\/wp\/v2\/media?parent=807"}],"curies":[{"name":"wp","href":"https:\/\/api.w.org\/{rel}","templated":true}]}}