{"id":34,"date":"2018-09-28T03:35:58","date_gmt":"2018-09-28T03:35:58","guid":{"rendered":"http:\/\/www.sewbc.com\/?page_id=34"},"modified":"2024-10-24T15:35:55","modified_gmt":"2024-10-24T15:35:55","slug":"despre-noi","status":"publish","type":"page","link":"https:\/\/www.sewbc.com\/ro\/despre-noi","title":{"rendered":"Despre noi"},"content":{"rendered":"<p><strong>Shanghai Succes Construction International Trade Co, Ltd.<\/strong><\/p>\n<p>Ca produc\u0103tor \u0219i furnizor profesionist de platforme suspendate, oferim clien\u021bilor no\u0219tri cele mai fiabile produse \u0219i servicii excelente. Ne-am confruntat cu o cre\u0219tere rapid\u0103 odat\u0103 cu dezvoltarea rapid\u0103 a economiei chineze. Produsele noastre sunt exportate \u00een prezent \u00een Produsele noastre sunt exportate \u00een principal \u00een Republica Dominican\u0103, Maldive, India, Malaezia, Italia, SUA, Spania, Turcia \u0219i Africa de Sud....<\/p>\n<p>Echipa noastr\u0103 are mai mult de 8 ani de experien\u021b\u0103 pe aceast\u0103 linie de bussiness. Produsele noastre includ \u00een principal platforma suspendat\u0103 \u0219i piese de schimb pentru troliul de construc\u021bie, Putem produce produse \u00een conformitate cu cerin\u021bele speciale ale clien\u021bilor.\u00a0<span id=\"more-12\"><\/span>credem c\u0103 putem oferi r\u0103spunsuri inovatoare clien\u021bilor no\u0219tri din \u00eentreaga lume.<!--more--> punerea \u00een aplicare complet\u0103 au caracteristicile mele de construc\u021bie a culturii companiei, s\u0103 promoveze spiritul de \u00eentreprindere, practica valorile corporative, strategia \u0219i personalul de dezvoltare a afacerilor pentru a realiza viziunea unei unit\u0103\u021bi organice, conceptul operator de armonie \u0219i conceptul de angaja\u021bi, lumea interioar\u0103 angajat sincronizat cu mediul extern \u00eembun\u0103t\u0103\u021bit, construind o \u00eentreprindere armonioas\u0103.<\/p>\n<p><a href=\"https:\/\/www.sewbc.com\/wp-content\/uploads\/about2.jpg\"><img loading=\"lazy\" decoding=\"async\" class=\"alignnone wp-image-787 size-full\" src=\"https:\/\/www.sewbc.com\/wp-content\/uploads\/about2.jpg\" alt=\"about2\" width=\"567\" height=\"210\" srcset=\"https:\/\/www.sewbc.com\/wp-content\/uploads\/about2.jpg 567w, https:\/\/www.sewbc.com\/wp-content\/uploads\/about2-300x111.jpg 300w\" sizes=\"auto, (max-width: 567px) 100vw, 567px\" \/><\/a><\/p>\n<p>Exist\u0103 5 - 10 persoane Inginer(i) de cercetare \u0219i dezvoltare \u00een compania noastr\u0103. R &amp; D este departamentele de baz\u0103 ale companiei, um\u0103r de cercetare \u0219i dezvoltare de noi produse, \u00eembun\u0103t\u0103\u021bi sarcina caracteristici ale produsului. Workflow R &amp; D centru se bazeaz\u0103 pe modelul CMM tuns, \u00eemp\u0103r\u021bit \u00een planificare specifice, proiectare, implementare, testare \u0219i \u00eentre\u021binere de cinci etape. La sf\u00e2r\u0219itul etapei de planificare, proiectare, efectua\u021bi verific\u0103ri periodice \u00een etapa de implementare vor fi trei teste \u0219i teste de acceptare \u0219iinspec\u021bie dup\u0103 ce fiecare are o versiune separat\u0103 care poate fi executat\u0103, urmat\u0103 de faza de testare; acoperirea codului de testare, acoperirea datelor de testare C\u00e2nd se termin\u0103, intr\u0103 \u00een faza de \u00eentre\u021binere, inclusiv produse, servicii \u0219i actualiz\u0103ri pentru a \u00eembun\u0103t\u0103\u021bi \u00een continuare serviciul pentru clien\u021bi \u0219i pentru a stabili marca companiei.<\/p>\n<p><a href=\"https:\/\/www.sewbc.com\/wp-content\/uploads\/about1.jpg\"><img loading=\"lazy\" decoding=\"async\" class=\"alignnone wp-image-786 size-full\" src=\"https:\/\/www.sewbc.com\/wp-content\/uploads\/about1.jpg\" alt=\"about1\" width=\"708\" height=\"668\" srcset=\"https:\/\/www.sewbc.com\/wp-content\/uploads\/about1.jpg 708w, https:\/\/www.sewbc.com\/wp-content\/uploads\/about1-300x283.jpg 300w\" sizes=\"auto, (max-width: 708px) 100vw, 708px\" \/><\/a><\/p>\n<p>Orice nevoie de asistentul nostru s\u0103 ne contacta\u021bi. E-mail:\u00a0<a href=\"mailto:sales@buildinglift.com\">sales@buildinglift.com<\/a><\/p>","protected":false},"excerpt":{"rendered":"<p>Shanghai Success Construction International Trade Co., Ltd. As a professional suspended platform manufacturer and supplier, we offer most reliable products and excellent service to our customers. We have been experiencing fast growth with the rapid development of Chinese economy. Our products are currently exported to Our products are mainly exported to Dominican Republic, Maldives, India, [&hellip;]<\/p>\n","protected":false},"author":1,"featured_media":35,"parent":0,"menu_order":0,"comment_status":"closed","ping_status":"closed","template":"templates\/full-width-page.php","meta":{"footnotes":""},"class_list":["post-34","page","type-page","status-publish","has-post-thumbnail","hentry"],"_links":{"self":[{"href":"https:\/\/www.sewbc.com\/ro\/wp-json\/wp\/v2\/pages\/34","targetHints":{"allow":["GET"]}}],"collection":[{"href":"https:\/\/www.sewbc.com\/ro\/wp-json\/wp\/v2\/pages"}],"about":[{"href":"https:\/\/www.sewbc.com\/ro\/wp-json\/wp\/v2\/types\/page"}],"author":[{"embeddable":true,"href":"https:\/\/www.sewbc.com\/ro\/wp-json\/wp\/v2\/users\/1"}],"replies":[{"embeddable":true,"href":"https:\/\/www.sewbc.com\/ro\/wp-json\/wp\/v2\/comments?post=34"}],"version-history":[{"count":0,"href":"https:\/\/www.sewbc.com\/ro\/wp-json\/wp\/v2\/pages\/34\/revisions"}],"wp:featuredmedia":[{"embeddable":true,"href":"https:\/\/www.sewbc.com\/ro\/wp-json\/wp\/v2\/media\/35"}],"wp:attachment":[{"href":"https:\/\/www.sewbc.com\/ro\/wp-json\/wp\/v2\/media?parent=34"}],"curies":[{"name":"wp","href":"https:\/\/api.w.org\/{rel}","templated":true}]}}