{"id":807,"date":"2018-10-19T06:00:51","date_gmt":"2018-10-19T06:00:51","guid":{"rendered":"https:\/\/www.sewbc.com\/?page_id=807"},"modified":"2021-09-14T07:49:40","modified_gmt":"2021-09-14T07:49:40","slug":"rozwiazania","status":"publish","type":"page","link":"https:\/\/www.sewbc.com\/pl\/rozwiazania","title":{"rendered":"rozwi\u0105zania"},"content":{"rendered":"<p>Zawieszone systemy platform zapewniaj\u0105 tymczasowy dost\u0119p do wysoko\u015bci - do konserwacji budynk\u00f3w, na placach budowy lub w \u015brodowiskach przemys\u0142owych. Nasz produkt oferuje modu\u0142owe systemy podwieszane, kt\u00f3re s\u0105 niezwykle \u0142atwe w monta\u017cu.<\/p>\n<p>Kontynuujemy prac\u0119 dla go\u015bci dostarczaj\u0105cych rozwi\u0105zania systemowe dla ludzko\u015bci oraz zapewniaj\u0105cych najlepsze wsparcie i us\u0142ugi. Ze wzgl\u0119du na ogromny zesp\u00f3\u0142 techniczny, zapewniamy wysokiej jako\u015bci us\u0142ugi turystyczne dla wszystkich go\u015bci. Mamy r\u00f3wnie\u017c dost\u0119pne nasze rozwi\u0105zania techniczne i zarz\u0105dzania, kt\u00f3re pomagaj\u0105 w zwi\u0119kszeniu produktywno\u015bci i wydajno\u015bci sprz\u0119tu oraz w skuteczniejszym zarz\u0105dzaniu flot\u0105 urz\u0105dze\u0144 i dzia\u0142aniami. Szybsza szybko\u015b\u0107 reakcji na us\u0142ugi, aby zaoszcz\u0119dzi\u0107 czas. Nowoczesna sie\u0107 transportowa kolei i lotnictwa, upewnij si\u0119, \u017ce wszystkie cz\u0119\u015bci zamienne zosta\u0142y dostarczone na czas.<\/p>","protected":false},"excerpt":{"rendered":"<p>Suspended Platform Systems provide temporary access to heights \u2013 for building maintenance, at construction sites or in industrial environments. Our product offers modular Suspended Platform Systems which are incredibly easy to assemble. We continue to work for guests providing humanity system solutions and provide best support and services. Because of the formidable technical team, we [&hellip;]<\/p>\n","protected":false},"author":1,"featured_media":0,"parent":0,"menu_order":0,"comment_status":"closed","ping_status":"closed","template":"templates\/full-width-page.php","meta":{"footnotes":""},"class_list":["post-807","page","type-page","status-publish","hentry"],"_links":{"self":[{"href":"https:\/\/www.sewbc.com\/pl\/wp-json\/wp\/v2\/pages\/807","targetHints":{"allow":["GET"]}}],"collection":[{"href":"https:\/\/www.sewbc.com\/pl\/wp-json\/wp\/v2\/pages"}],"about":[{"href":"https:\/\/www.sewbc.com\/pl\/wp-json\/wp\/v2\/types\/page"}],"author":[{"embeddable":true,"href":"https:\/\/www.sewbc.com\/pl\/wp-json\/wp\/v2\/users\/1"}],"replies":[{"embeddable":true,"href":"https:\/\/www.sewbc.com\/pl\/wp-json\/wp\/v2\/comments?post=807"}],"version-history":[{"count":0,"href":"https:\/\/www.sewbc.com\/pl\/wp-json\/wp\/v2\/pages\/807\/revisions"}],"wp:attachment":[{"href":"https:\/\/www.sewbc.com\/pl\/wp-json\/wp\/v2\/media?parent=807"}],"curies":[{"name":"wp","href":"https:\/\/api.w.org\/{rel}","templated":true}]}}