{"id":34,"date":"2018-09-28T03:35:58","date_gmt":"2018-09-28T03:35:58","guid":{"rendered":"http:\/\/www.sewbc.com\/?page_id=34"},"modified":"2024-10-24T15:35:55","modified_gmt":"2024-10-24T15:35:55","slug":"o-nas","status":"publish","type":"page","link":"https:\/\/www.sewbc.com\/pl\/o-nas","title":{"rendered":"O nas"},"content":{"rendered":"<p><strong>Shanghai Sukces Construction International Trade Co., Ltd.<\/strong><\/p>\n<p>Jako profesjonalny producent i dostawca podwieszanych platform, oferujemy naszym klientom najbardziej niezawodne produkty i doskona\u0142\u0105 obs\u0142ug\u0119. Do\u015bwiadczamy szybkiego wzrostu wraz z szybkim rozwojem chi\u0144skiej gospodarki. Nasze produkty s\u0105 obecnie eksportowane do Nasze produkty s\u0105 eksportowane g\u0142\u00f3wnie do Dominikany, Malediw\u00f3w, Indii, Malezji, W\u0142och, USA, Hiszpanii, Turcji i RPA....<\/p>\n<p>Nasz zesp\u00f3\u0142 ma ponad 8-letnie do\u015bwiadczenie w tej bran\u017cy. Nasze produkty obejmuj\u0105 g\u0142\u00f3wnie podwieszan\u0105 platform\u0119 i cz\u0119\u015bci zamienne do wci\u0105gnik\u00f3w budowlanych, mo\u017cemy produkowa\u0107 produkty zgodnie ze specjalnymi wymaganiami klient\u00f3w.\u00a0<span id=\"more-12\"><\/span>wierzymy, \u017ce mo\u017cemy dostarcza\u0107 innowacyjne odpowiedzi dla naszych klient\u00f3w na ca\u0142ym \u015bwiecie.<!--more--> pe\u0142na realizacja ma moj\u0105 charakterystyk\u0119 budowy kultury firmy, promowanie ducha przedsi\u0119biorczo\u015bci, praktyk\u0119 warto\u015bci korporacyjnych, strategii i pracownik\u00f3w rozwoju biznesu w celu osi\u0105gni\u0119cia wizji organicznej jedno\u015bci, koncepcji operatora harmonii i koncepcji pracownik\u00f3w, wewn\u0119trznego \u015bwiata pracownika zsynchronizowanego z poprawi\u0142o si\u0119 otoczenie zewn\u0119trzne, buduj\u0105c harmonijne przedsi\u0119wzi\u0119cie.<\/p>\n<p><a href=\"https:\/\/www.sewbc.com\/wp-content\/uploads\/about2.jpg\"><img loading=\"lazy\" decoding=\"async\" class=\"alignnone wp-image-787 size-full\" src=\"https:\/\/www.sewbc.com\/wp-content\/uploads\/about2.jpg\" alt=\"oko\u0142o 2\" width=\"567\" height=\"210\" srcset=\"https:\/\/www.sewbc.com\/wp-content\/uploads\/about2.jpg 567w, https:\/\/www.sewbc.com\/wp-content\/uploads\/about2-300x111.jpg 300w\" sizes=\"auto, (max-width: 567px) 100vw, 567px\" \/><\/a><\/p>\n<p>W naszej firmie pracuje od 5 do 10 in\u017cynier\u00f3w ds. bada\u0144 i rozwoju. Dzia\u0142 bada\u0144 i rozwoju to g\u0142\u00f3wne dzia\u0142y firmy, zajmuj\u0105ce si\u0119 badaniami i rozwojem nowych produkt\u00f3w oraz ulepszaniem ich funkcji. Przep\u0142yw pracy w centrum badawczo-rozwojowym oparty jest na modelu wsp\u00f3\u0142rz\u0119dno\u015bciowej maszyny pomiarowej (CMM), podzielonym na pi\u0119\u0107 etap\u00f3w: planowanie, projektowanie, wdro\u017cenie, testowanie i utrzymanie. Na koniec etapu planowania i projektowania przeprowadzane s\u0105 okresowe kontrole, a na etapie wdro\u017cenia trzy etapy: testy, testy akceptacyjne i inspekcje. Po ka\u017cdym etapie mo\u017cna uruchomi\u0107 osobn\u0105 wersj\u0119, a nast\u0119pnie faza test\u00f3w: pokrycie kodu testowego i pokrycie danych testowych. Po zako\u0144czeniu fazy, rozpoczyna si\u0119 faza utrzymania, obejmuj\u0105ca produkty, us\u0142ugi i aktualizacje, co ma na celu dalsz\u0105 popraw\u0119 obs\u0142ugi klienta i budowanie marki firmy.<\/p>\n<p><a href=\"https:\/\/www.sewbc.com\/wp-content\/uploads\/about1.jpg\"><img loading=\"lazy\" decoding=\"async\" class=\"alignnone wp-image-786 size-full\" src=\"https:\/\/www.sewbc.com\/wp-content\/uploads\/about1.jpg\" alt=\"oko\u0142o1\" width=\"708\" height=\"668\" srcset=\"https:\/\/www.sewbc.com\/wp-content\/uploads\/about1.jpg 708w, https:\/\/www.sewbc.com\/wp-content\/uploads\/about1-300x283.jpg 300w\" sizes=\"auto, (max-width: 708px) 100vw, 708px\" \/><\/a><\/p>\n<p>Cokolwiek potrzebuje naszej asystentki, prosimy o kontakt z nami. E-mail:\u00a0<a href=\"mailto:sales@buildinglift.com\">sales@buildinglift.com<\/a><\/p>","protected":false},"excerpt":{"rendered":"<p>Shanghai Success Construction International Trade Co., Ltd. As a professional suspended platform manufacturer and supplier, we offer most reliable products and excellent service to our customers. We have been experiencing fast growth with the rapid development of Chinese economy. Our products are currently exported to Our products are mainly exported to Dominican Republic, Maldives, India, [&hellip;]<\/p>\n","protected":false},"author":1,"featured_media":35,"parent":0,"menu_order":0,"comment_status":"closed","ping_status":"closed","template":"templates\/full-width-page.php","meta":{"footnotes":""},"class_list":["post-34","page","type-page","status-publish","has-post-thumbnail","hentry"],"_links":{"self":[{"href":"https:\/\/www.sewbc.com\/pl\/wp-json\/wp\/v2\/pages\/34","targetHints":{"allow":["GET"]}}],"collection":[{"href":"https:\/\/www.sewbc.com\/pl\/wp-json\/wp\/v2\/pages"}],"about":[{"href":"https:\/\/www.sewbc.com\/pl\/wp-json\/wp\/v2\/types\/page"}],"author":[{"embeddable":true,"href":"https:\/\/www.sewbc.com\/pl\/wp-json\/wp\/v2\/users\/1"}],"replies":[{"embeddable":true,"href":"https:\/\/www.sewbc.com\/pl\/wp-json\/wp\/v2\/comments?post=34"}],"version-history":[{"count":0,"href":"https:\/\/www.sewbc.com\/pl\/wp-json\/wp\/v2\/pages\/34\/revisions"}],"wp:featuredmedia":[{"embeddable":true,"href":"https:\/\/www.sewbc.com\/pl\/wp-json\/wp\/v2\/media\/35"}],"wp:attachment":[{"href":"https:\/\/www.sewbc.com\/pl\/wp-json\/wp\/v2\/media?parent=34"}],"curies":[{"name":"wp","href":"https:\/\/api.w.org\/{rel}","templated":true}]}}