{"id":807,"date":"2018-10-19T06:00:51","date_gmt":"2018-10-19T06:00:51","guid":{"rendered":"https:\/\/www.sewbc.com\/?page_id=807"},"modified":"2021-09-14T07:49:40","modified_gmt":"2021-09-14T07:49:40","slug":"risinajumi","status":"publish","type":"page","link":"https:\/\/www.sewbc.com\/lv\/risinajumi","title":{"rendered":"risin\u0101jumi"},"content":{"rendered":"<p>Aptur\u0113tas platformas sist\u0113mas nodro\u0161ina pagaidu piek\u013cuvi augstumiem - \u0113ku uztur\u0113\u0161anai b\u016bvlaukumos vai r\u016bpniec\u012bbas vid\u0113. M\u016bsu produkts pied\u0101v\u0101 modul\u0101las piekares platformas sist\u0113mas, kuras ir neticami viegli mont\u0113t.<\/p>\n<p>M\u0113s turpin\u0101m str\u0101d\u0101t viesiem, nodro\u0161inot cilv\u0113c\u012bbas sist\u0113mu risin\u0101jumus un nodro\u0161inot vislab\u0101ko atbalstu un pakalpojumus. Pateicoties lieliskajai tehniskajai komandai, esam nodro\u0161in\u0101ju\u0161i augstas kvalit\u0101tes ce\u013cojumu pakalpojumus visiem viesiem. Mums ir pieejami ar\u012b m\u016bsu tehniskie un vad\u012bbas risin\u0101jumi, lai pal\u012bdz\u0113tu padar\u012bt j\u016bsu iek\u0101rtu produkt\u012bv\u0101ku un efekt\u012bv\u0101ku un pal\u012bdz\u0113tu jums efekt\u012bv\u0101k p\u0101rvald\u012bt apr\u012bkojuma flotes un darb\u012bbas. \u0100tr\u0101ka pakalpojuma rea\u0123\u0113\u0161anas \u0101trums, lai ietaup\u012btu laiku. M\u016bsdien\u012bgs dzelzce\u013ca un avi\u0101cijas transporta t\u012bkls, p\u0101rliecinieties, ka visas rezerves da\u013cas ir savlaic\u012bgi pieg\u0101d\u0101tas.<\/p>","protected":false},"excerpt":{"rendered":"<p>Suspended Platform Systems provide temporary access to heights \u2013 for building maintenance, at construction sites or in industrial environments. Our product offers modular Suspended Platform Systems which are incredibly easy to assemble. We continue to work for guests providing humanity system solutions and provide best support and services. Because of the formidable technical team, we [&hellip;]<\/p>\n","protected":false},"author":1,"featured_media":0,"parent":0,"menu_order":0,"comment_status":"closed","ping_status":"closed","template":"templates\/full-width-page.php","meta":{"footnotes":""},"class_list":["post-807","page","type-page","status-publish","hentry"],"_links":{"self":[{"href":"https:\/\/www.sewbc.com\/lv\/wp-json\/wp\/v2\/pages\/807","targetHints":{"allow":["GET"]}}],"collection":[{"href":"https:\/\/www.sewbc.com\/lv\/wp-json\/wp\/v2\/pages"}],"about":[{"href":"https:\/\/www.sewbc.com\/lv\/wp-json\/wp\/v2\/types\/page"}],"author":[{"embeddable":true,"href":"https:\/\/www.sewbc.com\/lv\/wp-json\/wp\/v2\/users\/1"}],"replies":[{"embeddable":true,"href":"https:\/\/www.sewbc.com\/lv\/wp-json\/wp\/v2\/comments?post=807"}],"version-history":[{"count":0,"href":"https:\/\/www.sewbc.com\/lv\/wp-json\/wp\/v2\/pages\/807\/revisions"}],"wp:attachment":[{"href":"https:\/\/www.sewbc.com\/lv\/wp-json\/wp\/v2\/media?parent=807"}],"curies":[{"name":"wp","href":"https:\/\/api.w.org\/{rel}","templated":true}]}}