{"id":34,"date":"2018-09-28T03:35:58","date_gmt":"2018-09-28T03:35:58","guid":{"rendered":"http:\/\/www.sewbc.com\/?page_id=34"},"modified":"2024-10-24T15:35:55","modified_gmt":"2024-10-24T15:35:55","slug":"par-mums","status":"publish","type":"page","link":"https:\/\/www.sewbc.com\/lv\/par-mums","title":{"rendered":"Par mums"},"content":{"rendered":"<p><strong>Shanghai Success B\u016bvniec\u012bba International Trade Co, Ltd<\/strong><\/p>\n<p>K\u0101 profesion\u0101ls piekaramo platformu ra\u017eot\u0101js un pieg\u0101d\u0101t\u0101js m\u0113s saviem klientiem pied\u0101v\u0101jam visdro\u0161\u0101kos produktus un lielisku servisu. L\u012bdz ar \u0136\u012bnas ekonomikas straujo att\u012bst\u012bbu m\u0113s esam piedz\u012bvoju\u0161i strauju izaugsmi. M\u016bsu produkti pa\u0161laik tiek eksport\u0113ti uz M\u016bsu produkti galvenok\u0101rt tiek eksport\u0113ti uz Dominik\u0101nas Republiku, Mald\u012bvu sal\u0101m, Indiju, Malaiziju, Malaiziju, It\u0101liju, ASV, Sp\u0101niju, Turciju un Dienvid\u0101friku.....<\/p>\n<p>M\u016bsu komandai ir vair\u0101k nek\u0101 8 gadu pieredze \u0161aj\u0101 nozar\u0113. M\u016bsu produkti galvenok\u0101rt ietver piekaramo platformu un rezerves da\u013cas celt\u0146u pac\u0113l\u0101jiem, M\u0113s varam ra\u017eot produktus atbilsto\u0161i klientu \u012bpa\u0161aj\u0101m pras\u012bb\u0101m.\u00a0<span id=\"more-12\"><\/span>m\u0113s uzskat\u0101m, ka m\u0113s varam pied\u0101v\u0101t novatoriskas atbildes m\u016bsu klientiem vis\u0101 pasaul\u0113.<!--more--> piln\u012bga ievie\u0161ana ir manas uz\u0146\u0113muma kult\u016bras strukt\u016bras \u012bpa\u0161\u012bbas, veicina uz\u0146\u0113m\u0113jdarb\u012bbas garu, praks\u0113 korporat\u012bv\u0101s v\u0113rt\u012bbas, strat\u0113\u0123iju un biznesa att\u012bst\u012bbas person\u0101lu, lai pan\u0101ktu redz\u0113jumu par organisko vienot\u012bbu, harmoniju operatora koncepciju un darbinieku j\u0113dzienu, darbinieku iek\u0161\u0113jo pasauli, kas ir sinhroniz\u0113ta ar uzlabota \u0101r\u0113j\u0101 vide, veidojot harmonisku uz\u0146\u0113mumu.<\/p>\n<p><a href=\"https:\/\/www.sewbc.com\/wp-content\/uploads\/about2.jpg\"><img loading=\"lazy\" decoding=\"async\" class=\"alignnone wp-image-787 size-full\" src=\"https:\/\/www.sewbc.com\/wp-content\/uploads\/about2.jpg\" alt=\"about2\" width=\"567\" height=\"210\" srcset=\"https:\/\/www.sewbc.com\/wp-content\/uploads\/about2.jpg 567w, https:\/\/www.sewbc.com\/wp-content\/uploads\/about2-300x111.jpg 300w\" sizes=\"auto, (max-width: 567px) 100vw, 567px\" \/><\/a><\/p>\n<p>M\u016bsu uz\u0146\u0113mum\u0101 ir 5 - 10 cilv\u0113ki R&amp;D in\u017eenieris(s). P\u0113tniec\u012bba un att\u012bst\u012bba ir uz\u0146\u0113muma galvenie departamenti, kas veic jaunu produktu izp\u0113ti un izstr\u0101di, uzlabo produktu funkcijas. P\u0113tniec\u012bbas un att\u012bst\u012bbas centra darba pl\u016bsmas pamat\u0101 ir CMM modelis, kas sadal\u012bts \u012bpa\u0161os pl\u0101no\u0161anas, projekt\u0113\u0161anas, \u012bsteno\u0161anas, test\u0113\u0161anas un uztur\u0113\u0161anas piecos posmos. Pl\u0101no\u0161anas, projekt\u0113\u0161anas posma beig\u0101s veikt periodiskas p\u0101rbaudes \u012bsteno\u0161anas posm\u0101 b\u016bs tr\u012bs test\u0113\u0161anas un pie\u0146em\u0161anas test\u0113\u0161anas unp\u0101rbaudes p\u0113c tam, kad katrai ir atsevi\u0161\u0137a versija, ko var palaist, kam seko test\u0113\u0161anas posms; testa koda p\u0101rkl\u0101jums, testa datu p\u0101rkl\u0101jums Kad pabeigts, ieiet uztur\u0113\u0161anas posm\u0101, ieskaitot produktus, pakalpojumus un moderniz\u0101cijas, lai v\u0113l vair\u0101k uzlabotu klientu apkalpo\u0161anu un izveidotu uz\u0146\u0113muma z\u012bmolu.<\/p>\n<p><a href=\"https:\/\/www.sewbc.com\/wp-content\/uploads\/about1.jpg\"><img loading=\"lazy\" decoding=\"async\" class=\"alignnone wp-image-786 size-full\" src=\"https:\/\/www.sewbc.com\/wp-content\/uploads\/about1.jpg\" alt=\"aptuveni1\" width=\"708\" height=\"668\" srcset=\"https:\/\/www.sewbc.com\/wp-content\/uploads\/about1.jpg 708w, https:\/\/www.sewbc.com\/wp-content\/uploads\/about1-300x283.jpg 300w\" sizes=\"auto, (max-width: 708px) 100vw, 708px\" \/><\/a><\/p>\n<p>Jebkas, kas mums nepiecie\u0161ams, pal\u012bdz\u0113s sazin\u0101ties ar mums. E-pasts:\u00a0<a href=\"mailto:sales@buildinglift.com\">sales@buildinglift.com<\/a><\/p>","protected":false},"excerpt":{"rendered":"<p>Shanghai Success Construction International Trade Co., Ltd. As a professional suspended platform manufacturer and supplier, we offer most reliable products and excellent service to our customers. We have been experiencing fast growth with the rapid development of Chinese economy. Our products are currently exported to Our products are mainly exported to Dominican Republic, Maldives, India, [&hellip;]<\/p>\n","protected":false},"author":1,"featured_media":35,"parent":0,"menu_order":0,"comment_status":"closed","ping_status":"closed","template":"templates\/full-width-page.php","meta":{"footnotes":""},"class_list":["post-34","page","type-page","status-publish","has-post-thumbnail","hentry"],"_links":{"self":[{"href":"https:\/\/www.sewbc.com\/lv\/wp-json\/wp\/v2\/pages\/34","targetHints":{"allow":["GET"]}}],"collection":[{"href":"https:\/\/www.sewbc.com\/lv\/wp-json\/wp\/v2\/pages"}],"about":[{"href":"https:\/\/www.sewbc.com\/lv\/wp-json\/wp\/v2\/types\/page"}],"author":[{"embeddable":true,"href":"https:\/\/www.sewbc.com\/lv\/wp-json\/wp\/v2\/users\/1"}],"replies":[{"embeddable":true,"href":"https:\/\/www.sewbc.com\/lv\/wp-json\/wp\/v2\/comments?post=34"}],"version-history":[{"count":0,"href":"https:\/\/www.sewbc.com\/lv\/wp-json\/wp\/v2\/pages\/34\/revisions"}],"wp:featuredmedia":[{"embeddable":true,"href":"https:\/\/www.sewbc.com\/lv\/wp-json\/wp\/v2\/media\/35"}],"wp:attachment":[{"href":"https:\/\/www.sewbc.com\/lv\/wp-json\/wp\/v2\/media?parent=34"}],"curies":[{"name":"wp","href":"https:\/\/api.w.org\/{rel}","templated":true}]}}