{"id":807,"date":"2018-10-19T06:00:51","date_gmt":"2018-10-19T06:00:51","guid":{"rendered":"https:\/\/www.sewbc.com\/?page_id=807"},"modified":"2021-09-14T07:49:40","modified_gmt":"2021-09-14T07:49:40","slug":"sprendimai","status":"publish","type":"page","link":"https:\/\/www.sewbc.com\/lt\/sprendimai","title":{"rendered":"sprendimai"},"content":{"rendered":"<p>Pakabinamos platformos sistemos suteikia laikin\u0105 prieig\u0105 prie auk\u0161tum\u0173 - statyb\u0173 prie\u017ei\u016brai, statybviet\u0117se ar pramonin\u0117je aplinkoje. M\u016bs\u0173 gaminys si\u016blo modulines pakabinamas platformines sistemas, kurios yra ne\u012ftik\u0117tinai lengva surinkti.<\/p>\n<p>Mes ir toliau dirbame sve\u010diams, teikiantiems \u017emonijos sistemos sprendimus ir teikdami geriausi\u0105 pagalb\u0105 bei paslaugas. D\u0117l did\u017eiul\u0117s technin\u0117s komandos mes teikiame auk\u0161tos kokyb\u0117s kelioni\u0173 paslaugas visiems sve\u010diams. Mes taip pat turime savo techninius ir valdymo sprendimus, kurie pad\u0117t\u0173 j\u016bs\u0173 \u012frangai padaryti produktyvesn\u0119 ir veiksmingesn\u0119, ir pad\u0117ti jums efektyviau valdyti \u012frangos parkus ir operacijas. Greitesn\u0117 paslaugos atsakymo greitis, kad sutaupytum\u0117te laik\u0105. Modernus gele\u017einkelio ir aviacijos gabenimo tinklas u\u017etikrina, kad visos atsargin\u0117s dalys b\u016bt\u0173 pristatytos laiku.<\/p>","protected":false},"excerpt":{"rendered":"<p>Suspended Platform Systems provide temporary access to heights \u2013 for building maintenance, at construction sites or in industrial environments. Our product offers modular Suspended Platform Systems which are incredibly easy to assemble. We continue to work for guests providing humanity system solutions and provide best support and services. Because of the formidable technical team, we [&hellip;]<\/p>\n","protected":false},"author":1,"featured_media":0,"parent":0,"menu_order":0,"comment_status":"closed","ping_status":"closed","template":"templates\/full-width-page.php","meta":{"footnotes":""},"class_list":["post-807","page","type-page","status-publish","hentry"],"_links":{"self":[{"href":"https:\/\/www.sewbc.com\/lt\/wp-json\/wp\/v2\/pages\/807","targetHints":{"allow":["GET"]}}],"collection":[{"href":"https:\/\/www.sewbc.com\/lt\/wp-json\/wp\/v2\/pages"}],"about":[{"href":"https:\/\/www.sewbc.com\/lt\/wp-json\/wp\/v2\/types\/page"}],"author":[{"embeddable":true,"href":"https:\/\/www.sewbc.com\/lt\/wp-json\/wp\/v2\/users\/1"}],"replies":[{"embeddable":true,"href":"https:\/\/www.sewbc.com\/lt\/wp-json\/wp\/v2\/comments?post=807"}],"version-history":[{"count":0,"href":"https:\/\/www.sewbc.com\/lt\/wp-json\/wp\/v2\/pages\/807\/revisions"}],"wp:attachment":[{"href":"https:\/\/www.sewbc.com\/lt\/wp-json\/wp\/v2\/media?parent=807"}],"curies":[{"name":"wp","href":"https:\/\/api.w.org\/{rel}","templated":true}]}}