{"id":809,"date":"2018-10-19T06:03:22","date_gmt":"2018-10-19T06:03:22","guid":{"rendered":"https:\/\/www.sewbc.com\/?page_id=809"},"modified":"2024-10-24T15:28:17","modified_gmt":"2024-10-24T15:28:17","slug":"paqij-bun","status":"publish","type":"page","link":"http:\/\/www.sewbc.com\/ku\/paqij-bun","title":{"rendered":"Paqij b\u00fbn"},"content":{"rendered":"<p><strong>Serkeftina Serkeftina Bazirganiya Navnetewey\u00ee ya Bazirganiya \u015eangal\u00ea<\/strong><\/p>\n<p>Nanfeng Rd, Fengxian District, Shanghai, \u00c7\u00een<\/p>\n<p><strong>Telefon:<\/strong>\u00a00086-17317571902 (Whatsapp)<\/p>\n<p><strong>E-namey\u00ea:<\/strong> <a href=\"mailto:ailsa@buildinglift.com\">ailsa@buildinglift.com<\/a><\/p>\n<p><strong>Website:<\/strong><a href=\"https:\/\/www.sewbc.com\/ku\/\">https:\/\/www.sewbc.com\u00a0<\/a><\/p>","protected":false},"excerpt":{"rendered":"<p>Shanghai Success Construction International Trade Co., Ltd. Nanfeng Rd, Fengxian District, Shanghai, \u00c7\u00een Telefon: 0086-17317571902 (Whatsapp) E-name: ailsa@buildinglift.com Malper: https:\/\/www.sewbc.com\u00a0<\/p>","protected":false},"author":1,"featured_media":0,"parent":0,"menu_order":0,"comment_status":"closed","ping_status":"closed","template":"templates\/full-width-page.php","meta":{"footnotes":""},"class_list":["post-809","page","type-page","status-publish","hentry"],"_links":{"self":[{"href":"http:\/\/www.sewbc.com\/ku\/wp-json\/wp\/v2\/pages\/809","targetHints":{"allow":["GET"]}}],"collection":[{"href":"http:\/\/www.sewbc.com\/ku\/wp-json\/wp\/v2\/pages"}],"about":[{"href":"http:\/\/www.sewbc.com\/ku\/wp-json\/wp\/v2\/types\/page"}],"author":[{"embeddable":true,"href":"http:\/\/www.sewbc.com\/ku\/wp-json\/wp\/v2\/users\/1"}],"replies":[{"embeddable":true,"href":"http:\/\/www.sewbc.com\/ku\/wp-json\/wp\/v2\/comments?post=809"}],"version-history":[{"count":0,"href":"http:\/\/www.sewbc.com\/ku\/wp-json\/wp\/v2\/pages\/809\/revisions"}],"wp:attachment":[{"href":"http:\/\/www.sewbc.com\/ku\/wp-json\/wp\/v2\/media?parent=809"}],"curies":[{"name":"wp","href":"https:\/\/api.w.org\/{rel}","templated":true}]}}