{"id":34,"date":"2018-09-28T03:35:58","date_gmt":"2018-09-28T03:35:58","guid":{"rendered":"http:\/\/www.sewbc.com\/?page_id=34"},"modified":"2024-10-24T15:35:55","modified_gmt":"2024-10-24T15:35:55","slug":"cuna-nava","status":"publish","type":"page","link":"https:\/\/www.sewbc.com\/ku\/cuna-nava","title":{"rendered":"\u00c7\u00fbna nava"},"content":{"rendered":"<p><strong>Serkeftina Serkeftina Bazirganiya Navnetewey\u00ee ya Bazirganiya \u015eangal\u00ea<\/strong><\/p>\n<p>Wek\u00ee hilber\u00eener \u00fb dab\u00eenker\u00ea platform\u00ean daliqand\u00ee y\u00ean profesyonel, em hilber\u00ean her\u00ee p\u00eabawer \u00fb kar\u00fbbarek h\u00eaja p\u00ea\u015fk\u00ea\u015f\u00ee xer\u00eedar\u00ean xwe dikin. Bi p\u00ea\u015fkeftina bilez a aboriya \u00c7\u00een\u00ea re, em mezinb\u00fbnek bilez dib\u00eenin. Berhem\u00ean me niha bi giran\u00ee ji bo Komara Dom\u00een\u00eek\u00ee, Mald\u00eev, Hindistan, Malezya, \u00cetalya, Dewlet\u00ean Yekb\u00fby\u00ee y\u00ean Amer\u00eekay\u00ea, Spanya, Tirkiye \u00fb Afr\u00eekaya Ba\u015f\u00fbr t\u00eane hinardekirin\u2026.<\/p>\n<p>T\u00eema me di v\u00ee war\u00ee de z\u00eadetir\u00ee 8 sal ezm\u00fbn heye. Berhem\u00ean me bi giran\u00ee platforma daliqand\u00ee \u00fb par\u00e7ey\u00ean yedek ji bo hilgirtina avah\u00eesaziy\u00ea vedihew\u00eene, Em dikarin li gor\u00ee hewcedariy\u00ean taybet\u00ee y\u00ean xer\u00eedaran hilberan hilber\u00eenin.\u00a0<span id=\"more-12\"><\/span>Em bawer dikin ku em dikarin bersiv\u00ean n\u00fb y\u00ean ji bo c\u00eehan\u00ean me li c\u00eehan\u00ea p\u00ea\u015fk\u00ea\u015f dikin.<!--more--> bic\u00eehkirina temam\u00ee ya taybetmendiya kultur\u00ea kultur\u00ea kultur\u00ee, ramaniya karsaziy\u00ea, karsaziya karsaziy\u00ea \u00fb xebatkar\u00ean p\u00ea\u015fve\u00e7\u00fbn\u00ea y\u00ean karsaziy\u00ea dike ku ji bo d\u00eetina yek\u00eetiya organ\u00eek, t\u00eakevtina operasyona hevpeymaniy\u00ea \u00fb karsaziya karkeran, karmend\u00ea c\u00eehan\u00ea di hundur\u00ea hundir de bi hev re bigire. haw\u00eerdewletiya dervey\u00ee \u00e7\u00eatir kirin, \u015firketek h\u00easan e.<\/p>\n<p><a href=\"https:\/\/www.sewbc.com\/wp-content\/uploads\/about2.jpg\"><img loading=\"lazy\" decoding=\"async\" class=\"alignnone wp-image-787 size-full\" src=\"https:\/\/www.sewbc.com\/wp-content\/uploads\/about2.jpg\" alt=\"n\u00eaz\u00eek\u00ee2\" width=\"567\" height=\"210\" srcset=\"https:\/\/www.sewbc.com\/wp-content\/uploads\/about2.jpg 567w, https:\/\/www.sewbc.com\/wp-content\/uploads\/about2-300x111.jpg 300w\" sizes=\"auto, (max-width: 567px) 100vw, 567px\" \/><\/a><\/p>\n<p>Di \u015f\u00eerketa me de 5-10 Endezyar\u00ean R&amp;D hene. R&amp;D be\u015f\u00ean bingeh\u00een \u00ean \u015f\u00eerket\u00ea ne, l\u00eakol\u00een \u00fb p\u00ea\u015fxistina hilber\u00ean n\u00fb, ba\u015ftirkirina taybetmendiy\u00ean hilber\u00ea digirin ser xwe. Navenda R&amp;D ya kar li ser bingeha modela CMM-\u00ea ye ku ji p\u00eanc gavan p\u00eak t\u00ea \u00fb li gor\u00ee plansazkirin, s\u00eawirandin, p\u00eakan\u00een, ceribandin \u00fb parastin\u00ea t\u00ea dabe\u015f kirin. Di dawiya qonaxa plansazkirin \u00fb s\u00eawirandin\u00ea de, kontrol\u00ean periyod\u00eek t\u00eane kirin. Di qonaxa p\u00eakan\u00een\u00ea de s\u00ea ceribandin \u00fb pejirandin, ceribandin \u00fb teft\u00ee\u015f d\u00ea hebin, pi\u015ft\u00ee ku her yek guhertoyek cuda heye ku dikare were xebitandin, \u00fb d\u00fbv re qonaxa ceribandin\u00ea; vegirtina koda ceribandin\u00ea, vegirtina daney\u00ean ceribandin\u00ea. Dema ku qediya, derbas\u00ee qonaxa parastin\u00ea bibin, ku hilber, kar\u00fbbar \u00fb n\u00fbvekirinan di nav de ne da ku kar\u00fbbar\u00ea xer\u00eedar b\u00eatir ba\u015ftir bikin \u00fb marqeya \u015f\u00eerket\u00ea ava bikin.<\/p>\n<p><a href=\"https:\/\/www.sewbc.com\/wp-content\/uploads\/about1.jpg\"><img loading=\"lazy\" decoding=\"async\" class=\"alignnone wp-image-786 size-full\" src=\"https:\/\/www.sewbc.com\/wp-content\/uploads\/about1.jpg\" alt=\"n\u00eaz\u00eek\u00ee 1\" width=\"708\" height=\"668\" srcset=\"https:\/\/www.sewbc.com\/wp-content\/uploads\/about1.jpg 708w, https:\/\/www.sewbc.com\/wp-content\/uploads\/about1-300x283.jpg 300w\" sizes=\"auto, (max-width: 708px) 100vw, 708px\" \/><\/a><\/p>\n<p>Her ti\u015ftek p\u00eadiv\u00ee ye ku pispor\u00ea me azad dibe ku ji bo me t\u00eakil\u00ee. Email:\u00a0<a href=\"mailto:sales@buildinglift.com\">sales@buildinglift.com<\/a><\/p>","protected":false},"excerpt":{"rendered":"<p>Shanghai Success Construction International Trade Co., Ltd. As a professional suspended platform manufacturer and supplier, we offer most reliable products and excellent service to our customers. We have been experiencing fast growth with the rapid development of Chinese economy. Our products are currently exported to Our products are mainly exported to Dominican Republic, Maldives, India, [&hellip;]<\/p>\n","protected":false},"author":1,"featured_media":35,"parent":0,"menu_order":0,"comment_status":"closed","ping_status":"closed","template":"templates\/full-width-page.php","meta":{"footnotes":""},"class_list":["post-34","page","type-page","status-publish","has-post-thumbnail","hentry"],"_links":{"self":[{"href":"https:\/\/www.sewbc.com\/ku\/wp-json\/wp\/v2\/pages\/34","targetHints":{"allow":["GET"]}}],"collection":[{"href":"https:\/\/www.sewbc.com\/ku\/wp-json\/wp\/v2\/pages"}],"about":[{"href":"https:\/\/www.sewbc.com\/ku\/wp-json\/wp\/v2\/types\/page"}],"author":[{"embeddable":true,"href":"https:\/\/www.sewbc.com\/ku\/wp-json\/wp\/v2\/users\/1"}],"replies":[{"embeddable":true,"href":"https:\/\/www.sewbc.com\/ku\/wp-json\/wp\/v2\/comments?post=34"}],"version-history":[{"count":0,"href":"https:\/\/www.sewbc.com\/ku\/wp-json\/wp\/v2\/pages\/34\/revisions"}],"wp:featuredmedia":[{"embeddable":true,"href":"https:\/\/www.sewbc.com\/ku\/wp-json\/wp\/v2\/media\/35"}],"wp:attachment":[{"href":"https:\/\/www.sewbc.com\/ku\/wp-json\/wp\/v2\/media?parent=34"}],"curies":[{"name":"wp","href":"https:\/\/api.w.org\/{rel}","templated":true}]}}