{"id":807,"date":"2018-10-19T06:00:51","date_gmt":"2018-10-19T06:00:51","guid":{"rendered":"https:\/\/www.sewbc.com\/?page_id=807"},"modified":"2021-09-14T07:49:40","modified_gmt":"2021-09-14T07:49:40","slug":"soluzioni","status":"publish","type":"page","link":"https:\/\/www.sewbc.com\/it\/soluzioni","title":{"rendered":"soluzioni"},"content":{"rendered":"<p>I sistemi di piattaforme sospese forniscono un accesso temporaneo alle altezze - per la manutenzione degli edifici, nei cantieri o negli ambienti industriali. Il nostro prodotto offre sistemi di piattaforme sospese modulari che sono incredibilmente facili da assemblare.<\/p>\n<p>Continuiamo a lavorare per gli ospiti che forniscono soluzioni per il sistema dell&#039;umanit\u00e0 e forniscono il miglior supporto e servizi. Grazie al formidabile team tecnico, abbiamo fornito un servizio di tour di alta qualit\u00e0 a tutti gli ospiti. Abbiamo anche a disposizione le nostre soluzioni tecniche e gestionali, per rendere le vostre attrezzature pi\u00f9 produttive ed efficienti e per aiutarvi a gestire in modo pi\u00f9 efficace i parchi macchine e le operazioni. Pi\u00f9 veloce velocit\u00e0 di risposta del servizio per risparmiare tempo. Moderna rete di trasporti ferroviari e aerei, assicuratevi che tutti i pezzi di ricambio siano stati consegnati in tempo.<\/p>","protected":false},"excerpt":{"rendered":"<p>Suspended Platform Systems provide temporary access to heights \u2013 for building maintenance, at construction sites or in industrial environments. Our product offers modular Suspended Platform Systems which are incredibly easy to assemble. We continue to work for guests providing humanity system solutions and provide best support and services. Because of the formidable technical team, we [&hellip;]<\/p>\n","protected":false},"author":1,"featured_media":0,"parent":0,"menu_order":0,"comment_status":"closed","ping_status":"closed","template":"templates\/full-width-page.php","meta":{"footnotes":""},"class_list":["post-807","page","type-page","status-publish","hentry"],"_links":{"self":[{"href":"https:\/\/www.sewbc.com\/it\/wp-json\/wp\/v2\/pages\/807","targetHints":{"allow":["GET"]}}],"collection":[{"href":"https:\/\/www.sewbc.com\/it\/wp-json\/wp\/v2\/pages"}],"about":[{"href":"https:\/\/www.sewbc.com\/it\/wp-json\/wp\/v2\/types\/page"}],"author":[{"embeddable":true,"href":"https:\/\/www.sewbc.com\/it\/wp-json\/wp\/v2\/users\/1"}],"replies":[{"embeddable":true,"href":"https:\/\/www.sewbc.com\/it\/wp-json\/wp\/v2\/comments?post=807"}],"version-history":[{"count":0,"href":"https:\/\/www.sewbc.com\/it\/wp-json\/wp\/v2\/pages\/807\/revisions"}],"wp:attachment":[{"href":"https:\/\/www.sewbc.com\/it\/wp-json\/wp\/v2\/media?parent=807"}],"curies":[{"name":"wp","href":"https:\/\/api.w.org\/{rel}","templated":true}]}}