{"id":807,"date":"2018-10-19T06:00:51","date_gmt":"2018-10-19T06:00:51","guid":{"rendered":"https:\/\/www.sewbc.com\/?page_id=807"},"modified":"2021-09-14T07:49:40","modified_gmt":"2021-09-14T07:49:40","slug":"lausnir","status":"publish","type":"page","link":"https:\/\/www.sewbc.com\/is\/lausnir","title":{"rendered":"lausnir"},"content":{"rendered":"<p>Fj\u00f6\u00f0runarkerfi veita t\u00edmabundinn a\u00f0gang a\u00f0 h\u00e6\u00f0um - til a\u00f0 vi\u00f0halda byggingu, \u00e1 byggingarsv\u00e6\u00f0um e\u00f0a \u00ed i\u00f0na\u00f0arumhverfi. V\u00f6ran okkar b\u00fd\u00f0ur upp \u00e1 m\u00e1tu\u00f0 fj\u00f6\u00f0runarkerfi sem eru \u00f3tr\u00falega au\u00f0velt a\u00f0 setja saman.<\/p>\n<p>Vi\u00f0 h\u00f6ldum \u00e1fram a\u00f0 vinna fyrir gesti sem bj\u00f3\u00f0a upp \u00e1 mannr\u00e9ttindakerfi og veita bestu \u00fej\u00f3nustu og \u00fej\u00f3nustu. Vegna t\u00e6knilegu teymisins h\u00f6fum vi\u00f0 veitt g\u00f3\u00f0a \u00fej\u00f3nustu vi\u00f0 alla gesti. Vi\u00f0 h\u00f6fum einnig lausar t\u00e6knilegar og stj\u00f3rnunarlausnir okkar, til a\u00f0 gera b\u00fana\u00f0inn virkari og skilvirkari og til a\u00f0 au\u00f0velda \u00fe\u00e9r a\u00f0 stj\u00f3rna b\u00fana\u00f0i flotans og starfsemi. Hra\u00f0ari sv\u00f6run vi\u00f0 \u00fej\u00f3nustu til a\u00f0 spara t\u00edma. N\u00fat\u00edma flutningskerfi j\u00e1rnbrautar og flug, vertu viss um a\u00f0 allar varahlutir hafi veri\u00f0 afhent \u00ed t\u00edma.<\/p>","protected":false},"excerpt":{"rendered":"<p>Suspended Platform Systems provide temporary access to heights \u2013 for building maintenance, at construction sites or in industrial environments. Our product offers modular Suspended Platform Systems which are incredibly easy to assemble. We continue to work for guests providing humanity system solutions and provide best support and services. Because of the formidable technical team, we [&hellip;]<\/p>\n","protected":false},"author":1,"featured_media":0,"parent":0,"menu_order":0,"comment_status":"closed","ping_status":"closed","template":"templates\/full-width-page.php","meta":{"footnotes":""},"class_list":["post-807","page","type-page","status-publish","hentry"],"_links":{"self":[{"href":"https:\/\/www.sewbc.com\/is\/wp-json\/wp\/v2\/pages\/807","targetHints":{"allow":["GET"]}}],"collection":[{"href":"https:\/\/www.sewbc.com\/is\/wp-json\/wp\/v2\/pages"}],"about":[{"href":"https:\/\/www.sewbc.com\/is\/wp-json\/wp\/v2\/types\/page"}],"author":[{"embeddable":true,"href":"https:\/\/www.sewbc.com\/is\/wp-json\/wp\/v2\/users\/1"}],"replies":[{"embeddable":true,"href":"https:\/\/www.sewbc.com\/is\/wp-json\/wp\/v2\/comments?post=807"}],"version-history":[{"count":0,"href":"https:\/\/www.sewbc.com\/is\/wp-json\/wp\/v2\/pages\/807\/revisions"}],"wp:attachment":[{"href":"https:\/\/www.sewbc.com\/is\/wp-json\/wp\/v2\/media?parent=807"}],"curies":[{"name":"wp","href":"https:\/\/api.w.org\/{rel}","templated":true}]}}