{"id":34,"date":"2018-09-28T03:35:58","date_gmt":"2018-09-28T03:35:58","guid":{"rendered":"http:\/\/www.sewbc.com\/?page_id=34"},"modified":"2024-10-24T15:35:55","modified_gmt":"2024-10-24T15:35:55","slug":"um-okkur","status":"publish","type":"page","link":"https:\/\/www.sewbc.com\/is\/um-okkur","title":{"rendered":"Um okkur"},"content":{"rendered":"<p><strong>Shanghai Velgengni Framkv\u00e6mdir International Trade Co, Ltd<\/strong><\/p>\n<p>Sem faglegur framlei\u00f0andi og birgir hengipalla bj\u00f3\u00f0um vi\u00f0 vi\u00f0skiptavinum okkar \u00e1rei\u00f0anlegar v\u00f6rur og fram\u00farskarandi \u00fej\u00f3nustu. Vi\u00f0 h\u00f6fum upplifa\u00f0 hra\u00f0an v\u00f6xt me\u00f0 hra\u00f0ri \u00fer\u00f3un k\u00ednverska hagkerfisins. V\u00f6rur okkar eru n\u00fa fluttar \u00fat til ... V\u00f6rur okkar eru a\u00f0allega fluttar \u00fat til D\u00f3min\u00edska l\u00fd\u00f0veldisins, Mald\u00edveyja, Indlands, Malas\u00edu, \u00cdtal\u00edu, Bandar\u00edkjanna, Sp\u00e1nar, Tyrklands og Su\u00f0ur-Afr\u00edku ...<\/p>\n<p>Teymi\u00f0 okkar hefur meira en 8 \u00e1ra reynslu \u00ed \u00feessum bransa. V\u00f6rur okkar innihalda a\u00f0allega hengipalla og varahluti fyrir byggingarlyftur. Vi\u00f0 getum framleitt v\u00f6rur \u00ed samr\u00e6mi vi\u00f0 s\u00e9rstakar kr\u00f6fur vi\u00f0skiptavina.\u00a0<span id=\"more-12\"><\/span>Vi\u00f0 teljum a\u00f0 vi\u00f0 getum veitt n\u00fdjar sv\u00f6r fyrir vi\u00f0skiptavinum okkar um allan heim.<!--more--> fullur framkv\u00e6md hafa einkenni fyrirt\u00e6kisins menningar byggingu, stu\u00f0la a\u00f0 anda fyrirt\u00e6kisins, starfa fyrirt\u00e6kja gildi, stefnu og vi\u00f0skipta\u00fer\u00f3un starfsf\u00f3lk til a\u00f0 n\u00e1 fram sj\u00f3narh\u00f3li l\u00edfr\u00e6nna einingu, samhli\u00f0a rekstrar hugtak og hugtaki\u00f0 starfsmanna, innri heimi heima samstillt vi\u00f0 ytri umhverfi batna\u00f0, a\u00f0 byggja upp samfellda framtak.<\/p>\n<p><a href=\"https:\/\/www.sewbc.com\/wp-content\/uploads\/about2.jpg\"><img loading=\"lazy\" decoding=\"async\" class=\"alignnone wp-image-787 size-full\" src=\"https:\/\/www.sewbc.com\/wp-content\/uploads\/about2.jpg\" alt=\"um2\" width=\"567\" height=\"210\" srcset=\"https:\/\/www.sewbc.com\/wp-content\/uploads\/about2.jpg 567w, https:\/\/www.sewbc.com\/wp-content\/uploads\/about2-300x111.jpg 300w\" sizes=\"auto, (max-width: 567px) 100vw, 567px\" \/><\/a><\/p>\n<p>Fyrirt\u00e6ki\u00f0 okkar hefur 5-10 ranns\u00f3knar- og \u00fer\u00f3unarverkfr\u00e6\u00f0inga. Ranns\u00f3knir og \u00fer\u00f3un eru kjarnadeildir fyrirt\u00e6kisins sem bera \u00e1byrg\u00f0 \u00e1 ranns\u00f3knum og \u00fer\u00f3un n\u00fdrra vara og b\u00e6ta eiginleika v\u00f6runnar. Vinnufl\u00e6\u00f0i ranns\u00f3knar- og \u00fer\u00f3unarmi\u00f0st\u00f6\u00f0varinnar byggir \u00e1 CMM l\u00edkaninu og skiptist \u00ed fimm skref: skipulagningu, h\u00f6nnun, framkv\u00e6md, pr\u00f3fanir og vi\u00f0hald. \u00cd lok skipulagningar- og h\u00f6nnunarstigsins ver\u00f0a framkv\u00e6mdar reglubundnar athuganir. \u00c1 framkv\u00e6mdarstiginu ver\u00f0a \u00ferj\u00e1r pr\u00f3fanir, sam\u00feykkispr\u00f3fanir og sko\u00f0unarpr\u00f3fanir, hver me\u00f0 s\u00ednum eigin \u00fatg\u00e1fum, og s\u00ed\u00f0an pr\u00f3funarstig; pr\u00f3funark\u00f3\u00f0i og pr\u00f3funarg\u00f6gn. \u00deegar \u00fev\u00ed er loki\u00f0 fer vi\u00f0haldsstigi\u00f0 yfir, \u00fear \u00e1 me\u00f0al v\u00f6rur, \u00fej\u00f3nusta og uppf\u00e6rslur, til a\u00f0 b\u00e6ta enn frekar \u00fej\u00f3nustu vi\u00f0 vi\u00f0skiptavini og styrkja v\u00f6rumerki fyrirt\u00e6kisins.<\/p>\n<p><a href=\"https:\/\/www.sewbc.com\/wp-content\/uploads\/about1.jpg\"><img loading=\"lazy\" decoding=\"async\" class=\"alignnone wp-image-786 size-full\" src=\"https:\/\/www.sewbc.com\/wp-content\/uploads\/about1.jpg\" alt=\"um1\" width=\"708\" height=\"668\" srcset=\"https:\/\/www.sewbc.com\/wp-content\/uploads\/about1.jpg 708w, https:\/\/www.sewbc.com\/wp-content\/uploads\/about1-300x283.jpg 300w\" sizes=\"auto, (max-width: 708px) 100vw, 708px\" \/><\/a><\/p>\n<p>Nokku\u00f0 \u00fearf a\u00f0sto\u00f0armenn okkar \u00e1n\u00e6gjulegt a\u00f0 hafa samband vi\u00f0 okkur. Netfang:\u00a0<a href=\"mailto:sales@buildinglift.com\">sales@buildinglift.com<\/a><\/p>","protected":false},"excerpt":{"rendered":"<p>Shanghai Success Construction International Trade Co., Ltd. As a professional suspended platform manufacturer and supplier, we offer most reliable products and excellent service to our customers. We have been experiencing fast growth with the rapid development of Chinese economy. Our products are currently exported to Our products are mainly exported to Dominican Republic, Maldives, India, [&hellip;]<\/p>\n","protected":false},"author":1,"featured_media":35,"parent":0,"menu_order":0,"comment_status":"closed","ping_status":"closed","template":"templates\/full-width-page.php","meta":{"footnotes":""},"class_list":["post-34","page","type-page","status-publish","has-post-thumbnail","hentry"],"_links":{"self":[{"href":"https:\/\/www.sewbc.com\/is\/wp-json\/wp\/v2\/pages\/34","targetHints":{"allow":["GET"]}}],"collection":[{"href":"https:\/\/www.sewbc.com\/is\/wp-json\/wp\/v2\/pages"}],"about":[{"href":"https:\/\/www.sewbc.com\/is\/wp-json\/wp\/v2\/types\/page"}],"author":[{"embeddable":true,"href":"https:\/\/www.sewbc.com\/is\/wp-json\/wp\/v2\/users\/1"}],"replies":[{"embeddable":true,"href":"https:\/\/www.sewbc.com\/is\/wp-json\/wp\/v2\/comments?post=34"}],"version-history":[{"count":0,"href":"https:\/\/www.sewbc.com\/is\/wp-json\/wp\/v2\/pages\/34\/revisions"}],"wp:featuredmedia":[{"embeddable":true,"href":"https:\/\/www.sewbc.com\/is\/wp-json\/wp\/v2\/media\/35"}],"wp:attachment":[{"href":"https:\/\/www.sewbc.com\/is\/wp-json\/wp\/v2\/media?parent=34"}],"curies":[{"name":"wp","href":"https:\/\/api.w.org\/{rel}","templated":true}]}}