{"id":809,"date":"2018-10-19T06:03:22","date_gmt":"2018-10-19T06:03:22","guid":{"rendered":"https:\/\/www.sewbc.com\/?page_id=809"},"modified":"2024-10-24T15:28:17","modified_gmt":"2024-10-24T15:28:17","slug":"lepjen-kapcsolatba-velunk","status":"publish","type":"page","link":"https:\/\/www.sewbc.com\/hu\/lepjen-kapcsolatba-velunk","title":{"rendered":"Kapcsolatfelv\u00e9tel"},"content":{"rendered":"<p><strong>Sanghaj siker \u00e9p\u00edt\u00e9se International Trade Co., Ltd.<\/strong><\/p>\n<p>Nanfeng Rd, fengxian ker\u00fclet, Shanghai, K\u00edna<\/p>\n<p><strong>Telefon:<\/strong>\u00a00086-17317571902 (Whatsapp)<\/p>\n<p><strong>Email:<\/strong> <a href=\"mailto:ailsa@buildinglift.com\">ailsa@buildinglift.com<\/a><\/p>\n<p><strong>Weboldal:<\/strong><a href=\"https:\/\/www.sewbc.com\/hu\/\">https:\/\/www.sewbc.com\u00a0<\/a><\/p>","protected":false},"excerpt":{"rendered":"<p>Shanghai Success Construction International Trade Co., Ltd. Nanfeng Rd, fengxian District, Shanghai, K\u00edna Telefon: Nanfeng Rd, fengxian District, Shanghai, K\u00edna Phone: ailsa@buildinglift.com Webhely: https:\/\/www.sewbc.com.\u00a0<\/p>","protected":false},"author":1,"featured_media":0,"parent":0,"menu_order":0,"comment_status":"closed","ping_status":"closed","template":"templates\/full-width-page.php","meta":{"footnotes":""},"class_list":["post-809","page","type-page","status-publish","hentry"],"_links":{"self":[{"href":"https:\/\/www.sewbc.com\/hu\/wp-json\/wp\/v2\/pages\/809","targetHints":{"allow":["GET"]}}],"collection":[{"href":"https:\/\/www.sewbc.com\/hu\/wp-json\/wp\/v2\/pages"}],"about":[{"href":"https:\/\/www.sewbc.com\/hu\/wp-json\/wp\/v2\/types\/page"}],"author":[{"embeddable":true,"href":"https:\/\/www.sewbc.com\/hu\/wp-json\/wp\/v2\/users\/1"}],"replies":[{"embeddable":true,"href":"https:\/\/www.sewbc.com\/hu\/wp-json\/wp\/v2\/comments?post=809"}],"version-history":[{"count":0,"href":"https:\/\/www.sewbc.com\/hu\/wp-json\/wp\/v2\/pages\/809\/revisions"}],"wp:attachment":[{"href":"https:\/\/www.sewbc.com\/hu\/wp-json\/wp\/v2\/media?parent=809"}],"curies":[{"name":"wp","href":"https:\/\/api.w.org\/{rel}","templated":true}]}}