{"id":807,"date":"2018-10-19T06:00:51","date_gmt":"2018-10-19T06:00:51","guid":{"rendered":"https:\/\/www.sewbc.com\/?page_id=807"},"modified":"2021-09-14T07:49:40","modified_gmt":"2021-09-14T07:49:40","slug":"megoldasok","status":"publish","type":"page","link":"https:\/\/www.sewbc.com\/hu\/megoldasok","title":{"rendered":"megold\u00e1sok"},"content":{"rendered":"<p>A felf\u00fcggesztett platformrendszerek ideiglenes hozz\u00e1f\u00e9r\u00e9st biztos\u00edtanak a magass\u00e1gokhoz - az \u00e9p\u00fcletek karbantart\u00e1s\u00e1hoz, \u00e9p\u00edt\u00e9si ter\u00fcleteken vagy ipari k\u00f6rnyezetben. Term\u00e9keink modul\u00e1ris felf\u00fcggesztett platform rendszereket k\u00edn\u00e1lnak, amelyek hihetetlen\u00fcl k\u00f6nny\u0171 \u00f6sszeszerelni.<\/p>\n<p>Tov\u00e1bbra is dolgozunk azon emberek sz\u00e1m\u00e1ra, akik emberis\u00e9g-rendszert k\u00edn\u00e1lnak, \u00e9s a legjobb t\u00e1mogat\u00e1st \u00e9s szolg\u00e1ltat\u00e1sokat ny\u00fajtj\u00e1k. A nagyszer\u0171 technikai csapat miatt kiv\u00e1l\u00f3 min\u0151s\u00e9g\u0171 t\u00faraszervizet biztos\u00edtunk minden vend\u00e9g sz\u00e1m\u00e1ra. Technikai \u00e9s menedzsment megold\u00e1sainkat is el\u00e9rhet\u0151v\u00e9 tessz\u00fck, hogy seg\u00edts\u00fcnk a k\u00e9sz\u00fcl\u00e9kek termel\u00e9kenys\u00e9g\u00e9nek \u00e9s hat\u00e9konys\u00e1g\u00e1nak n\u00f6vel\u00e9s\u00e9ben, valamint a berendez\u00e9sek flott\u00e1j\u00e1nak \u00e9s m\u0171veleteinek hat\u00e9konyabb kezel\u00e9s\u00e9ben. A szolg\u00e1ltat\u00e1s gyorsabb v\u00e1laszad\u00e1si sebess\u00e9ge, hogy id\u0151t takar\u00edtson meg. A vas\u00fat \u00e9s a l\u00e9gi k\u00f6zleked\u00e9s modern sz\u00e1ll\u00edt\u00e1si h\u00e1l\u00f3zata, gy\u0151z\u0151dj\u00f6n meg r\u00f3la, hogy az \u00f6sszes p\u00f3talkatr\u00e9sz id\u0151ben meg\u00e9rkezett.<\/p>","protected":false},"excerpt":{"rendered":"<p>Suspended Platform Systems provide temporary access to heights \u2013 for building maintenance, at construction sites or in industrial environments. Our product offers modular Suspended Platform Systems which are incredibly easy to assemble. We continue to work for guests providing humanity system solutions and provide best support and services. Because of the formidable technical team, we [&hellip;]<\/p>\n","protected":false},"author":1,"featured_media":0,"parent":0,"menu_order":0,"comment_status":"closed","ping_status":"closed","template":"templates\/full-width-page.php","meta":{"footnotes":""},"class_list":["post-807","page","type-page","status-publish","hentry"],"_links":{"self":[{"href":"https:\/\/www.sewbc.com\/hu\/wp-json\/wp\/v2\/pages\/807","targetHints":{"allow":["GET"]}}],"collection":[{"href":"https:\/\/www.sewbc.com\/hu\/wp-json\/wp\/v2\/pages"}],"about":[{"href":"https:\/\/www.sewbc.com\/hu\/wp-json\/wp\/v2\/types\/page"}],"author":[{"embeddable":true,"href":"https:\/\/www.sewbc.com\/hu\/wp-json\/wp\/v2\/users\/1"}],"replies":[{"embeddable":true,"href":"https:\/\/www.sewbc.com\/hu\/wp-json\/wp\/v2\/comments?post=807"}],"version-history":[{"count":0,"href":"https:\/\/www.sewbc.com\/hu\/wp-json\/wp\/v2\/pages\/807\/revisions"}],"wp:attachment":[{"href":"https:\/\/www.sewbc.com\/hu\/wp-json\/wp\/v2\/media?parent=807"}],"curies":[{"name":"wp","href":"https:\/\/api.w.org\/{rel}","templated":true}]}}