{"id":34,"date":"2018-09-28T03:35:58","date_gmt":"2018-09-28T03:35:58","guid":{"rendered":"http:\/\/www.sewbc.com\/?page_id=34"},"modified":"2024-10-24T15:35:55","modified_gmt":"2024-10-24T15:35:55","slug":"rolunk","status":"publish","type":"page","link":"https:\/\/www.sewbc.com\/hu\/rolunk","title":{"rendered":"R\u00f3lunk"},"content":{"rendered":"<p><strong>Sanghaj siker \u00e9p\u00edt\u00e9se International Trade Co., Ltd.<\/strong><\/p>\n<p>Mint professzion\u00e1lis felf\u00fcggesztett platform gy\u00e1rt\u00f3ja \u00e9s sz\u00e1ll\u00edt\u00f3ja, a legmegb\u00edzhat\u00f3bb term\u00e9keket \u00e9s kiv\u00e1l\u00f3 szolg\u00e1ltat\u00e1st k\u00edn\u00e1lunk \u00fcgyfeleinknek. A k\u00ednai gazdas\u00e1g gyors fejl\u0151d\u00e9s\u00e9vel gyors n\u00f6veked\u00e9st tapasztalunk. Term\u00e9keinket jelenleg a k\u00f6vetkez\u0151 orsz\u00e1gokba export\u00e1ljuk: Dominikai K\u00f6zt\u00e1rsas\u00e1g, Mald\u00edv-szigetek, India, Malajzia, Olaszorsz\u00e1g, USA, USA, Spanyolorsz\u00e1g, T\u00f6r\u00f6korsz\u00e1g \u00e9s D\u00e9l-Afrika.....<\/p>\n<p>Csapatunk t\u00f6bb mint 8 \u00e9ves tapasztalattal rendelkezik ezen a ter\u00fcleten. Term\u00e9keink k\u00f6z\u00e9 tartozik els\u0151sorban felf\u00fcggesztett platform, \u00e9s p\u00f3talkatr\u00e9szek az \u00e9p\u00edt\u0151ipari emel\u0151, Tudunk gy\u00e1rtani term\u00e9keket az \u00fcgyfelek speci\u00e1lis ig\u00e9nyei szerint.\u00a0<span id=\"more-12\"><\/span>\u00fagy gondoljuk, innovat\u00edv v\u00e1laszokat tudunk ny\u00fajtani \u00fcgyfeleinknek vil\u00e1gszerte.<!--more--> a teljes k\u00f6r\u0171 megval\u00f3s\u00edt\u00e1s jellemzi a v\u00e1llalati kult\u00fara\u00e9p\u00edt\u00e9st, el\u0151mozd\u00edtja a v\u00e1llalkoz\u00e1sok szellem\u00e9t, gyakorolja a v\u00e1llalati \u00e9rt\u00e9keket, a strat\u00e9gia \u00e9s az \u00fczleti fejleszt\u00e9s munkat\u00e1rsai, hogy el\u00e9rj\u00e9k az organikus egys\u00e9g, a harm\u00f3nia kezel\u0151 koncepci\u00f3 \u00e9s a munkav\u00e1llal\u00f3k fogalm\u00e1t, a munkav\u00e1llal\u00f3k bels\u0151 vil\u00e1g\u00e1t a a k\u00fcls\u0151 k\u00f6rnyezet javult, harmonikus v\u00e1llalkoz\u00e1s \u00e9p\u00edt\u00e9se.<\/p>\n<p><a href=\"https:\/\/www.sewbc.com\/wp-content\/uploads\/about2.jpg\"><img loading=\"lazy\" decoding=\"async\" class=\"alignnone wp-image-787 size-full\" src=\"https:\/\/www.sewbc.com\/wp-content\/uploads\/about2.jpg\" alt=\"about2\" width=\"567\" height=\"210\" srcset=\"https:\/\/www.sewbc.com\/wp-content\/uploads\/about2.jpg 567w, https:\/\/www.sewbc.com\/wp-content\/uploads\/about2-300x111.jpg 300w\" sizes=\"auto, (max-width: 567px) 100vw, 567px\" \/><\/a><\/p>\n<p>C\u00e9g\u00fcnkn\u00e9l 5-10 f\u0151 K+F m\u00e9rn\u00f6k dolgozik. A K+F a v\u00e1llalat f\u0151 r\u00e9szlege, amely az \u00faj term\u00e9kek kutat\u00e1s\u00e1val \u00e9s fejleszt\u00e9s\u00e9vel, valamint a term\u00e9kjellemz\u0151k jav\u00edt\u00e1s\u00e1val foglalkozik. A K+F k\u00f6zpont munkafolyamata a CMM modellen alapul, amely \u00f6t l\u00e9p\u00e9sb\u0151l \u00e1ll: tervez\u00e9s, kivitelez\u00e9s, tesztel\u00e9s \u00e9s karbantart\u00e1s. A tervez\u00e9si szakasz v\u00e9g\u00e9n id\u0151szakos ellen\u0151rz\u00e9seket v\u00e9geznek, a megval\u00f3s\u00edt\u00e1si szakaszban pedig h\u00e1rom tesztel\u00e9s \u00e9s \u00e1tv\u00e9teli tesztel\u00e9s, valamint ellen\u0151rz\u00e9s t\u00f6rt\u00e9nik, mindegyik ut\u00e1n k\u00fcl\u00f6n\u00e1ll\u00f3 verzi\u00f3 futtathat\u00f3, majd ezt k\u00f6veti a tesztel\u00e9si f\u00e1zis; tesztk\u00f3d lefedetts\u00e9g, tesztadatok lefedetts\u00e9ge. A befejez\u00e9s ut\u00e1n a karbantart\u00e1si f\u00e1zis k\u00f6vetkezik, amely mag\u00e1ban foglalja a term\u00e9kek, szolg\u00e1ltat\u00e1sok \u00e9s friss\u00edt\u00e9sek fejleszt\u00e9s\u00e9t az \u00fcgyf\u00e9lszolg\u00e1lat tov\u00e1bbi jav\u00edt\u00e1sa \u00e9s a v\u00e1llalat m\u00e1rka\u00e9p\u00edt\u00e9se \u00e9rdek\u00e9ben.<\/p>\n<p><a href=\"https:\/\/www.sewbc.com\/wp-content\/uploads\/about1.jpg\"><img loading=\"lazy\" decoding=\"async\" class=\"alignnone wp-image-786 size-full\" src=\"https:\/\/www.sewbc.com\/wp-content\/uploads\/about1.jpg\" alt=\"about1\" width=\"708\" height=\"668\" srcset=\"https:\/\/www.sewbc.com\/wp-content\/uploads\/about1.jpg 708w, https:\/\/www.sewbc.com\/wp-content\/uploads\/about1-300x283.jpg 300w\" sizes=\"auto, (max-width: 708px) 100vw, 708px\" \/><\/a><\/p>\n<p>B\u00e1rmi, amire sz\u00fcks\u00e9g\u00fcnk van, seg\u00edts\u00e9g\u00fcnkre bocs\u00e1ssanak benn\u00fcnket. Email:\u00a0<a href=\"mailto:sales@buildinglift.com\">sales@buildinglift.com<\/a><\/p>","protected":false},"excerpt":{"rendered":"<p>Shanghai Success Construction International Trade Co., Ltd. As a professional suspended platform manufacturer and supplier, we offer most reliable products and excellent service to our customers. We have been experiencing fast growth with the rapid development of Chinese economy. Our products are currently exported to Our products are mainly exported to Dominican Republic, Maldives, India, [&hellip;]<\/p>\n","protected":false},"author":1,"featured_media":35,"parent":0,"menu_order":0,"comment_status":"closed","ping_status":"closed","template":"templates\/full-width-page.php","meta":{"footnotes":""},"class_list":["post-34","page","type-page","status-publish","has-post-thumbnail","hentry"],"_links":{"self":[{"href":"https:\/\/www.sewbc.com\/hu\/wp-json\/wp\/v2\/pages\/34","targetHints":{"allow":["GET"]}}],"collection":[{"href":"https:\/\/www.sewbc.com\/hu\/wp-json\/wp\/v2\/pages"}],"about":[{"href":"https:\/\/www.sewbc.com\/hu\/wp-json\/wp\/v2\/types\/page"}],"author":[{"embeddable":true,"href":"https:\/\/www.sewbc.com\/hu\/wp-json\/wp\/v2\/users\/1"}],"replies":[{"embeddable":true,"href":"https:\/\/www.sewbc.com\/hu\/wp-json\/wp\/v2\/comments?post=34"}],"version-history":[{"count":0,"href":"https:\/\/www.sewbc.com\/hu\/wp-json\/wp\/v2\/pages\/34\/revisions"}],"wp:featuredmedia":[{"embeddable":true,"href":"https:\/\/www.sewbc.com\/hu\/wp-json\/wp\/v2\/media\/35"}],"wp:attachment":[{"href":"https:\/\/www.sewbc.com\/hu\/wp-json\/wp\/v2\/media?parent=34"}],"curies":[{"name":"wp","href":"https:\/\/api.w.org\/{rel}","templated":true}]}}