{"id":807,"date":"2018-10-19T06:00:51","date_gmt":"2018-10-19T06:00:51","guid":{"rendered":"https:\/\/www.sewbc.com\/?page_id=807"},"modified":"2021-09-14T07:49:40","modified_gmt":"2021-09-14T07:49:40","slug":"rjesenja","status":"publish","type":"page","link":"https:\/\/www.sewbc.com\/hr\/rjesenja","title":{"rendered":"rje\u0161enja"},"content":{"rendered":"<p>Suspendirani platformski sustavi omogu\u0107uju privremeni pristup visinama - za odr\u017eavanje zgrade, na gradili\u0161tima ili u industrijskim okru\u017eenjima. Na\u0161 proizvod nudi modularne Suspendirane platformske sustave koji su nevjerojatno jednostavni za sastavljanje.<\/p>\n<p>Mi nastavljamo raditi za goste koji pru\u017eaju rje\u0161enja \u010dovje\u010danstva i pru\u017eaju najbolju podr\u0161ku i usluge. Zbog zastra\u0161uju\u0107eg tehni\u010dkog tima pru\u017eili smo kvalitetnu turisti\u010dku uslugu svim gostima. Tako\u0111er imamo na raspolaganju tehni\u010dka i upravlja\u010dka rje\u0161enja kako bismo va\u0161u opremu u\u010dinili produktivnima i u\u010dinkovitijima te kako bismo vam mogli u\u010dinkovitije upravljati voznim parkovima i operacijama. Br\u017ee odziv usluge kako biste u\u0161tedjeli svoje vrijeme. Suvremena transportna mre\u017ea \u017eeljeznice i zrakoplovstva, pobrinite se da su svi rezervni dijelovi dobili na vrijeme.<\/p>","protected":false},"excerpt":{"rendered":"<p>Suspended Platform Systems provide temporary access to heights \u2013 for building maintenance, at construction sites or in industrial environments. Our product offers modular Suspended Platform Systems which are incredibly easy to assemble. We continue to work for guests providing humanity system solutions and provide best support and services. Because of the formidable technical team, we [&hellip;]<\/p>\n","protected":false},"author":1,"featured_media":0,"parent":0,"menu_order":0,"comment_status":"closed","ping_status":"closed","template":"templates\/full-width-page.php","meta":{"footnotes":""},"class_list":["post-807","page","type-page","status-publish","hentry"],"_links":{"self":[{"href":"https:\/\/www.sewbc.com\/hr\/wp-json\/wp\/v2\/pages\/807","targetHints":{"allow":["GET"]}}],"collection":[{"href":"https:\/\/www.sewbc.com\/hr\/wp-json\/wp\/v2\/pages"}],"about":[{"href":"https:\/\/www.sewbc.com\/hr\/wp-json\/wp\/v2\/types\/page"}],"author":[{"embeddable":true,"href":"https:\/\/www.sewbc.com\/hr\/wp-json\/wp\/v2\/users\/1"}],"replies":[{"embeddable":true,"href":"https:\/\/www.sewbc.com\/hr\/wp-json\/wp\/v2\/comments?post=807"}],"version-history":[{"count":0,"href":"https:\/\/www.sewbc.com\/hr\/wp-json\/wp\/v2\/pages\/807\/revisions"}],"wp:attachment":[{"href":"https:\/\/www.sewbc.com\/hr\/wp-json\/wp\/v2\/media?parent=807"}],"curies":[{"name":"wp","href":"https:\/\/api.w.org\/{rel}","templated":true}]}}