{"id":34,"date":"2018-09-28T03:35:58","date_gmt":"2018-09-28T03:35:58","guid":{"rendered":"http:\/\/www.sewbc.com\/?page_id=34"},"modified":"2024-10-24T15:35:55","modified_gmt":"2024-10-24T15:35:55","slug":"o-nama","status":"publish","type":"page","link":"https:\/\/www.sewbc.com\/hr\/o-nama","title":{"rendered":"O nama"},"content":{"rendered":"<p><strong>\u0160angaj Uspjeh Izgradnja International Trade Co, Ltd<\/strong><\/p>\n<p>Kao profesionalni proizvo\u0111a\u010d i dobavlja\u010d vise\u0107ih platformi, nudimo najpouzdanije proizvode i izvrsnu uslugu na\u0161im kupcima. Do\u017eivljavamo brz rast s brzim razvojem kineskog gospodarstva. Na\u0161i se proizvodi trenutno izvoze u... Na\u0161i se proizvodi uglavnom izvoze u Dominikansku Republiku, Maldive, Indiju, Maleziju, Italiju, SAD, \u0160panjolsku, Tursku i Ju\u017enu Afriku...<\/p>\n<p>Na\u0161 tim ima vi\u0161e od 8 godina iskustva u ovom poslu. Na\u0161i proizvodi uglavnom uklju\u010duju vise\u0107e platforme i rezervne dijelove za gra\u0111evinske dizalice. Mo\u017eemo proizvoditi proizvode prema posebnim zahtjevima kupaca.\u00a0<span id=\"more-12\"><\/span>vjerujemo da mo\u017eemo pru\u017eiti inovativne odgovore za na\u0161e klijente \u0161irom svijeta.<!--more--> punu implementaciju imaju moja svojstva izgradnje kulture poduze\u0107a, promoviraju duh poduzetni\u0161tva, prakticiraju korporativne vrijednosti, strategiju i osoblje za razvoj poslovanja kako bi se postigla vizija organskog jedinstva, koncepta harmonije operatera i koncepta zaposlenika, zaposlenika unutarnjeg svijeta sinkroniziranog s vanjska okolina pobolj\u0161ana, izgradnja skladnog poduze\u0107a.<\/p>\n<p><a href=\"https:\/\/www.sewbc.com\/wp-content\/uploads\/about2.jpg\"><img loading=\"lazy\" decoding=\"async\" class=\"alignnone wp-image-787 size-full\" src=\"https:\/\/www.sewbc.com\/wp-content\/uploads\/about2.jpg\" alt=\"about2\" width=\"567\" height=\"210\" srcset=\"https:\/\/www.sewbc.com\/wp-content\/uploads\/about2.jpg 567w, https:\/\/www.sewbc.com\/wp-content\/uploads\/about2-300x111.jpg 300w\" sizes=\"auto, (max-width: 567px) 100vw, 567px\" \/><\/a><\/p>\n<p>U na\u0161oj tvrtki radi 5 do 10 in\u017eenjera za istra\u017eivanje i razvoj. Istra\u017eivanje i razvoj su klju\u010dni odjeli tvrtke koji se bave istra\u017eivanjem i razvojem novih proizvoda te pobolj\u0161anjem zna\u010dajki proizvoda. Tijek rada centra za istra\u017eivanje i razvoj temelji se na CMM modelu, podijeljenom na specifi\u010dno planiranje, dizajn, implementaciju, testiranje i odr\u017eavanje u pet koraka. Na kraju faze planiranja i dizajna provode se periodi\u010dne provjere, a u fazi implementacije provodit \u0107e se tri testiranja i primopredajna ispitivanja te inspekcija nakon \u0161to se za svaku verziju izradi zasebna verzija. Nakon toga slijedi faza testiranja; pokrivenost testnog koda, pokrivenost testnih podataka. Nakon zavr\u0161etka, ulazi se u fazu odr\u017eavanja, uklju\u010duju\u0107i proizvode, usluge i nadogradnje kako bi se dodatno pobolj\u0161ala korisni\u010dka usluga i uspostavio brend tvrtke.<\/p>\n<p><a href=\"https:\/\/www.sewbc.com\/wp-content\/uploads\/about1.jpg\"><img loading=\"lazy\" decoding=\"async\" class=\"alignnone wp-image-786 size-full\" src=\"https:\/\/www.sewbc.com\/wp-content\/uploads\/about1.jpg\" alt=\"about1\" width=\"708\" height=\"668\" srcset=\"https:\/\/www.sewbc.com\/wp-content\/uploads\/about1.jpg 708w, https:\/\/www.sewbc.com\/wp-content\/uploads\/about1-300x283.jpg 300w\" sizes=\"auto, (max-width: 708px) 100vw, 708px\" \/><\/a><\/p>\n<p>Sve \u0161to trebamo na\u0161im pomo\u0107nicima slobodno nas kontaktirajte. E-mail:\u00a0<a href=\"mailto:sales@buildinglift.com\">sales@buildinglift.com<\/a><\/p>","protected":false},"excerpt":{"rendered":"<p>Shanghai Success Construction International Trade Co., Ltd. As a professional suspended platform manufacturer and supplier, we offer most reliable products and excellent service to our customers. We have been experiencing fast growth with the rapid development of Chinese economy. Our products are currently exported to Our products are mainly exported to Dominican Republic, Maldives, India, [&hellip;]<\/p>\n","protected":false},"author":1,"featured_media":35,"parent":0,"menu_order":0,"comment_status":"closed","ping_status":"closed","template":"templates\/full-width-page.php","meta":{"footnotes":""},"class_list":["post-34","page","type-page","status-publish","has-post-thumbnail","hentry"],"_links":{"self":[{"href":"https:\/\/www.sewbc.com\/hr\/wp-json\/wp\/v2\/pages\/34","targetHints":{"allow":["GET"]}}],"collection":[{"href":"https:\/\/www.sewbc.com\/hr\/wp-json\/wp\/v2\/pages"}],"about":[{"href":"https:\/\/www.sewbc.com\/hr\/wp-json\/wp\/v2\/types\/page"}],"author":[{"embeddable":true,"href":"https:\/\/www.sewbc.com\/hr\/wp-json\/wp\/v2\/users\/1"}],"replies":[{"embeddable":true,"href":"https:\/\/www.sewbc.com\/hr\/wp-json\/wp\/v2\/comments?post=34"}],"version-history":[{"count":0,"href":"https:\/\/www.sewbc.com\/hr\/wp-json\/wp\/v2\/pages\/34\/revisions"}],"wp:featuredmedia":[{"embeddable":true,"href":"https:\/\/www.sewbc.com\/hr\/wp-json\/wp\/v2\/media\/35"}],"wp:attachment":[{"href":"https:\/\/www.sewbc.com\/hr\/wp-json\/wp\/v2\/media?parent=34"}],"curies":[{"name":"wp","href":"https:\/\/api.w.org\/{rel}","templated":true}]}}