{"id":807,"date":"2018-10-19T06:00:51","date_gmt":"2018-10-19T06:00:51","guid":{"rendered":"https:\/\/www.sewbc.com\/?page_id=807"},"modified":"2021-09-14T07:49:40","modified_gmt":"2021-09-14T07:49:40","slug":"solucions","status":"publish","type":"page","link":"https:\/\/www.sewbc.com\/gl\/solucions","title":{"rendered":"soluci\u00f3ns"},"content":{"rendered":"<p>Os sistemas de plataforma suspendidos proporcionan acceso temporal \u00e1s alturas - para o mantemento da construci\u00f3n, en lugares de construci\u00f3n ou en ambientes industriais. O noso produto ofrece sistemas modulares de plataformas suspendidas que son moi f\u00e1ciles de montar.<\/p>\n<p>Continuamos traballando para os clientes que ofrecen soluci\u00f3ns de sistemas humanitarios e prestan o mellor soporte e servizos. Debido ao formidable equipo t\u00e9cnico, ofrecemos un servizo tur\u00edstico de alta calidade para todos os invitados. Tam\u00e9n temos dispo\u00f1ibles as nosas soluci\u00f3ns t\u00e9cnicas e de xesti\u00f3n para axudarlle a facer o equipo m\u00e1is produtivo e eficiente e axudarlle a xestionar de xeito m\u00e1is efectivo as flotas e as operaci\u00f3ns de equipos. Velocidade de resposta m\u00e1is r\u00e1pida do servizo para aforrar tempo. Moderna rede de transporte de ferrocarril e aviaci\u00f3n, aseg\u00farese de que todas as pezas de reposici\u00f3n chegaron a tempo.<\/p>","protected":false},"excerpt":{"rendered":"<p>Suspended Platform Systems provide temporary access to heights \u2013 for building maintenance, at construction sites or in industrial environments. Our product offers modular Suspended Platform Systems which are incredibly easy to assemble. We continue to work for guests providing humanity system solutions and provide best support and services. Because of the formidable technical team, we [&hellip;]<\/p>\n","protected":false},"author":1,"featured_media":0,"parent":0,"menu_order":0,"comment_status":"closed","ping_status":"closed","template":"templates\/full-width-page.php","meta":{"footnotes":""},"class_list":["post-807","page","type-page","status-publish","hentry"],"_links":{"self":[{"href":"https:\/\/www.sewbc.com\/gl\/wp-json\/wp\/v2\/pages\/807","targetHints":{"allow":["GET"]}}],"collection":[{"href":"https:\/\/www.sewbc.com\/gl\/wp-json\/wp\/v2\/pages"}],"about":[{"href":"https:\/\/www.sewbc.com\/gl\/wp-json\/wp\/v2\/types\/page"}],"author":[{"embeddable":true,"href":"https:\/\/www.sewbc.com\/gl\/wp-json\/wp\/v2\/users\/1"}],"replies":[{"embeddable":true,"href":"https:\/\/www.sewbc.com\/gl\/wp-json\/wp\/v2\/comments?post=807"}],"version-history":[{"count":0,"href":"https:\/\/www.sewbc.com\/gl\/wp-json\/wp\/v2\/pages\/807\/revisions"}],"wp:attachment":[{"href":"https:\/\/www.sewbc.com\/gl\/wp-json\/wp\/v2\/media?parent=807"}],"curies":[{"name":"wp","href":"https:\/\/api.w.org\/{rel}","templated":true}]}}