{"id":34,"date":"2018-09-28T03:35:58","date_gmt":"2018-09-28T03:35:58","guid":{"rendered":"http:\/\/www.sewbc.com\/?page_id=34"},"modified":"2024-10-24T15:35:55","modified_gmt":"2024-10-24T15:35:55","slug":"sobre-nos","status":"publish","type":"page","link":"https:\/\/www.sewbc.com\/gl\/sobre-nos","title":{"rendered":"Sobre n\u00f3s"},"content":{"rendered":"<p><strong>Construci\u00f3n de \u00e9xito de Shanghai International Trade Co, Ltd<\/strong><\/p>\n<p>Como fabricante e provedor profesional de plataformas suspendidas, ofrecemos os produtos m\u00e1is fiables e un excelente servizo aos nosos clientes. Experimentamos un r\u00e1pido crecemento co r\u00e1pido desenvolvemento da econom\u00eda chinesa. Os nosos produtos exp\u00f3rtanse actualmente a Rep\u00fablica Dominicana, Maldivas, India, Malaisia, Italia, Estados Unidos, Espa\u00f1a, Turqu\u00eda e Sud\u00e1frica...<\/p>\n<p>O noso equipo ten m\u00e1is de 8 anos de experiencia nesta li\u00f1a de negocio. Os nosos produtos incl\u00faen principalmente plataformas suspendidas e pezas de reposto para elevadores de construci\u00f3n. Podemos producir produtos segundo os requisitos especiais dos clientes.\u00a0<span id=\"more-12\"><\/span>cremos que podemos proporcionar respostas innovadoras para os nosos clientes en todo o mundo.<!--more--> A implantaci\u00f3n plena ten as mi\u00f1as caracter\u00edsticas da construci\u00f3n da empresa cultural, promueve o esp\u00edrito empresarial, practica valores corporativos, estratexia e persoal de desenvolvemento empresarial para acadar a visi\u00f3n dunha unidade org\u00e1nica, o concepto de operador de harmon\u00eda eo concepto de empregados, o mundo interno dos empregados sincronizado co mellorou o ambiente externo, constru\u00edu unha empresa harmoniosa.<\/p>\n<p><a href=\"https:\/\/www.sewbc.com\/wp-content\/uploads\/about2.jpg\"><img loading=\"lazy\" decoding=\"async\" class=\"alignnone wp-image-787 size-full\" src=\"https:\/\/www.sewbc.com\/wp-content\/uploads\/about2.jpg\" alt=\"preto de 2\" width=\"567\" height=\"210\" srcset=\"https:\/\/www.sewbc.com\/wp-content\/uploads\/about2.jpg 567w, https:\/\/www.sewbc.com\/wp-content\/uploads\/about2-300x111.jpg 300w\" sizes=\"auto, (max-width: 567px) 100vw, 567px\" \/><\/a><\/p>\n<p>Na nosa empresa hai entre 5 e 10 enxe\u00f1eiros de I+D. O I+D \u00e9 o departamento principal da empresa, que se encarga da investigaci\u00f3n e o desenvolvemento de novos produtos e da mellora das caracter\u00edsticas dos produtos. O fluxo de traballo do centro de I+D bas\u00e9ase no modelo CMM recortado, dividido en cinco pasos de planificaci\u00f3n espec\u00edfica, dese\u00f1o, implementaci\u00f3n, probas e mantemento. Ao final da fase de planificaci\u00f3n e dese\u00f1o, real\u00edzanse comprobaci\u00f3ns peri\u00f3dicas. Na fase de implementaci\u00f3n haber\u00e1 tres probas e probas de aceptaci\u00f3n e inspecci\u00f3n, despois de que cada unha te\u00f1a unha versi\u00f3n separada que se poida executar, seguida da fase de proba; cobertura de c\u00f3digo de proba e cobertura de datos de proba. Unha vez rematado, entra na fase de mantemento, que incl\u00fae produtos, servizos e actualizaci\u00f3ns para mellorar a\u00ednda m\u00e1is o servizo ao cliente e establecer a marca da empresa.<\/p>\n<p><a href=\"https:\/\/www.sewbc.com\/wp-content\/uploads\/about1.jpg\"><img loading=\"lazy\" decoding=\"async\" class=\"alignnone wp-image-786 size-full\" src=\"https:\/\/www.sewbc.com\/wp-content\/uploads\/about1.jpg\" alt=\"preto de 1\" width=\"708\" height=\"668\" srcset=\"https:\/\/www.sewbc.com\/wp-content\/uploads\/about1.jpg 708w, https:\/\/www.sewbc.com\/wp-content\/uploads\/about1-300x283.jpg 300w\" sizes=\"auto, (max-width: 708px) 100vw, 708px\" \/><\/a><\/p>\n<p>Calquera cousa necesita o noso asisstant non dubide en contactar connosco. Correo electr\u00f3nico:\u00a0<a href=\"mailto:sales@buildinglift.com\">sales@buildinglift.com<\/a><\/p>","protected":false},"excerpt":{"rendered":"<p>Shanghai Success Construction International Trade Co., Ltd. As a professional suspended platform manufacturer and supplier, we offer most reliable products and excellent service to our customers. We have been experiencing fast growth with the rapid development of Chinese economy. Our products are currently exported to Our products are mainly exported to Dominican Republic, Maldives, India, [&hellip;]<\/p>\n","protected":false},"author":1,"featured_media":35,"parent":0,"menu_order":0,"comment_status":"closed","ping_status":"closed","template":"templates\/full-width-page.php","meta":{"footnotes":""},"class_list":["post-34","page","type-page","status-publish","has-post-thumbnail","hentry"],"_links":{"self":[{"href":"https:\/\/www.sewbc.com\/gl\/wp-json\/wp\/v2\/pages\/34","targetHints":{"allow":["GET"]}}],"collection":[{"href":"https:\/\/www.sewbc.com\/gl\/wp-json\/wp\/v2\/pages"}],"about":[{"href":"https:\/\/www.sewbc.com\/gl\/wp-json\/wp\/v2\/types\/page"}],"author":[{"embeddable":true,"href":"https:\/\/www.sewbc.com\/gl\/wp-json\/wp\/v2\/users\/1"}],"replies":[{"embeddable":true,"href":"https:\/\/www.sewbc.com\/gl\/wp-json\/wp\/v2\/comments?post=34"}],"version-history":[{"count":0,"href":"https:\/\/www.sewbc.com\/gl\/wp-json\/wp\/v2\/pages\/34\/revisions"}],"wp:featuredmedia":[{"embeddable":true,"href":"https:\/\/www.sewbc.com\/gl\/wp-json\/wp\/v2\/media\/35"}],"wp:attachment":[{"href":"https:\/\/www.sewbc.com\/gl\/wp-json\/wp\/v2\/media?parent=34"}],"curies":[{"name":"wp","href":"https:\/\/api.w.org\/{rel}","templated":true}]}}