{"id":807,"date":"2018-10-19T06:00:51","date_gmt":"2018-10-19T06:00:51","guid":{"rendered":"https:\/\/www.sewbc.com\/?page_id=807"},"modified":"2021-09-14T07:49:40","modified_gmt":"2021-09-14T07:49:40","slug":"solutions","status":"publish","type":"page","link":"http:\/\/www.sewbc.com\/fr\/solutions","title":{"rendered":"solutions"},"content":{"rendered":"<p>Les syst\u00e8mes de plates-formes suspendues offrent un acc\u00e8s temporaire aux hauteurs - pour la maintenance des b\u00e2timents, sur les chantiers de construction ou dans les environnements industriels. Notre produit propose des syst\u00e8mes de plate-forme suspendue modulaires qui sont incroyablement faciles \u00e0 assembler.<\/p>\n<p>Nous continuons \u00e0 travailler pour les clients en fournissant des solutions de syst\u00e8me humanit\u00e9 et en fournissant le meilleur support et les meilleurs services. En raison de la formidable \u00e9quipe technique, nous avons fourni un service de visites de haute qualit\u00e9 \u00e0 tous les invit\u00e9s. Nous disposons \u00e9galement de nos solutions techniques et de gestion pour rendre votre \u00e9quipement plus productif et efficace et pour vous aider \u00e0 g\u00e9rer plus efficacement les flottes et les op\u00e9rations d\u2019\u00e9quipement. Vitesse de r\u00e9ponse du service plus rapide pour \u00e9conomiser votre temps. R\u00e9seau de transport moderne des chemins de fer et de l&#039;aviation, assurez-vous que toutes les pi\u00e8ces de rechange ont \u00e9t\u00e9 livr\u00e9es \u00e0 temps.<\/p>","protected":false},"excerpt":{"rendered":"<p>Suspended Platform Systems provide temporary access to heights \u2013 for building maintenance, at construction sites or in industrial environments. Our product offers modular Suspended Platform Systems which are incredibly easy to assemble. We continue to work for guests providing humanity system solutions and provide best support and services. Because of the formidable technical team, we [&hellip;]<\/p>\n","protected":false},"author":1,"featured_media":0,"parent":0,"menu_order":0,"comment_status":"closed","ping_status":"closed","template":"templates\/full-width-page.php","meta":{"footnotes":""},"class_list":["post-807","page","type-page","status-publish","hentry"],"_links":{"self":[{"href":"http:\/\/www.sewbc.com\/fr\/wp-json\/wp\/v2\/pages\/807","targetHints":{"allow":["GET"]}}],"collection":[{"href":"http:\/\/www.sewbc.com\/fr\/wp-json\/wp\/v2\/pages"}],"about":[{"href":"http:\/\/www.sewbc.com\/fr\/wp-json\/wp\/v2\/types\/page"}],"author":[{"embeddable":true,"href":"http:\/\/www.sewbc.com\/fr\/wp-json\/wp\/v2\/users\/1"}],"replies":[{"embeddable":true,"href":"http:\/\/www.sewbc.com\/fr\/wp-json\/wp\/v2\/comments?post=807"}],"version-history":[{"count":0,"href":"http:\/\/www.sewbc.com\/fr\/wp-json\/wp\/v2\/pages\/807\/revisions"}],"wp:attachment":[{"href":"http:\/\/www.sewbc.com\/fr\/wp-json\/wp\/v2\/media?parent=807"}],"curies":[{"name":"wp","href":"https:\/\/api.w.org\/{rel}","templated":true}]}}