{"id":34,"date":"2018-09-28T03:35:58","date_gmt":"2018-09-28T03:35:58","guid":{"rendered":"http:\/\/www.sewbc.com\/?page_id=34"},"modified":"2024-10-24T15:35:55","modified_gmt":"2024-10-24T15:35:55","slug":"a-propos-de-nous","status":"publish","type":"page","link":"https:\/\/www.sewbc.com\/fr\/a-propos-de-nous","title":{"rendered":"A propos de nous"},"content":{"rendered":"<p><strong>Shanghai Succ\u00e8s Construction International Trade Co., Ltd.<\/strong><\/p>\n<p>En tant que fabricant et fournisseur professionnel de plates-formes suspendues, nous offrons des produits fiables et un excellent service \u00e0 nos clients. Nous avons connu une croissance rapide avec le d\u00e9veloppement rapide de l'\u00e9conomie chinoise. Nos produits sont actuellement export\u00e9s vers Nos produits sont principalement export\u00e9s vers la R\u00e9publique dominicaine, les Maldives, l'Inde, la Malaisie, l'Italie, les \u00c9tats-Unis, l'Espagne, la Turquie et l'Afrique du Sud....<\/p>\n<p>Notre \u00e9quipe a plus de 8 ans d'exp\u00e9rience dans ce secteur d'activit\u00e9. Nos produits comprennent principalement des plates-formes suspendues et des pi\u00e8ces de rechange pour les ascenseurs de chantier. Nous pouvons produire des produits selon les exigences sp\u00e9ciales des clients.\u00a0<span id=\"more-12\"><\/span>nous pensons pouvoir apporter des r\u00e9ponses innovantes \u00e0 nos clients du monde entier.<!--more--> la mise en \u0153uvre compl\u00e8te a mes caract\u00e9ristiques de la culture de la soci\u00e9t\u00e9 construction, promouvoir l&#039;esprit d&#039;entreprise, pratiquer les valeurs de l&#039;entreprise, la strat\u00e9gie et le personnel de d\u00e9veloppement des affaires pour r\u00e9aliser la vision d&#039;une unit\u00e9 organique, concept d&#039;op\u00e9rateur d&#039;harmonie et le concept d&#039;employ\u00e9s, monde environnement ext\u00e9rieur am\u00e9lior\u00e9, construisant une entreprise harmonieuse.<\/p>\n<p><a href=\"https:\/\/www.sewbc.com\/wp-content\/uploads\/about2.jpg\"><img loading=\"lazy\" decoding=\"async\" class=\"alignnone wp-image-787 size-full\" src=\"https:\/\/www.sewbc.com\/wp-content\/uploads\/about2.jpg\" alt=\"environ2\" width=\"567\" height=\"210\" srcset=\"https:\/\/www.sewbc.com\/wp-content\/uploads\/about2.jpg 567w, https:\/\/www.sewbc.com\/wp-content\/uploads\/about2-300x111.jpg 300w\" sizes=\"auto, (max-width: 567px) 100vw, 567px\" \/><\/a><\/p>\n<p>Notre entreprise compte entre 5 et 10 ing\u00e9nieurs R&amp;D. La R&amp;D est un d\u00e9partement cl\u00e9, charg\u00e9 de la recherche et du d\u00e9veloppement de nouveaux produits et de l&#039;am\u00e9lioration des fonctionnalit\u00e9s des produits existants. Le flux de travail du centre R&amp;D est bas\u00e9 sur le mod\u00e8le CMM simplifi\u00e9 et divis\u00e9 en cinq \u00e9tapes\u00a0: planification, conception, impl\u00e9mentation, tests et maintenance. \u00c0 la fin de la phase de planification et de conception, des contr\u00f4les p\u00e9riodiques sont effectu\u00e9s. Lors de la phase d&#039;impl\u00e9mentation, trois phases de tests sont r\u00e9alis\u00e9es, suivies de tests d&#039;acceptation et d&#039;inspection. Apr\u00e8s chaque phase, une version distincte est test\u00e9e, puis la phase de test compl\u00e8te (couverture du code et couverture des donn\u00e9es). Une fois ces tests termin\u00e9s, la phase de maintenance commence. Elle inclut les produits, les services et les mises \u00e0 jour afin d&#039;am\u00e9liorer le service client et de renforcer la notori\u00e9t\u00e9 de la marque.<\/p>\n<p><a href=\"https:\/\/www.sewbc.com\/wp-content\/uploads\/about1.jpg\"><img loading=\"lazy\" decoding=\"async\" class=\"alignnone wp-image-786 size-full\" src=\"https:\/\/www.sewbc.com\/wp-content\/uploads\/about1.jpg\" alt=\"environ1\" width=\"708\" height=\"668\" srcset=\"https:\/\/www.sewbc.com\/wp-content\/uploads\/about1.jpg 708w, https:\/\/www.sewbc.com\/wp-content\/uploads\/about1-300x283.jpg 300w\" sizes=\"auto, (max-width: 708px) 100vw, 708px\" \/><\/a><\/p>\n<p>Si vous avez besoin de notre aide, n&#039;h\u00e9sitez pas \u00e0 nous contacter. Email:\u00a0<a href=\"mailto:sales@buildinglift.com\">sales@buildinglift.com<\/a><\/p>","protected":false},"excerpt":{"rendered":"<p>Shanghai Success Construction International Trade Co., Ltd. As a professional suspended platform manufacturer and supplier, we offer most reliable products and excellent service to our customers. We have been experiencing fast growth with the rapid development of Chinese economy. Our products are currently exported to Our products are mainly exported to Dominican Republic, Maldives, India, [&hellip;]<\/p>\n","protected":false},"author":1,"featured_media":35,"parent":0,"menu_order":0,"comment_status":"closed","ping_status":"closed","template":"templates\/full-width-page.php","meta":{"footnotes":""},"class_list":["post-34","page","type-page","status-publish","has-post-thumbnail","hentry"],"_links":{"self":[{"href":"https:\/\/www.sewbc.com\/fr\/wp-json\/wp\/v2\/pages\/34","targetHints":{"allow":["GET"]}}],"collection":[{"href":"https:\/\/www.sewbc.com\/fr\/wp-json\/wp\/v2\/pages"}],"about":[{"href":"https:\/\/www.sewbc.com\/fr\/wp-json\/wp\/v2\/types\/page"}],"author":[{"embeddable":true,"href":"https:\/\/www.sewbc.com\/fr\/wp-json\/wp\/v2\/users\/1"}],"replies":[{"embeddable":true,"href":"https:\/\/www.sewbc.com\/fr\/wp-json\/wp\/v2\/comments?post=34"}],"version-history":[{"count":0,"href":"https:\/\/www.sewbc.com\/fr\/wp-json\/wp\/v2\/pages\/34\/revisions"}],"wp:featuredmedia":[{"embeddable":true,"href":"https:\/\/www.sewbc.com\/fr\/wp-json\/wp\/v2\/media\/35"}],"wp:attachment":[{"href":"https:\/\/www.sewbc.com\/fr\/wp-json\/wp\/v2\/media?parent=34"}],"curies":[{"name":"wp","href":"https:\/\/api.w.org\/{rel}","templated":true}]}}