{"id":807,"date":"2018-10-19T06:00:51","date_gmt":"2018-10-19T06:00:51","guid":{"rendered":"https:\/\/www.sewbc.com\/?page_id=807"},"modified":"2021-09-14T07:49:40","modified_gmt":"2021-09-14T07:49:40","slug":"lahendused","status":"publish","type":"page","link":"https:\/\/www.sewbc.com\/et\/lahendused","title":{"rendered":"lahendused"},"content":{"rendered":"<p>P\u00fcsivate platvormide s\u00fcsteemid v\u00f5imaldavad ajutist juurdep\u00e4\u00e4su k\u00f5rgustele - hoonete hooldamiseks ehitusplatsidel v\u00f5i t\u00f6\u00f6stuskeskkonnas. Meie toode pakub modulaarset peatatud platvormi s\u00fcsteeme, mis on uskumatult kergesti kokku pandud.<\/p>\n<p>Me j\u00e4tkame t\u00f6\u00f6d k\u00fclalistele, kes pakuvad inimkonna s\u00fcsteemseid lahendusi ja pakume parimat tuge ja teenuseid. Suurte tehniliste meeskondade t\u00f5ttu oleme pakkunud k\u00f5igile k\u00fclalistele kvaliteetset reisiteenust. Meil on ka meie tehnilised ja juhtimislahendused, mis aitavad muuta teie seadmeid tootlikumaks ja t\u00f5husamaks ning aitavad teil seadmete laevastike ja toimingute t\u00f5husamat haldamist. Teenuse reageerimise kiirem kiirus, et teie aega s\u00e4\u00e4sta. Kaasaegne raudtee- ja lennundusv\u00f5rgustik, veenduge, et k\u00f5ik varuosad oleksid \u00f5igeaegselt k\u00e4tte toimetatud.<\/p>","protected":false},"excerpt":{"rendered":"<p>Suspended Platform Systems provide temporary access to heights \u2013 for building maintenance, at construction sites or in industrial environments. Our product offers modular Suspended Platform Systems which are incredibly easy to assemble. We continue to work for guests providing humanity system solutions and provide best support and services. Because of the formidable technical team, we [&hellip;]<\/p>\n","protected":false},"author":1,"featured_media":0,"parent":0,"menu_order":0,"comment_status":"closed","ping_status":"closed","template":"templates\/full-width-page.php","meta":{"footnotes":""},"class_list":["post-807","page","type-page","status-publish","hentry"],"_links":{"self":[{"href":"https:\/\/www.sewbc.com\/et\/wp-json\/wp\/v2\/pages\/807","targetHints":{"allow":["GET"]}}],"collection":[{"href":"https:\/\/www.sewbc.com\/et\/wp-json\/wp\/v2\/pages"}],"about":[{"href":"https:\/\/www.sewbc.com\/et\/wp-json\/wp\/v2\/types\/page"}],"author":[{"embeddable":true,"href":"https:\/\/www.sewbc.com\/et\/wp-json\/wp\/v2\/users\/1"}],"replies":[{"embeddable":true,"href":"https:\/\/www.sewbc.com\/et\/wp-json\/wp\/v2\/comments?post=807"}],"version-history":[{"count":0,"href":"https:\/\/www.sewbc.com\/et\/wp-json\/wp\/v2\/pages\/807\/revisions"}],"wp:attachment":[{"href":"https:\/\/www.sewbc.com\/et\/wp-json\/wp\/v2\/media?parent=807"}],"curies":[{"name":"wp","href":"https:\/\/api.w.org\/{rel}","templated":true}]}}