{"id":34,"date":"2018-09-28T03:35:58","date_gmt":"2018-09-28T03:35:58","guid":{"rendered":"http:\/\/www.sewbc.com\/?page_id=34"},"modified":"2024-10-24T15:35:55","modified_gmt":"2024-10-24T15:35:55","slug":"meist","status":"publish","type":"page","link":"http:\/\/www.sewbc.com\/et\/meist","title":{"rendered":"Meie kohta"},"content":{"rendered":"<p><strong>Shanghai edu ehitus International Trade Co, Ltd<\/strong><\/p>\n<p>Professionaalse peatatud platvormi tootja ja tarnijana pakume oma klientidele k\u00f5ige usaldusv\u00e4\u00e4rsemaid tooteid ja suurep\u00e4rast teenust. Me oleme kogenud kiiret kasvu koos Hiina majanduse kiire arenguga. Meie tooteid eksporditakse praegu Meie tooteid eksporditakse peamiselt Dominikaani Vabariiki, Maldiividele, Indiasse, Malaisiasse, Itaaliasse, USAsse, Hispaaniasse, T\u00fcrgisse ja L\u00f5una-Aafrikasse.....<\/p>\n<p>Meie meeskonnal on rohkem kui 8-aastane kogemus selles valdkonnas. Meie toodete hulka kuuluvad peamiselt riputatud platvorm ja varuosad ehitust\u00f5stukile, saame toota tooteid vastavalt klientide erin\u00f5uetele.\u00a0<span id=\"more-12\"><\/span>me usume, et suudame anda klientidele \u00fcle kogu maailma uuenduslikke vastuseid.<!--more--> t\u00e4ielik rakendamine on minu omadused ettev\u00f5tte kultuuri ehitus, edendada ettev\u00f5tte vaimu, praktika ettev\u00f5tte v\u00e4\u00e4rtused, strateegia ja ettev\u00f5tluse arendamise t\u00f6\u00f6tajad, et saavutada n\u00e4gemus orgaanilise \u00fchtsuse, harmoonia operaator m\u00f5iste ja m\u00f5iste t\u00f6\u00f6tajate, t\u00f6\u00f6taja sisemise maailma s\u00fcnkroniseeritud parandada v\u00e4liskeskkonda, luua harmooniline ettev\u00f5te.<\/p>\n<p><a href=\"https:\/\/www.sewbc.com\/wp-content\/uploads\/about2.jpg\"><img loading=\"lazy\" decoding=\"async\" class=\"alignnone wp-image-787 size-full\" src=\"https:\/\/www.sewbc.com\/wp-content\/uploads\/about2.jpg\" alt=\"umbes2\" width=\"567\" height=\"210\" srcset=\"https:\/\/www.sewbc.com\/wp-content\/uploads\/about2.jpg 567w, https:\/\/www.sewbc.com\/wp-content\/uploads\/about2-300x111.jpg 300w\" sizes=\"auto, (max-width: 567px) 100vw, 567px\" \/><\/a><\/p>\n<p>Meie ettev\u00f5ttes on 5-10 inimest, kes on teadus- ja arendustegevuse insener(id). R &amp; D on ettev\u00f5tte p\u00f5hiosakonnad, \u00f5la uute toodete uurimine ja arendamine, toote omaduste parandamine \u00fclesanne. T\u00f6\u00f6voogude R &amp; D keskus p\u00f5hineb CMM mudel k\u00e4rbitud, jagatud konkreetse planeerimise, projekteerimise, rakendamise, katsetamise ja hoolduse viis sammu. L\u00f5pus planeerimise, projekteerimise etapis, teostada perioodilisi kontrolle rakendamise etapis on kolm testimine ja vastuv\u00f5tmine testimine andinspection p\u00e4rast iga on eraldi versioon, mida saab k\u00e4ivitada, millele j\u00e4rgneb test faasi; test kood katvus, test andmete katvus Kui valmis, sisestage hooldusfaasi, sealhulgas toodete, teenuste ja uuenduste veelgi parandada klienditeenindust ja luua ettev\u00f5tte br\u00e4ndi.<\/p>\n<p><a href=\"https:\/\/www.sewbc.com\/wp-content\/uploads\/about1.jpg\"><img loading=\"lazy\" decoding=\"async\" class=\"alignnone wp-image-786 size-full\" src=\"https:\/\/www.sewbc.com\/wp-content\/uploads\/about1.jpg\" alt=\"about1\" width=\"708\" height=\"668\" srcset=\"https:\/\/www.sewbc.com\/wp-content\/uploads\/about1.jpg 708w, https:\/\/www.sewbc.com\/wp-content\/uploads\/about1-300x283.jpg 300w\" sizes=\"auto, (max-width: 708px) 100vw, 708px\" \/><\/a><\/p>\n<p>K\u00f5ik, mis meie assistendilt n\u00f5uavad, v\u00f5ta meiega \u00fchendust. E-post:\u00a0<a href=\"mailto:sales@buildinglift.com\">sales@buildinglift.com<\/a><\/p>","protected":false},"excerpt":{"rendered":"<p>Shanghai Success Construction International Trade Co., Ltd. As a professional suspended platform manufacturer and supplier, we offer most reliable products and excellent service to our customers. We have been experiencing fast growth with the rapid development of Chinese economy. Our products are currently exported to Our products are mainly exported to Dominican Republic, Maldives, India, [&hellip;]<\/p>\n","protected":false},"author":1,"featured_media":35,"parent":0,"menu_order":0,"comment_status":"closed","ping_status":"closed","template":"templates\/full-width-page.php","meta":{"footnotes":""},"class_list":["post-34","page","type-page","status-publish","has-post-thumbnail","hentry"],"_links":{"self":[{"href":"http:\/\/www.sewbc.com\/et\/wp-json\/wp\/v2\/pages\/34","targetHints":{"allow":["GET"]}}],"collection":[{"href":"http:\/\/www.sewbc.com\/et\/wp-json\/wp\/v2\/pages"}],"about":[{"href":"http:\/\/www.sewbc.com\/et\/wp-json\/wp\/v2\/types\/page"}],"author":[{"embeddable":true,"href":"http:\/\/www.sewbc.com\/et\/wp-json\/wp\/v2\/users\/1"}],"replies":[{"embeddable":true,"href":"http:\/\/www.sewbc.com\/et\/wp-json\/wp\/v2\/comments?post=34"}],"version-history":[{"count":0,"href":"http:\/\/www.sewbc.com\/et\/wp-json\/wp\/v2\/pages\/34\/revisions"}],"wp:featuredmedia":[{"embeddable":true,"href":"http:\/\/www.sewbc.com\/et\/wp-json\/wp\/v2\/media\/35"}],"wp:attachment":[{"href":"http:\/\/www.sewbc.com\/et\/wp-json\/wp\/v2\/media?parent=34"}],"curies":[{"name":"wp","href":"https:\/\/api.w.org\/{rel}","templated":true}]}}