{"id":807,"date":"2018-10-19T06:00:51","date_gmt":"2018-10-19T06:00:51","guid":{"rendered":"https:\/\/www.sewbc.com\/?page_id=807"},"modified":"2021-09-14T07:49:40","modified_gmt":"2021-09-14T07:49:40","slug":"soluciones","status":"publish","type":"page","link":"https:\/\/www.sewbc.com\/es\/soluciones","title":{"rendered":"soluciones"},"content":{"rendered":"<p>Los sistemas de plataforma suspendida brindan acceso temporal a las alturas: para el mantenimiento de edificios, en sitios de construcci\u00f3n o en entornos industriales. Nuestro producto ofrece sistemas de plataformas suspendidas modulares que son incre\u00edblemente f\u00e1ciles de ensamblar.<\/p>\n<p>Continuamos trabajando para los hu\u00e9spedes brindando soluciones de sistemas de humanidad y brindando el mejor soporte y servicios. Gracias al formidable equipo t\u00e9cnico, hemos brindado un servicio tur\u00edstico de alta calidad a todos los hu\u00e9spedes. Tambi\u00e9n tenemos disponibles nuestras soluciones t\u00e9cnicas y de gesti\u00f3n, para ayudar a que su equipo sea m\u00e1s productivo y eficiente, y para ayudarlo a administrar de manera m\u00e1s efectiva las operaciones y las flotas de equipos. Mayor velocidad de respuesta del servicio para ahorrar tiempo. Moderna red de transporte de ferrocarril y aviaci\u00f3n, aseg\u00farese de que todas las piezas de repuesto se entreguen a tiempo.<\/p>","protected":false},"excerpt":{"rendered":"<p>Suspended Platform Systems provide temporary access to heights \u2013 for building maintenance, at construction sites or in industrial environments. Our product offers modular Suspended Platform Systems which are incredibly easy to assemble. We continue to work for guests providing humanity system solutions and provide best support and services. Because of the formidable technical team, we [&hellip;]<\/p>\n","protected":false},"author":1,"featured_media":0,"parent":0,"menu_order":0,"comment_status":"closed","ping_status":"closed","template":"templates\/full-width-page.php","meta":{"footnotes":""},"class_list":["post-807","page","type-page","status-publish","hentry"],"_links":{"self":[{"href":"https:\/\/www.sewbc.com\/es\/wp-json\/wp\/v2\/pages\/807","targetHints":{"allow":["GET"]}}],"collection":[{"href":"https:\/\/www.sewbc.com\/es\/wp-json\/wp\/v2\/pages"}],"about":[{"href":"https:\/\/www.sewbc.com\/es\/wp-json\/wp\/v2\/types\/page"}],"author":[{"embeddable":true,"href":"https:\/\/www.sewbc.com\/es\/wp-json\/wp\/v2\/users\/1"}],"replies":[{"embeddable":true,"href":"https:\/\/www.sewbc.com\/es\/wp-json\/wp\/v2\/comments?post=807"}],"version-history":[{"count":0,"href":"https:\/\/www.sewbc.com\/es\/wp-json\/wp\/v2\/pages\/807\/revisions"}],"wp:attachment":[{"href":"https:\/\/www.sewbc.com\/es\/wp-json\/wp\/v2\/media?parent=807"}],"curies":[{"name":"wp","href":"https:\/\/api.w.org\/{rel}","templated":true}]}}