{"id":34,"date":"2018-09-28T03:35:58","date_gmt":"2018-09-28T03:35:58","guid":{"rendered":"http:\/\/www.sewbc.com\/?page_id=34"},"modified":"2024-10-24T15:35:55","modified_gmt":"2024-10-24T15:35:55","slug":"sobre-nosotros","status":"publish","type":"page","link":"https:\/\/www.sewbc.com\/es\/sobre-nosotros","title":{"rendered":"Qui\u00e9nes somos"},"content":{"rendered":"<p><strong>Shanghai Success Construction International Trade Co., Ltd.<\/strong><\/p>\n<p>Como fabricante y proveedor profesional de andamios colgantes, ofrecemos los productos m\u00e1s fiables y un excelente servicio a nuestros clientes. Hemos experimentado un r\u00e1pido crecimiento con el r\u00e1pido desarrollo de la econom\u00eda china. Nuestros productos se exportan principalmente a Rep\u00fablica Dominicana, Maldivas, India, Malasia, Italia, EE.UU., Espa\u00f1a, Turqu\u00eda y Sud\u00e1frica....<\/p>\n<p>Nuestro equipo tiene m\u00e1s de 8 a\u00f1os de experiencia en esta l\u00ednea de negocio. Nuestros productos incluyen principalmente la plataforma suspendida, y los recambios para el alzamiento de la construcci\u00f3n, nosotros pueden producir productos seg\u00fan los requisitos especiales de los clientes.\u00a0<span id=\"more-12\"><\/span>Creemos que podemos proporcionar respuestas innovadoras para nuestros clientes en todo el mundo.<!--more--> la implementaci\u00f3n completa tiene mis caracter\u00edsticas de construcci\u00f3n de la cultura de la empresa, promueve el esp\u00edritu de empresa, practica los valores corporativos, la estrategia y el personal de desarrollo de negocios para lograr la visi\u00f3n de una unidad org\u00e1nica, el concepto de operador de armon\u00eda y el concepto de empleados, el mundo interno de los empleados sincronizados con el Entorno externo mejorado, construyendo una empresa armoniosa.<\/p>\n<p><a href=\"https:\/\/www.sewbc.com\/wp-content\/uploads\/about2.jpg\"><img loading=\"lazy\" decoding=\"async\" class=\"alignnone wp-image-787 size-full\" src=\"https:\/\/www.sewbc.com\/wp-content\/uploads\/about2.jpg\" alt=\"sobre 2\" width=\"567\" height=\"210\" srcset=\"https:\/\/www.sewbc.com\/wp-content\/uploads\/about2.jpg 567w, https:\/\/www.sewbc.com\/wp-content\/uploads\/about2-300x111.jpg 300w\" sizes=\"auto, (max-width: 567px) 100vw, 567px\" \/><\/a><\/p>\n<p>Hay entre 5 y 10 ingenieros de I+D en nuestra empresa. I+D es el departamento principal de la empresa y se encarga de la investigaci\u00f3n y el desarrollo de nuevos productos y de la mejora de sus caracter\u00edsticas. El flujo de trabajo del centro de I+D se basa en el modelo CMM, dividido en cinco pasos espec\u00edficos: planificaci\u00f3n, dise\u00f1o, implementaci\u00f3n, pruebas y mantenimiento. Al final de la fase de planificaci\u00f3n y dise\u00f1o, se realizan comprobaciones peri\u00f3dicas. En la fase de implementaci\u00f3n se realizar\u00e1n tres pruebas, una de aceptaci\u00f3n y otra de inspecci\u00f3n. Despu\u00e9s de cada una, se ejecutar\u00e1 una versi\u00f3n independiente. A continuaci\u00f3n, se pasa a la fase de pruebas: cobertura del c\u00f3digo de prueba y cobertura de los datos de prueba. Al finalizar, se pasa a la fase de mantenimiento, que incluye productos, servicios y actualizaciones para mejorar a\u00fan m\u00e1s el servicio al cliente y consolidar la marca de la empresa.<\/p>\n<p><a href=\"https:\/\/www.sewbc.com\/wp-content\/uploads\/about1.jpg\"><img loading=\"lazy\" decoding=\"async\" class=\"alignnone wp-image-786 size-full\" src=\"https:\/\/www.sewbc.com\/wp-content\/uploads\/about1.jpg\" alt=\"alrededor de 1\" width=\"708\" height=\"668\" srcset=\"https:\/\/www.sewbc.com\/wp-content\/uploads\/about1.jpg 708w, https:\/\/www.sewbc.com\/wp-content\/uploads\/about1-300x283.jpg 300w\" sizes=\"auto, (max-width: 708px) 100vw, 708px\" \/><\/a><\/p>\n<p>Cualquier cosa que necesite nuestro asistente no dude en contactarnos. Email:\u00a0<a href=\"mailto:sales@buildinglift.com\">sales@buildinglift.com<\/a><\/p>","protected":false},"excerpt":{"rendered":"<p>Shanghai Success Construction International Trade Co., Ltd. As a professional suspended platform manufacturer and supplier, we offer most reliable products and excellent service to our customers. We have been experiencing fast growth with the rapid development of Chinese economy. Our products are currently exported to Our products are mainly exported to Dominican Republic, Maldives, India, [&hellip;]<\/p>\n","protected":false},"author":1,"featured_media":35,"parent":0,"menu_order":0,"comment_status":"closed","ping_status":"closed","template":"templates\/full-width-page.php","meta":{"footnotes":""},"class_list":["post-34","page","type-page","status-publish","has-post-thumbnail","hentry"],"_links":{"self":[{"href":"https:\/\/www.sewbc.com\/es\/wp-json\/wp\/v2\/pages\/34","targetHints":{"allow":["GET"]}}],"collection":[{"href":"https:\/\/www.sewbc.com\/es\/wp-json\/wp\/v2\/pages"}],"about":[{"href":"https:\/\/www.sewbc.com\/es\/wp-json\/wp\/v2\/types\/page"}],"author":[{"embeddable":true,"href":"https:\/\/www.sewbc.com\/es\/wp-json\/wp\/v2\/users\/1"}],"replies":[{"embeddable":true,"href":"https:\/\/www.sewbc.com\/es\/wp-json\/wp\/v2\/comments?post=34"}],"version-history":[{"count":0,"href":"https:\/\/www.sewbc.com\/es\/wp-json\/wp\/v2\/pages\/34\/revisions"}],"wp:featuredmedia":[{"embeddable":true,"href":"https:\/\/www.sewbc.com\/es\/wp-json\/wp\/v2\/media\/35"}],"wp:attachment":[{"href":"https:\/\/www.sewbc.com\/es\/wp-json\/wp\/v2\/media?parent=34"}],"curies":[{"name":"wp","href":"https:\/\/api.w.org\/{rel}","templated":true}]}}