{"id":807,"date":"2018-10-19T06:00:51","date_gmt":"2018-10-19T06:00:51","guid":{"rendered":"https:\/\/www.sewbc.com\/?page_id=807"},"modified":"2021-09-14T07:49:40","modified_gmt":"2021-09-14T07:49:40","slug":"solvoj","status":"publish","type":"page","link":"http:\/\/www.sewbc.com\/eo\/solvoj","title":{"rendered":"solvoj"},"content":{"rendered":"<p>Suspenditaj Platformaj Sistemoj provizas provizorajn alirojn al altecoj - por konstruado de bontenado, \u0109e konstrua\u0135oj a\u016d en industriaj medioj. Nia produkto ofertas modulajn Sen\u015dan\u011dajn Platformajn Sistemojn, kiuj estas nekredeble facilaj por kunveni.<\/p>\n<p>Ni da\u016dre laboras por gastoj provizantaj homajn sistemajn solvojn kaj provizas plej bonan subtenon kaj servojn. Pro la formidable teknika teamo, ni provizis altkvalitan vizitadon al \u0109iuj gastoj. Ni anka\u016d havas disponeblaj niajn teknikajn kaj administrajn solvojn, por helpi fari vian teamon pli produktema kaj efika, kaj por helpi vin pli efike administri ekipajn flotojn kaj operaciojn. Rapida rapido de respondo de servo por savi vian tempon. Moderna transporta reto de fervoja kaj aviado, certigu, ke \u0109iuj senpagaj partoj ricevis en la tempo.<\/p>","protected":false},"excerpt":{"rendered":"<p>Suspended Platform Systems provide temporary access to heights \u2013 for building maintenance, at construction sites or in industrial environments. Our product offers modular Suspended Platform Systems which are incredibly easy to assemble. We continue to work for guests providing humanity system solutions and provide best support and services. Because of the formidable technical team, we [&hellip;]<\/p>\n","protected":false},"author":1,"featured_media":0,"parent":0,"menu_order":0,"comment_status":"closed","ping_status":"closed","template":"templates\/full-width-page.php","meta":{"footnotes":""},"class_list":["post-807","page","type-page","status-publish","hentry"],"_links":{"self":[{"href":"http:\/\/www.sewbc.com\/eo\/wp-json\/wp\/v2\/pages\/807","targetHints":{"allow":["GET"]}}],"collection":[{"href":"http:\/\/www.sewbc.com\/eo\/wp-json\/wp\/v2\/pages"}],"about":[{"href":"http:\/\/www.sewbc.com\/eo\/wp-json\/wp\/v2\/types\/page"}],"author":[{"embeddable":true,"href":"http:\/\/www.sewbc.com\/eo\/wp-json\/wp\/v2\/users\/1"}],"replies":[{"embeddable":true,"href":"http:\/\/www.sewbc.com\/eo\/wp-json\/wp\/v2\/comments?post=807"}],"version-history":[{"count":0,"href":"http:\/\/www.sewbc.com\/eo\/wp-json\/wp\/v2\/pages\/807\/revisions"}],"wp:attachment":[{"href":"http:\/\/www.sewbc.com\/eo\/wp-json\/wp\/v2\/media?parent=807"}],"curies":[{"name":"wp","href":"https:\/\/api.w.org\/{rel}","templated":true}]}}