{"id":807,"date":"2018-10-19T06:00:51","date_gmt":"2018-10-19T06:00:51","guid":{"rendered":"https:\/\/www.sewbc.com\/?page_id=807"},"modified":"2021-09-14T07:49:40","modified_gmt":"2021-09-14T07:49:40","slug":"losungen","status":"publish","type":"page","link":"https:\/\/www.sewbc.com\/de\/losungen","title":{"rendered":"L\u00f6sungen"},"content":{"rendered":"<p>Abgeh\u00e4ngte Bahnsteigsysteme bieten tempor\u00e4ren Zugang zu H\u00f6hen - f\u00fcr die Geb\u00e4udewartung, auf Baustellen oder in industriellen Umgebungen. Unser Produkt bietet modulare H\u00e4ngeb\u00fchnensysteme, die unglaublich einfach zu montieren sind.<\/p>\n<p>Wir arbeiten weiterhin f\u00fcr G\u00e4ste, die Humanity-Systeml\u00f6sungen anbieten und besten Support und beste Dienstleistungen bieten. Aufgrund des hervorragenden technischen Teams haben wir allen G\u00e4sten einen hochwertigen Tour-Service zur Verf\u00fcgung gestellt. Wir verf\u00fcgen auch \u00fcber unsere technischen und Management-L\u00f6sungen, um Ihre Ausr\u00fcstung produktiver und effizienter zu machen und Ihnen bei der effizienteren Verwaltung von Ausr\u00fcstungsflotten und -operationen zu helfen. Schnellere Reaktionszeit des Dienstes, um Ihre Zeit zu sparen. Modernes Transportnetz von Bahn und Luftfahrt, stellen Sie sicher, dass alle Ersatzteile rechtzeitig geliefert werden.<\/p>","protected":false},"excerpt":{"rendered":"<p>Suspended Platform Systems provide temporary access to heights \u2013 for building maintenance, at construction sites or in industrial environments. Our product offers modular Suspended Platform Systems which are incredibly easy to assemble. We continue to work for guests providing humanity system solutions and provide best support and services. Because of the formidable technical team, we [&hellip;]<\/p>\n","protected":false},"author":1,"featured_media":0,"parent":0,"menu_order":0,"comment_status":"closed","ping_status":"closed","template":"templates\/full-width-page.php","meta":{"footnotes":""},"class_list":["post-807","page","type-page","status-publish","hentry"],"_links":{"self":[{"href":"https:\/\/www.sewbc.com\/de\/wp-json\/wp\/v2\/pages\/807","targetHints":{"allow":["GET"]}}],"collection":[{"href":"https:\/\/www.sewbc.com\/de\/wp-json\/wp\/v2\/pages"}],"about":[{"href":"https:\/\/www.sewbc.com\/de\/wp-json\/wp\/v2\/types\/page"}],"author":[{"embeddable":true,"href":"https:\/\/www.sewbc.com\/de\/wp-json\/wp\/v2\/users\/1"}],"replies":[{"embeddable":true,"href":"https:\/\/www.sewbc.com\/de\/wp-json\/wp\/v2\/comments?post=807"}],"version-history":[{"count":0,"href":"https:\/\/www.sewbc.com\/de\/wp-json\/wp\/v2\/pages\/807\/revisions"}],"wp:attachment":[{"href":"https:\/\/www.sewbc.com\/de\/wp-json\/wp\/v2\/media?parent=807"}],"curies":[{"name":"wp","href":"https:\/\/api.w.org\/{rel}","templated":true}]}}