{"id":34,"date":"2018-09-28T03:35:58","date_gmt":"2018-09-28T03:35:58","guid":{"rendered":"http:\/\/www.sewbc.com\/?page_id=34"},"modified":"2024-10-24T15:35:55","modified_gmt":"2024-10-24T15:35:55","slug":"uber-uns","status":"publish","type":"page","link":"https:\/\/www.sewbc.com\/de\/uber-uns","title":{"rendered":"\u00dcber uns"},"content":{"rendered":"<p><strong>Shanghai Erfolg Bau International Trade Co., Ltd.<\/strong><\/p>\n<p>Als professioneller Hersteller und Lieferant von H\u00e4ngeb\u00fchnen bieten wir unseren Kunden die zuverl\u00e4ssigsten Produkte und einen hervorragenden Service. Wir haben ein schnelles Wachstum mit der schnellen Entwicklung der chinesischen Wirtschaft erlebt. Unsere Produkte werden derzeit nach Unsere Produkte werden haupts\u00e4chlich in die Dominikanische Republik, die Malediven, Indien, Malaysia, Italien, die USA, Spanien, die T\u00fcrkei und S\u00fcdafrika exportiert....<\/p>\n<p>Unser Team hat mehr als 8 Jahre Erfahrung in dieser Branche. Unsere Produkte umfassen haupts\u00e4chlich h\u00e4ngende Plattform und Ersatzteile f\u00fcr Bauaufzug, wir k\u00f6nnen Produkte entsprechend den speziellen Anforderungen der Kunden produzieren.\u00a0<span id=\"more-12\"><\/span>Wir glauben, dass wir unseren Kunden auf der ganzen Welt innovative Antworten liefern k\u00f6nnen.<!--more--> vollst\u00e4ndige Implementierung haben meine Merkmale der Unternehmenskultur Aufbau, f\u00f6rdern den Geist des Unternehmens, Praxis Unternehmenswerte, Strategie und Business Development Mitarbeiter, um die Vision einer organischen Einheit, Harmonie Betreiber Konzept und das Konzept der Mitarbeiter, Mitarbeiter inneren Welt synchronisiert mit der zu erreichen \u00e4u\u00dfere Umwelt verbessert, ein harmonisches Unternehmen aufbauend.<\/p>\n<p><a href=\"https:\/\/www.sewbc.com\/wp-content\/uploads\/about2.jpg\"><img loading=\"lazy\" decoding=\"async\" class=\"alignnone wp-image-787 size-full\" src=\"https:\/\/www.sewbc.com\/wp-content\/uploads\/about2.jpg\" alt=\"etwa 2\" width=\"567\" height=\"210\" srcset=\"https:\/\/www.sewbc.com\/wp-content\/uploads\/about2.jpg 567w, https:\/\/www.sewbc.com\/wp-content\/uploads\/about2-300x111.jpg 300w\" sizes=\"auto, (max-width: 567px) 100vw, 567px\" \/><\/a><\/p>\n<p>In unserem Unternehmen gibt es 5 bis 10 F&amp;E-Ingenieure. R &amp; D ist das Unternehmen die wichtigsten Abteilungen, Schulter Forschung und Entwicklung neuer Produkte, Verbesserung der Produktfunktionen Aufgabe. Workflow F &amp; E-Zentrum ist auf der Grundlage der CMM-Modell getrimmt, in spezifische Planung, Design, Implementierung, Pr\u00fcfung und Wartung von f\u00fcnf Schritten unterteilt. Am Ende der Planung, Design-Phase, die Durchf\u00fchrung regelm\u00e4\u00dfiger Kontrollen in der Umsetzungsphase werden drei Tests und Abnahmepr\u00fcfung undInspektion, nachdem jeder hat eine separate Version, die ausgef\u00fchrt werden k\u00f6nnen, gefolgt von der Testphase; Test-Code-Abdeckung, Test-Daten-Abdeckung Wenn Sie fertig sind, geben Sie die Wartungsphase, einschlie\u00dflich der Produkte, Dienstleistungen und Upgrades zur weiteren Verbesserung des Kundenservice, und die Marke des Unternehmens.<\/p>\n<p><a href=\"https:\/\/www.sewbc.com\/wp-content\/uploads\/about1.jpg\"><img loading=\"lazy\" decoding=\"async\" class=\"alignnone wp-image-786 size-full\" src=\"https:\/\/www.sewbc.com\/wp-content\/uploads\/about1.jpg\" alt=\"ungef\u00e4hr1\" width=\"708\" height=\"668\" srcset=\"https:\/\/www.sewbc.com\/wp-content\/uploads\/about1.jpg 708w, https:\/\/www.sewbc.com\/wp-content\/uploads\/about1-300x283.jpg 300w\" sizes=\"auto, (max-width: 708px) 100vw, 708px\" \/><\/a><\/p>\n<p>Alles, was unsere Assistenz ben\u00f6tigen, k\u00f6nnen Sie gerne kontaktieren. Email:\u00a0<a href=\"mailto:sales@buildinglift.com\">sales@buildinglift.com<\/a><\/p>","protected":false},"excerpt":{"rendered":"<p>Shanghai Success Construction International Trade Co., Ltd. As a professional suspended platform manufacturer and supplier, we offer most reliable products and excellent service to our customers. We have been experiencing fast growth with the rapid development of Chinese economy. Our products are currently exported to Our products are mainly exported to Dominican Republic, Maldives, India, [&hellip;]<\/p>\n","protected":false},"author":1,"featured_media":35,"parent":0,"menu_order":0,"comment_status":"closed","ping_status":"closed","template":"templates\/full-width-page.php","meta":{"footnotes":""},"class_list":["post-34","page","type-page","status-publish","has-post-thumbnail","hentry"],"_links":{"self":[{"href":"https:\/\/www.sewbc.com\/de\/wp-json\/wp\/v2\/pages\/34","targetHints":{"allow":["GET"]}}],"collection":[{"href":"https:\/\/www.sewbc.com\/de\/wp-json\/wp\/v2\/pages"}],"about":[{"href":"https:\/\/www.sewbc.com\/de\/wp-json\/wp\/v2\/types\/page"}],"author":[{"embeddable":true,"href":"https:\/\/www.sewbc.com\/de\/wp-json\/wp\/v2\/users\/1"}],"replies":[{"embeddable":true,"href":"https:\/\/www.sewbc.com\/de\/wp-json\/wp\/v2\/comments?post=34"}],"version-history":[{"count":0,"href":"https:\/\/www.sewbc.com\/de\/wp-json\/wp\/v2\/pages\/34\/revisions"}],"wp:featuredmedia":[{"embeddable":true,"href":"https:\/\/www.sewbc.com\/de\/wp-json\/wp\/v2\/media\/35"}],"wp:attachment":[{"href":"https:\/\/www.sewbc.com\/de\/wp-json\/wp\/v2\/media?parent=34"}],"curies":[{"name":"wp","href":"https:\/\/api.w.org\/{rel}","templated":true}]}}