{"id":34,"date":"2018-09-28T03:35:58","date_gmt":"2018-09-28T03:35:58","guid":{"rendered":"http:\/\/www.sewbc.com\/?page_id=34"},"modified":"2024-10-24T15:35:55","modified_gmt":"2024-10-24T15:35:55","slug":"om-os","status":"publish","type":"page","link":"https:\/\/www.sewbc.com\/da\/om-os","title":{"rendered":"Om os"},"content":{"rendered":"<p><strong>Shanghai Succes Konstruktion International Trade Co, Ltd<\/strong><\/p>\n<p>Som en professionel producent og leverand\u00f8r af suspenderede platforme tilbyder vi de mest p\u00e5lidelige produkter og fremragende service til vores kunder. Vi har oplevet hurtig v\u00e6kst med den hurtige udvikling af den kinesiske \u00f8konomi. Vores produkter eksporteres i \u00f8jeblikket til Vores produkter eksporteres hovedsageligt til Den Dominikanske Republik, Maldiverne, Indien, Malaysia, Italien, USA, Spanien, Tyrkiet og Sydafrika....<\/p>\n<p>Vores team har mere end 8 \u00e5rs erfaring p\u00e5 denne linje af business. Vores produkter omfatter hovedsageligt oph\u00e6ngt platform og reservedele til byggehejs, vi kan producere produkter i henhold til kundernes s\u00e6rlige krav.\u00a0<span id=\"more-12\"><\/span>Vi mener, at vi kan levere innovative svar til vores kunder over hele verden.<!--more--> fuld gennemf\u00f8relse har mine egenskaber ved virksomhedskulturen konstruktion, fremme virksomhedens \u00e5nd, praksis virksomhedens v\u00e6rdier, strategi og forretningsudvikling personale til at opn\u00e5 visionen om en organisk enhed, harmoni operat\u00f8r koncept og begrebet medarbejdere, medarbejder indre verden synkroniseret med eksternt milj\u00f8 forbedret, opbygning af en harmonisk virksomhed.<\/p>\n<p><a href=\"https:\/\/www.sewbc.com\/wp-content\/uploads\/about2.jpg\"><img loading=\"lazy\" decoding=\"async\" class=\"alignnone wp-image-787 size-full\" src=\"https:\/\/www.sewbc.com\/wp-content\/uploads\/about2.jpg\" alt=\"about2\" width=\"567\" height=\"210\" srcset=\"https:\/\/www.sewbc.com\/wp-content\/uploads\/about2.jpg 567w, https:\/\/www.sewbc.com\/wp-content\/uploads\/about2-300x111.jpg 300w\" sizes=\"auto, (max-width: 567px) 100vw, 567px\" \/><\/a><\/p>\n<p>Der er 5 - 10 R&amp;D-ingeni\u00f8r(er) i vores virksomhed. R &amp; D er virksomhedens kerneafdelinger, skulderforskning og udvikling af nye produkter, forbedring af produktfunktioner. Workflow R &amp; D center er baseret p\u00e5 CMM-modellen trimmet, opdelt i specifik planl\u00e6gning, design, implementering, test og vedligeholdelse af fem trin. I slutningen af planl\u00e6gnings-, designfasen udf\u00f8res periodiske kontroller i implementeringsfasen vil v\u00e6re tre test- og accepttest oginspektion, efter at hver har en separat version, der kan k\u00f8res, efterfulgt af testfasen; testkoded\u00e6kning, testdatad\u00e6kning N\u00e5r du er f\u00e6rdig, skal du g\u00e5 ind i vedligeholdelsesfasen, herunder produkter, tjenester og opgraderinger for yderligere at forbedre kundeservicen og etablere virksomhedens brand.<\/p>\n<p><a href=\"https:\/\/www.sewbc.com\/wp-content\/uploads\/about1.jpg\"><img loading=\"lazy\" decoding=\"async\" class=\"alignnone wp-image-786 size-full\" src=\"https:\/\/www.sewbc.com\/wp-content\/uploads\/about1.jpg\" alt=\"about1\" width=\"708\" height=\"668\" srcset=\"https:\/\/www.sewbc.com\/wp-content\/uploads\/about1.jpg 708w, https:\/\/www.sewbc.com\/wp-content\/uploads\/about1-300x283.jpg 300w\" sizes=\"auto, (max-width: 708px) 100vw, 708px\" \/><\/a><\/p>\n<p>Noget har brug for vores hj\u00e6lpsomme velkommen til at kontakte os. E-mail:\u00a0<a href=\"mailto:sales@buildinglift.com\">sales@buildinglift.com<\/a><\/p>","protected":false},"excerpt":{"rendered":"<p>Shanghai Success Construction International Trade Co., Ltd. As a professional suspended platform manufacturer and supplier, we offer most reliable products and excellent service to our customers. We have been experiencing fast growth with the rapid development of Chinese economy. Our products are currently exported to Our products are mainly exported to Dominican Republic, Maldives, India, [&hellip;]<\/p>\n","protected":false},"author":1,"featured_media":35,"parent":0,"menu_order":0,"comment_status":"closed","ping_status":"closed","template":"templates\/full-width-page.php","meta":{"footnotes":""},"class_list":["post-34","page","type-page","status-publish","has-post-thumbnail","hentry"],"_links":{"self":[{"href":"https:\/\/www.sewbc.com\/da\/wp-json\/wp\/v2\/pages\/34","targetHints":{"allow":["GET"]}}],"collection":[{"href":"https:\/\/www.sewbc.com\/da\/wp-json\/wp\/v2\/pages"}],"about":[{"href":"https:\/\/www.sewbc.com\/da\/wp-json\/wp\/v2\/types\/page"}],"author":[{"embeddable":true,"href":"https:\/\/www.sewbc.com\/da\/wp-json\/wp\/v2\/users\/1"}],"replies":[{"embeddable":true,"href":"https:\/\/www.sewbc.com\/da\/wp-json\/wp\/v2\/comments?post=34"}],"version-history":[{"count":0,"href":"https:\/\/www.sewbc.com\/da\/wp-json\/wp\/v2\/pages\/34\/revisions"}],"wp:featuredmedia":[{"embeddable":true,"href":"https:\/\/www.sewbc.com\/da\/wp-json\/wp\/v2\/media\/35"}],"wp:attachment":[{"href":"https:\/\/www.sewbc.com\/da\/wp-json\/wp\/v2\/media?parent=34"}],"curies":[{"name":"wp","href":"https:\/\/api.w.org\/{rel}","templated":true}]}}