{"id":34,"date":"2018-09-28T03:35:58","date_gmt":"2018-09-28T03:35:58","guid":{"rendered":"http:\/\/www.sewbc.com\/?page_id=34"},"modified":"2024-10-24T15:35:55","modified_gmt":"2024-10-24T15:35:55","slug":"amdanom-ni","status":"publish","type":"page","link":"https:\/\/www.sewbc.com\/cy\/amdanom-ni","title":{"rendered":"Amdanom ni"},"content":{"rendered":"<p><strong>Llwyddiant Shanghai Masnach Ryngwladol Co, Ltd<\/strong><\/p>\n<p>Fel gwneuthurwr a chyflenwr platfformau ataliedig proffesiynol, rydym yn cynnig y cynhyrchion mwyaf dibynadwy a gwasanaeth rhagorol i&#039;n cwsmeriaid. Rydym wedi bod yn profi twf cyflym gyda datblygiad cyflym economi Tsieina. Ar hyn o bryd mae ein cynnyrch yn cael ei allforio i Weriniaeth Dominica, y Maldives, India, Malaysia, yr Eidal, UDA, Sbaen, Twrci a De Affrica\u2026.<\/p>\n<p>Mae gan ein t\u00eem fwy nag 8 mlynedd o brofiad yn y llinell fusnes hon. Mae ein cynnyrch yn cynnwys platfform ataliedig yn bennaf, a rhannau sb\u00e2r ar gyfer codi adeiladu. Gallwn gynhyrchu cynhyrchion yn unol \u00e2 gofynion arbennig cwsmeriaid.\u00a0<span id=\"more-12\"><\/span>credwn y gallwn ddarparu atebion arloesol i&#039;n cwsmeriaid ledled y byd.<!--more--> mae gan fy nghyfarwyddiadau llawn fy nghartrefau o ran adeiladu diwylliant y cwmni, hyrwyddo ysbryd menter, ymarfer gwerthoedd corfforaethol, staff a strategaeth datblygu busnes i gyflawni gweledigaeth cysyniad gweithredwr undod organig, cysoni a chysyniad gweithwyr, byd mewnol y gweithiwr sy&#039;n cydamseru \u00e2&#039;r gwella&#039;r amgylchedd allanol, gan adeiladu menter gyt\u00fbn.<\/p>\n<p><a href=\"https:\/\/www.sewbc.com\/wp-content\/uploads\/about2.jpg\"><img loading=\"lazy\" decoding=\"async\" class=\"alignnone wp-image-787 size-full\" src=\"https:\/\/www.sewbc.com\/wp-content\/uploads\/about2.jpg\" alt=\"tua2\" width=\"567\" height=\"210\" srcset=\"https:\/\/www.sewbc.com\/wp-content\/uploads\/about2.jpg 567w, https:\/\/www.sewbc.com\/wp-content\/uploads\/about2-300x111.jpg 300w\" sizes=\"auto, (max-width: 567px) 100vw, 567px\" \/><\/a><\/p>\n<p>Mae 5 \u2013 10 o Beirianwyr Ymchwil a Datblygu yn ein cwmni. Ymchwil a Datblygu yw adrannau craidd y cwmni, sy&#039;n ysgwyddo ymchwil a datblygu cynhyrchion newydd, a thasgau gwella nodweddion cynnyrch. Mae llif gwaith y ganolfan Ymchwil a Datblygu yn seiliedig ar y model CMM wedi&#039;i docio, ac wedi&#039;i rannu&#039;n bum cam penodol i gynllunio, dylunio, gweithredu, profi a chynnal a chadw. Ar ddiwedd y cyfnod cynllunio a dylunio, cynhelir gwiriadau cyfnodol. Yn y cyfnod gweithredu, bydd tri phrofi a phrofi derbyn ac archwilio ar \u00f4l pob un. Mae fersiwn ar wah\u00e2n i&#039;w rhedeg, ac yna&#039;r cyfnod profi; cwmpas cod prawf, cwmpas data prawf. Ar \u00f4l gorffen, ewch i&#039;r cyfnod cynnal a chadw, gan gynnwys cynhyrchion, gwasanaethau ac uwchraddiadau i wella gwasanaeth cwsmeriaid ymhellach, a sefydlu brand y cwmni.<\/p>\n<p><a href=\"https:\/\/www.sewbc.com\/wp-content\/uploads\/about1.jpg\"><img loading=\"lazy\" decoding=\"async\" class=\"alignnone wp-image-786 size-full\" src=\"https:\/\/www.sewbc.com\/wp-content\/uploads\/about1.jpg\" alt=\"tua 1\" width=\"708\" height=\"668\" srcset=\"https:\/\/www.sewbc.com\/wp-content\/uploads\/about1.jpg 708w, https:\/\/www.sewbc.com\/wp-content\/uploads\/about1-300x283.jpg 300w\" sizes=\"auto, (max-width: 708px) 100vw, 708px\" \/><\/a><\/p>\n<p>Mae angen rhywbeth arnom i&#039;n hangen ar unrhyw beth i gysylltu \u00e2 ni. E-bost:\u00a0<a href=\"mailto:sales@buildinglift.com\">sales@buildinglift.com<\/a><\/p>","protected":false},"excerpt":{"rendered":"<p>Shanghai Success Construction International Trade Co., Ltd. As a professional suspended platform manufacturer and supplier, we offer most reliable products and excellent service to our customers. We have been experiencing fast growth with the rapid development of Chinese economy. Our products are currently exported to Our products are mainly exported to Dominican Republic, Maldives, India, [&hellip;]<\/p>\n","protected":false},"author":1,"featured_media":35,"parent":0,"menu_order":0,"comment_status":"closed","ping_status":"closed","template":"templates\/full-width-page.php","meta":{"footnotes":""},"class_list":["post-34","page","type-page","status-publish","has-post-thumbnail","hentry"],"_links":{"self":[{"href":"https:\/\/www.sewbc.com\/cy\/wp-json\/wp\/v2\/pages\/34","targetHints":{"allow":["GET"]}}],"collection":[{"href":"https:\/\/www.sewbc.com\/cy\/wp-json\/wp\/v2\/pages"}],"about":[{"href":"https:\/\/www.sewbc.com\/cy\/wp-json\/wp\/v2\/types\/page"}],"author":[{"embeddable":true,"href":"https:\/\/www.sewbc.com\/cy\/wp-json\/wp\/v2\/users\/1"}],"replies":[{"embeddable":true,"href":"https:\/\/www.sewbc.com\/cy\/wp-json\/wp\/v2\/comments?post=34"}],"version-history":[{"count":0,"href":"https:\/\/www.sewbc.com\/cy\/wp-json\/wp\/v2\/pages\/34\/revisions"}],"wp:featuredmedia":[{"embeddable":true,"href":"https:\/\/www.sewbc.com\/cy\/wp-json\/wp\/v2\/media\/35"}],"wp:attachment":[{"href":"https:\/\/www.sewbc.com\/cy\/wp-json\/wp\/v2\/media?parent=34"}],"curies":[{"name":"wp","href":"https:\/\/api.w.org\/{rel}","templated":true}]}}