{"id":807,"date":"2018-10-19T06:00:51","date_gmt":"2018-10-19T06:00:51","guid":{"rendered":"https:\/\/www.sewbc.com\/?page_id=807"},"modified":"2021-09-14T07:49:40","modified_gmt":"2021-09-14T07:49:40","slug":"reseni","status":"publish","type":"page","link":"https:\/\/www.sewbc.com\/cs\/reseni","title":{"rendered":"\u0159e\u0161en\u00ed"},"content":{"rendered":"<p>Z\u00e1v\u011bsn\u00e9 plo\u0161inov\u00e9 syst\u00e9my poskytuj\u00ed do\u010dasn\u00fd p\u0159\u00edstup k v\u00fd\u0161k\u00e1m - pro \u00fadr\u017ebu budov, na stavb\u00e1ch nebo v pr\u016fmyslov\u00fdch prost\u0159ed\u00edch. N\u00e1\u0161 produkt nab\u00edz\u00ed modul\u00e1rn\u00ed zav\u011b\u0161en\u00e9 plo\u0161inov\u00e9 syst\u00e9my, kter\u00e9 jsou neuv\u011b\u0159iteln\u011b snadno sestaviteln\u00e9.<\/p>\n<p>Pokra\u010dujeme v pr\u00e1ci pro hosty, kte\u0159\u00ed poskytuj\u00ed \u0159e\u0161en\u00ed lidsk\u00fdch syst\u00e9m\u016f a poskytuj\u00ed nejlep\u0161\u00ed podporu a slu\u017eby. D\u00edky vynikaj\u00edc\u00edmu technick\u00e9mu t\u00fdmu jsme v\u0161em host\u016fm poskytli kvalitn\u00ed prohl\u00eddku. Disponujeme tak\u00e9 na\u0161imi technick\u00fdmi a \u0159\u00edd\u00edc\u00edmi \u0159e\u0161en\u00edmi, abychom pomohli zv\u00fd\u0161it produktivitu a v\u00fdkonnost va\u0161eho za\u0159\u00edzen\u00ed a pomohli v\u00e1m efektivn\u011bji \u0159\u00eddit vozov\u00fd park a provoz. Rychlej\u0161\u00ed odezva slu\u017eby, abyste u\u0161et\u0159ili \u010das. Modern\u00ed dopravn\u00ed s\u00ed\u0165 \u017eelezni\u010dn\u00ed a leteck\u00e9 dopravy, ujist\u011bte se, \u017ee v\u0161echny n\u00e1hradn\u00ed d\u00edly byly dod\u00e1ny v\u010das.<\/p>","protected":false},"excerpt":{"rendered":"<p>Suspended Platform Systems provide temporary access to heights \u2013 for building maintenance, at construction sites or in industrial environments. Our product offers modular Suspended Platform Systems which are incredibly easy to assemble. We continue to work for guests providing humanity system solutions and provide best support and services. Because of the formidable technical team, we [&hellip;]<\/p>\n","protected":false},"author":1,"featured_media":0,"parent":0,"menu_order":0,"comment_status":"closed","ping_status":"closed","template":"templates\/full-width-page.php","meta":{"footnotes":""},"class_list":["post-807","page","type-page","status-publish","hentry"],"_links":{"self":[{"href":"https:\/\/www.sewbc.com\/cs\/wp-json\/wp\/v2\/pages\/807","targetHints":{"allow":["GET"]}}],"collection":[{"href":"https:\/\/www.sewbc.com\/cs\/wp-json\/wp\/v2\/pages"}],"about":[{"href":"https:\/\/www.sewbc.com\/cs\/wp-json\/wp\/v2\/types\/page"}],"author":[{"embeddable":true,"href":"https:\/\/www.sewbc.com\/cs\/wp-json\/wp\/v2\/users\/1"}],"replies":[{"embeddable":true,"href":"https:\/\/www.sewbc.com\/cs\/wp-json\/wp\/v2\/comments?post=807"}],"version-history":[{"count":0,"href":"https:\/\/www.sewbc.com\/cs\/wp-json\/wp\/v2\/pages\/807\/revisions"}],"wp:attachment":[{"href":"https:\/\/www.sewbc.com\/cs\/wp-json\/wp\/v2\/media?parent=807"}],"curies":[{"name":"wp","href":"https:\/\/api.w.org\/{rel}","templated":true}]}}