{"id":34,"date":"2018-09-28T03:35:58","date_gmt":"2018-09-28T03:35:58","guid":{"rendered":"http:\/\/www.sewbc.com\/?page_id=34"},"modified":"2024-10-24T15:35:55","modified_gmt":"2024-10-24T15:35:55","slug":"o-nas","status":"publish","type":"page","link":"https:\/\/www.sewbc.com\/cs\/o-nas","title":{"rendered":"O n\u00e1s"},"content":{"rendered":"<p><strong>\u0160anghaj \u00fasp\u011bch v\u00fdstavba International Trade Co, Ltd<\/strong><\/p>\n<p>Jako profesion\u00e1ln\u00ed v\u00fdrobce a dodavatel zav\u011b\u0161en\u00fdch plo\u0161in nab\u00edz\u00edme na\u0161im z\u00e1kazn\u00edk\u016fm nejspolehliv\u011bj\u0161\u00ed v\u00fdrobky a vynikaj\u00edc\u00ed slu\u017eby. S rychl\u00fdm rozvojem \u010d\u00ednsk\u00e9 ekonomiky za\u017e\u00edv\u00e1me rychl\u00fd r\u016fst. Na\u0161e v\u00fdrobky se v sou\u010dasn\u00e9 dob\u011b vyv\u00e1\u017eej\u00ed do Na\u0161e v\u00fdrobky se vyv\u00e1\u017eej\u00ed p\u0159edev\u0161\u00edm do Dominik\u00e1nsk\u00e9 republiky, na Maledivy, do Indie, Malajsie, It\u00e1lie, USA, \u0160pan\u011blska, Turecka a Jihoafrick\u00e9 republiky.....<\/p>\n<p>N\u00e1\u0161 t\u00fdm m\u00e1 v\u00edce ne\u017e 8 let zku\u0161enost\u00ed v t\u00e9to oblasti podnik\u00e1n\u00ed. Mezi na\u0161e v\u00fdrobky pat\u0159\u00ed p\u0159edev\u0161\u00edm z\u00e1v\u011bsn\u00e9 plo\u0161iny a n\u00e1hradn\u00ed d\u00edly pro stavebn\u00ed kladkostroje, m\u016f\u017eeme vyr\u00e1b\u011bt v\u00fdrobky podle speci\u00e1ln\u00edch po\u017eadavk\u016f z\u00e1kazn\u00edk\u016f.\u00a0<span id=\"more-12\"><\/span>v\u011b\u0159\u00edme, \u017ee m\u016f\u017eeme poskytnout inovativn\u00ed odpov\u011bdi na\u0161im z\u00e1kazn\u00edk\u016fm po cel\u00e9m sv\u011bt\u011b.<!--more--> pln\u00e1 implementace m\u00e1 moje charakteristiky v\u00fdstavby podnikov\u00e9 kultury, propagace podnikatelsk\u00e9ho ducha, praxe korpor\u00e1tn\u00edch hodnot, strategie a person\u00e1lu rozvoje obchodu za \u00fa\u010delem dosa\u017een\u00ed vize organick\u00e9 jednoty, koncepce oper\u00e1tora harmonie a koncepce zam\u011bstnanc\u016f, vnit\u0159n\u00edho sv\u011bta zam\u011bstnanc\u016f synchronizovan\u00e9ho s zlep\u0161en\u00ed vn\u011bj\u0161\u00edho prost\u0159ed\u00ed, budov\u00e1n\u00ed harmonick\u00e9ho podnik\u00e1n\u00ed.<\/p>\n<p><a href=\"https:\/\/www.sewbc.com\/wp-content\/uploads\/about2.jpg\"><img loading=\"lazy\" decoding=\"async\" class=\"alignnone wp-image-787 size-full\" src=\"https:\/\/www.sewbc.com\/wp-content\/uploads\/about2.jpg\" alt=\"asi2\" width=\"567\" height=\"210\" srcset=\"https:\/\/www.sewbc.com\/wp-content\/uploads\/about2.jpg 567w, https:\/\/www.sewbc.com\/wp-content\/uploads\/about2-300x111.jpg 300w\" sizes=\"auto, (max-width: 567px) 100vw, 567px\" \/><\/a><\/p>\n<p>V na\u0161\u00ed spole\u010dnosti je 5 - 10 lid\u00ed, kte\u0159\u00ed se zab\u00fdvaj\u00ed v\u00fdzkumem a v\u00fdvojem. V\u00fdzkum a v\u00fdvoj je kl\u00ed\u010dov\u00fdm odd\u011blen\u00edm spole\u010dnosti, kter\u00e9 se zab\u00fdv\u00e1 v\u00fdzkumem a v\u00fdvojem nov\u00fdch v\u00fdrobk\u016f, zlep\u0161ov\u00e1n\u00edm vlastnost\u00ed v\u00fdrobk\u016f. Pracovn\u00ed postup st\u0159ediska R &amp; D je zalo\u017een na modelu CMM o\u0159ezan\u00fd, rozd\u011blen\u00fd na specifick\u00e9 pl\u00e1nov\u00e1n\u00ed, n\u00e1vrh, implementaci, testov\u00e1n\u00ed a \u00fadr\u017ebu p\u011bti krok\u016f. Na konci pl\u00e1nov\u00e1n\u00ed, f\u00e1ze n\u00e1vrhu, prov\u00e1d\u011bt pravideln\u00e9 kontroly ve f\u00e1zi implementace budou t\u0159i testov\u00e1n\u00ed a akcepta\u010dn\u00ed testov\u00e1n\u00ed ainspekce po ka\u017ed\u00e9 m\u00e1 samostatnou verzi, kter\u00e1 m\u016f\u017ee b\u00fdt spu\u0161t\u011bna, n\u00e1sleduje f\u00e1ze testov\u00e1n\u00ed; testov\u00e1n\u00ed pokryt\u00ed k\u00f3du, testov\u00e1n\u00ed pokryt\u00ed dat Po dokon\u010den\u00ed, vstupte do f\u00e1ze \u00fadr\u017eby, v\u010detn\u011b produkt\u016f, slu\u017eeb a aktualizac\u00ed pro dal\u0161\u00ed zlep\u0161en\u00ed slu\u017eeb z\u00e1kazn\u00edk\u016fm a vytvo\u0159en\u00ed zna\u010dky spole\u010dnosti.<\/p>\n<p><a href=\"https:\/\/www.sewbc.com\/wp-content\/uploads\/about1.jpg\"><img loading=\"lazy\" decoding=\"async\" class=\"alignnone wp-image-786 size-full\" src=\"https:\/\/www.sewbc.com\/wp-content\/uploads\/about1.jpg\" alt=\"asi1\" width=\"708\" height=\"668\" srcset=\"https:\/\/www.sewbc.com\/wp-content\/uploads\/about1.jpg 708w, https:\/\/www.sewbc.com\/wp-content\/uploads\/about1-300x283.jpg 300w\" sizes=\"auto, (max-width: 708px) 100vw, 708px\" \/><\/a><\/p>\n<p>V\u0161e, co pot\u0159ebuje n\u00e1\u0161 pomocn\u00edk, nev\u00e1hejte n\u00e1s kontaktovat. E-mailem:\u00a0<a href=\"mailto:sales@buildinglift.com\">sales@buildinglift.com<\/a><\/p>","protected":false},"excerpt":{"rendered":"<p>Shanghai Success Construction International Trade Co., Ltd. As a professional suspended platform manufacturer and supplier, we offer most reliable products and excellent service to our customers. We have been experiencing fast growth with the rapid development of Chinese economy. Our products are currently exported to Our products are mainly exported to Dominican Republic, Maldives, India, [&hellip;]<\/p>\n","protected":false},"author":1,"featured_media":35,"parent":0,"menu_order":0,"comment_status":"closed","ping_status":"closed","template":"templates\/full-width-page.php","meta":{"footnotes":""},"class_list":["post-34","page","type-page","status-publish","has-post-thumbnail","hentry"],"_links":{"self":[{"href":"https:\/\/www.sewbc.com\/cs\/wp-json\/wp\/v2\/pages\/34","targetHints":{"allow":["GET"]}}],"collection":[{"href":"https:\/\/www.sewbc.com\/cs\/wp-json\/wp\/v2\/pages"}],"about":[{"href":"https:\/\/www.sewbc.com\/cs\/wp-json\/wp\/v2\/types\/page"}],"author":[{"embeddable":true,"href":"https:\/\/www.sewbc.com\/cs\/wp-json\/wp\/v2\/users\/1"}],"replies":[{"embeddable":true,"href":"https:\/\/www.sewbc.com\/cs\/wp-json\/wp\/v2\/comments?post=34"}],"version-history":[{"count":0,"href":"https:\/\/www.sewbc.com\/cs\/wp-json\/wp\/v2\/pages\/34\/revisions"}],"wp:featuredmedia":[{"embeddable":true,"href":"https:\/\/www.sewbc.com\/cs\/wp-json\/wp\/v2\/media\/35"}],"wp:attachment":[{"href":"https:\/\/www.sewbc.com\/cs\/wp-json\/wp\/v2\/media?parent=34"}],"curies":[{"name":"wp","href":"https:\/\/api.w.org\/{rel}","templated":true}]}}