{"id":807,"date":"2018-10-19T06:00:51","date_gmt":"2018-10-19T06:00:51","guid":{"rendered":"https:\/\/www.sewbc.com\/?page_id=807"},"modified":"2021-09-14T07:49:40","modified_gmt":"2021-09-14T07:49:40","slug":"solucions","status":"publish","type":"page","link":"https:\/\/www.sewbc.com\/ca\/solucions","title":{"rendered":"solucions"},"content":{"rendered":"<p>Els sistemes de plataforma suspesa proporcionen acc\u00e9s temporal a les altures: per al manteniment de la construcci\u00f3, en els llocs de construcci\u00f3 o en entorns industrials. El nostre producte ofereix sistemes modulars de plataformes suspeses que s\u00f3n incre\u00efblement f\u00e0cils de muntar.<\/p>\n<p>Seguim treballant per als clients que ofereixen solucions del sistema d&#039;humanitat i proporcionen el millor suport i serveis. A causa de l&#039;equip t\u00e8cnic formidable, hem proporcionat un servei de gires d&#039;alta qualitat per a tots els clients. Tamb\u00e9 tenim disponibles les nostres solucions t\u00e8cniques i de gesti\u00f3 per ajudar a fer que el vostre equip sigui m\u00e9s productiu i efica\u00e7, i que us ajudi a gestionar de forma m\u00e9s efica\u00e7 les flotes i les operacions dels equips. Velocitat m\u00e9s r\u00e0pida de resposta del servei per estalviar temps. Una moderna xarxa de transport ferroviari i d&#039;aviaci\u00f3, assegureu-vos que totes les peces de recanvi s&#039;han lliurat a temps.<\/p>","protected":false},"excerpt":{"rendered":"<p>Suspended Platform Systems provide temporary access to heights \u2013 for building maintenance, at construction sites or in industrial environments. Our product offers modular Suspended Platform Systems which are incredibly easy to assemble. We continue to work for guests providing humanity system solutions and provide best support and services. Because of the formidable technical team, we [&hellip;]<\/p>\n","protected":false},"author":1,"featured_media":0,"parent":0,"menu_order":0,"comment_status":"closed","ping_status":"closed","template":"templates\/full-width-page.php","meta":{"footnotes":""},"class_list":["post-807","page","type-page","status-publish","hentry"],"_links":{"self":[{"href":"https:\/\/www.sewbc.com\/ca\/wp-json\/wp\/v2\/pages\/807","targetHints":{"allow":["GET"]}}],"collection":[{"href":"https:\/\/www.sewbc.com\/ca\/wp-json\/wp\/v2\/pages"}],"about":[{"href":"https:\/\/www.sewbc.com\/ca\/wp-json\/wp\/v2\/types\/page"}],"author":[{"embeddable":true,"href":"https:\/\/www.sewbc.com\/ca\/wp-json\/wp\/v2\/users\/1"}],"replies":[{"embeddable":true,"href":"https:\/\/www.sewbc.com\/ca\/wp-json\/wp\/v2\/comments?post=807"}],"version-history":[{"count":0,"href":"https:\/\/www.sewbc.com\/ca\/wp-json\/wp\/v2\/pages\/807\/revisions"}],"wp:attachment":[{"href":"https:\/\/www.sewbc.com\/ca\/wp-json\/wp\/v2\/media?parent=807"}],"curies":[{"name":"wp","href":"https:\/\/api.w.org\/{rel}","templated":true}]}}