{"id":34,"date":"2018-09-28T03:35:58","date_gmt":"2018-09-28T03:35:58","guid":{"rendered":"http:\/\/www.sewbc.com\/?page_id=34"},"modified":"2024-10-24T15:35:55","modified_gmt":"2024-10-24T15:35:55","slug":"o-nama","status":"publish","type":"page","link":"https:\/\/www.sewbc.com\/bs\/o-nama","title":{"rendered":"O nama"},"content":{"rendered":"<p><strong>Shanghai Success Construction International Trade Co, Ltd<\/strong><\/p>\n<p>Kao profesionalni proizvo\u0111a\u010d i dobavlja\u010d vise\u0107ih platformi, nudimo najpouzdanije proizvode i izvrsnu uslugu na\u0161im kupcima. Osje\u0107amo brz rast s brzim razvojem kineske ekonomije. Na\u0161i proizvodi se trenutno izvoze u... Na\u0161i proizvodi se uglavnom izvoze u Dominikansku Republiku, Maldive, Indiju, Maleziju, Italiju, SAD, \u0160paniju, Tursku i Ju\u017enu Afriku...<\/p>\n<p>Na\u0161 tim ima vi\u0161e od 8 godina iskustva u ovoj oblasti. Na\u0161i proizvodi uglavnom uklju\u010duju vise\u0107e platforme i rezervne dijelove za gra\u0111evinske dizalice. Mo\u017eemo proizvoditi proizvode prema posebnim zahtjevima kupaca.\u00a0<span id=\"more-12\"><\/span>verujemo da mo\u017eemo pru\u017eiti inovativne odgovore na\u0161im kupcima \u0161irom svijeta.<!--more--> Puna implementacija ima svoje karakteristike izgradnje kulture preduze\u0107a, promovi\u0161u\u0107i duh preduze\u0107a, praksu korporativnih vrijednosti, strategiju i razvoj osoblja za postizanje vizije o jedinstvenoj organizaciji, konceptu operatora harmonije i konceptu zaposlenih, unutra\u0161njem svijetu zaposlenog koji je sinhronizovan s pobolj\u0161ano vanjsko okru\u017eenje, izgradnja skladnog preduze\u0107a.<\/p>\n<p><a href=\"https:\/\/www.sewbc.com\/wp-content\/uploads\/about2.jpg\"><img loading=\"lazy\" decoding=\"async\" class=\"alignnone wp-image-787 size-full\" src=\"https:\/\/www.sewbc.com\/wp-content\/uploads\/about2.jpg\" alt=\"oko2\" width=\"567\" height=\"210\" srcset=\"https:\/\/www.sewbc.com\/wp-content\/uploads\/about2.jpg 567w, https:\/\/www.sewbc.com\/wp-content\/uploads\/about2-300x111.jpg 300w\" sizes=\"auto, (max-width: 567px) 100vw, 567px\" \/><\/a><\/p>\n<p>U na\u0161oj kompaniji radi 5-10 in\u017eenjera za istra\u017eivanje i razvoj. Istra\u017eivanje i razvoj su klju\u010dni odjel kompanije, zadu\u017eeni za istra\u017eivanje i razvoj novih proizvoda i pobolj\u0161anje karakteristika proizvoda. Radni tok centra za istra\u017eivanje i razvoj zasnovan je na CMM modelu, podijeljenom na specifi\u010dno planiranje, dizajn, implementaciju, testiranje i odr\u017eavanje u pet koraka. Na kraju faze planiranja i dizajna, provode se periodi\u010dne provjere, a u fazi implementacije \u0107e se provoditi tri testiranja i prijemno testiranje i inspekcija nakon \u0161to se za svaku verziju izradi posebna verzija, nakon \u010dega slijedi faza testiranja; pokrivenost testnog koda, pokrivenost testnih podataka. Kada se zavr\u0161i, ulazi se u fazu odr\u017eavanja, uklju\u010duju\u0107i proizvode, usluge i nadogradnje kako bi se dodatno pobolj\u0161ala usluga korisnicima i uspostavio brend kompanije.<\/p>\n<p><a href=\"https:\/\/www.sewbc.com\/wp-content\/uploads\/about1.jpg\"><img loading=\"lazy\" decoding=\"async\" class=\"alignnone wp-image-786 size-full\" src=\"https:\/\/www.sewbc.com\/wp-content\/uploads\/about1.jpg\" alt=\"oko1\" width=\"708\" height=\"668\" srcset=\"https:\/\/www.sewbc.com\/wp-content\/uploads\/about1.jpg 708w, https:\/\/www.sewbc.com\/wp-content\/uploads\/about1-300x283.jpg 300w\" sizes=\"auto, (max-width: 708px) 100vw, 708px\" \/><\/a><\/p>\n<p>Sve \u0161to treba na\u0161em asistentu slobodno nas kontaktira. Email:\u00a0<a href=\"mailto:sales@buildinglift.com\">sales@buildinglift.com<\/a><\/p>","protected":false},"excerpt":{"rendered":"<p>Shanghai Success Construction International Trade Co., Ltd. As a professional suspended platform manufacturer and supplier, we offer most reliable products and excellent service to our customers. We have been experiencing fast growth with the rapid development of Chinese economy. Our products are currently exported to Our products are mainly exported to Dominican Republic, Maldives, India, [&hellip;]<\/p>\n","protected":false},"author":1,"featured_media":35,"parent":0,"menu_order":0,"comment_status":"closed","ping_status":"closed","template":"templates\/full-width-page.php","meta":{"footnotes":""},"class_list":["post-34","page","type-page","status-publish","has-post-thumbnail","hentry"],"_links":{"self":[{"href":"https:\/\/www.sewbc.com\/bs\/wp-json\/wp\/v2\/pages\/34","targetHints":{"allow":["GET"]}}],"collection":[{"href":"https:\/\/www.sewbc.com\/bs\/wp-json\/wp\/v2\/pages"}],"about":[{"href":"https:\/\/www.sewbc.com\/bs\/wp-json\/wp\/v2\/types\/page"}],"author":[{"embeddable":true,"href":"https:\/\/www.sewbc.com\/bs\/wp-json\/wp\/v2\/users\/1"}],"replies":[{"embeddable":true,"href":"https:\/\/www.sewbc.com\/bs\/wp-json\/wp\/v2\/comments?post=34"}],"version-history":[{"count":0,"href":"https:\/\/www.sewbc.com\/bs\/wp-json\/wp\/v2\/pages\/34\/revisions"}],"wp:featuredmedia":[{"embeddable":true,"href":"https:\/\/www.sewbc.com\/bs\/wp-json\/wp\/v2\/media\/35"}],"wp:attachment":[{"href":"https:\/\/www.sewbc.com\/bs\/wp-json\/wp\/v2\/media?parent=34"}],"curies":[{"name":"wp","href":"https:\/\/api.w.org\/{rel}","templated":true}]}}