{"id":807,"date":"2018-10-19T06:00:51","date_gmt":"2018-10-19T06:00:51","guid":{"rendered":"https:\/\/www.sewbc.com\/?page_id=807"},"modified":"2021-09-14T07:49:40","modified_gmt":"2021-09-14T07:49:40","slug":"h%c9%99ll%c9%99r","status":"publish","type":"page","link":"https:\/\/www.sewbc.com\/az\/h%c9%99ll%c9%99r","title":{"rendered":"h\u0259ll\u0259r"},"content":{"rendered":"<p>Ask\u0131ya Al\u0131nan Platform Sisteml\u0259ri tikinti sah\u0259l\u0259rind\u0259, tikinti sah\u0259l\u0259rind\u0259 v\u0259 ya s\u0259naye sah\u0259l\u0259rind\u0259 - y\u00fcks\u0259klikl\u0259r\u0259 m\u00fcv\u0259qq\u0259ti giri\u015f imkan\u0131 verir. M\u0259hsulumuz montaj \u00fc\u00e7\u00fcn inan\u0131lmaz d\u0259r\u0259c\u0259d\u0259 asand\u0131r olan Moduler Asma Platform Sisteml\u0259ri t\u0259klif edir.<\/p>\n<p>Biz insan sisteminin h\u0259lli t\u0259min ed\u0259n v\u0259 \u0259n yax\u015f\u0131 d\u0259st\u0259k v\u0259 xidm\u0259t g\u00f6st\u0259r\u0259n qonaqlar \u00fc\u00e7\u00fcn i\u015fl\u0259m\u0259y\u0259 davam edirik. T\u0259cr\u00fcb\u0259li texniki hey\u0259td\u0259n \u00f6t\u0259ri b\u00fct\u00fcn qonaqlara y\u00fcks\u0259k keyfiyy\u0259tli tur xidm\u0259ti t\u0259qdim etdik. Bundan \u0259lav\u0259, avadanl\u0131qlar\u0131n\u0131z\u0131n m\u0259hsuldar v\u0259 s\u0259m\u0259r\u0259li olmas\u0131na v\u0259 avadanl\u0131q donanmalar\u0131n\u0131 v\u0259 \u0259m\u0259liyyatlar\u0131n\u0131 daha effektiv idar\u0259 etm\u0259y\u0259 k\u00f6m\u0259k etm\u0259k \u00fc\u00e7\u00fcn texniki v\u0259 idar\u0259etm\u0259 h\u0259ll\u0259rimiz m\u00f6vcuddur. Vaxt\u0131n\u0131z\u0131 qurtarmaq \u00fc\u00e7\u00fcn xidm\u0259tin daha s\u00fcr\u0259tli cavab verm\u0259 s\u00fcr\u0259ti. D\u0259mir yolunun v\u0259 aviasiyan\u0131n m\u00fcasir n\u0259qliyyat \u015f\u0259b\u0259k\u0259si, b\u00fct\u00fcn ehtiyat hiss\u0259l\u0259ri vaxt\u0131nda \u00e7atd\u0131r\u0131ld\u0131\u011f\u0131ndan \u0259min olun.<\/p>","protected":false},"excerpt":{"rendered":"<p>Suspended Platform Systems provide temporary access to heights \u2013 for building maintenance, at construction sites or in industrial environments. Our product offers modular Suspended Platform Systems which are incredibly easy to assemble. We continue to work for guests providing humanity system solutions and provide best support and services. Because of the formidable technical team, we [&hellip;]<\/p>\n","protected":false},"author":1,"featured_media":0,"parent":0,"menu_order":0,"comment_status":"closed","ping_status":"closed","template":"templates\/full-width-page.php","meta":{"footnotes":""},"class_list":["post-807","page","type-page","status-publish","hentry"],"_links":{"self":[{"href":"https:\/\/www.sewbc.com\/az\/wp-json\/wp\/v2\/pages\/807","targetHints":{"allow":["GET"]}}],"collection":[{"href":"https:\/\/www.sewbc.com\/az\/wp-json\/wp\/v2\/pages"}],"about":[{"href":"https:\/\/www.sewbc.com\/az\/wp-json\/wp\/v2\/types\/page"}],"author":[{"embeddable":true,"href":"https:\/\/www.sewbc.com\/az\/wp-json\/wp\/v2\/users\/1"}],"replies":[{"embeddable":true,"href":"https:\/\/www.sewbc.com\/az\/wp-json\/wp\/v2\/comments?post=807"}],"version-history":[{"count":0,"href":"https:\/\/www.sewbc.com\/az\/wp-json\/wp\/v2\/pages\/807\/revisions"}],"wp:attachment":[{"href":"https:\/\/www.sewbc.com\/az\/wp-json\/wp\/v2\/media?parent=807"}],"curies":[{"name":"wp","href":"https:\/\/api.w.org\/{rel}","templated":true}]}}