{"id":34,"date":"2018-09-28T03:35:58","date_gmt":"2018-09-28T03:35:58","guid":{"rendered":"http:\/\/www.sewbc.com\/?page_id=34"},"modified":"2024-10-24T15:35:55","modified_gmt":"2024-10-24T15:35:55","slug":"bizim-haqqimizda","status":"publish","type":"page","link":"https:\/\/www.sewbc.com\/az\/bizim-haqqimizda","title":{"rendered":"Haqq\u0131m\u0131zda"},"content":{"rendered":"<p><strong>Shanghai Success \u0130n\u015faat Beyn\u0259lxalq Ticar\u0259t A.\u015e.<\/strong><\/p>\n<p>Pe\u015f\u0259kar dayand\u0131r\u0131lm\u0131\u015f platforma istehsal\u00e7\u0131s\u0131 v\u0259 t\u0259chizat\u00e7\u0131s\u0131 olaraq biz m\u00fc\u015ft\u0259ril\u0259rimiz\u0259 \u0259n etibarl\u0131 m\u0259hsullar v\u0259 m\u00fck\u0259mm\u0259l xidm\u0259t t\u0259klif edirik. \u00c7in iqtisadiyyat\u0131n\u0131n s\u00fcr\u0259tli inki\u015faf\u0131 il\u0259 biz s\u00fcr\u0259tli art\u0131m ya\u015fay\u0131r\u0131q. M\u0259hsullar\u0131m\u0131z haz\u0131rda ixrac edilir M\u0259hsullar\u0131m\u0131z \u0259sas\u0259n Dominikan Respublikas\u0131, Maldiv adalar\u0131, Hindistan, Malayziya, \u0130taliya, AB\u015e, \u0130spaniya, T\u00fcrkiy\u0259 v\u0259 C\u0259nubi Afrikaya ixrac olunur....<\/p>\n<p>Komandam\u0131z\u0131n bu i\u015f sah\u0259sind\u0259 8 ild\u0259n \u00e7ox t\u0259cr\u00fcb\u0259si var. M\u0259hsullar\u0131m\u0131za \u0259sas\u0259n asma platforma v\u0259 tikinti qald\u0131r\u0131c\u0131 \u00fc\u00e7\u00fcn ehtiyat hiss\u0259l\u0259ri daxildir, biz m\u00fc\u015ft\u0259ril\u0259rin x\u00fcsusi t\u0259l\u0259bl\u0259rin\u0259 uy\u011fun m\u0259hsul istehsal ed\u0259 bil\u0259rik.\u00a0<span id=\"more-12\"><\/span>biz d\u00fcnyada m\u00fc\u015ft\u0259ril\u0259rimiz \u00fc\u00e7\u00fcn yenilik\u00e7i cavablar ver\u0259 bil\u0259c\u0259yimiz\u0259 inan\u0131r\u0131q.<!--more--> \u015firk\u0259tin m\u0259d\u0259niyy\u0259t qurulu\u015fu x\u00fcsusiyy\u0259tl\u0259rim\u0259 sahibdir, orqanik birliyin vizyonuna, harmoniya operatoru konsepsiyas\u0131na v\u0259 i\u015f\u00e7il\u0259rin konsepsiyas\u0131na, i\u015f\u00e7inin daxili d\u00fcnyas\u0131na, sinxronla\u015fd\u0131rma il\u0259 \u0259laq\u0259l\u0259ndirilm\u0259sin\u0259 nail olmaq \u00fc\u00e7\u00fcn m\u00fc\u0259ssis\u0259nin ruhunu, korporativ d\u0259y\u0259rl\u0259ri, xarici m\u00fchit yax\u015f\u0131la\u015fd\u0131, uy\u011fun bir m\u00fc\u0259ssis\u0259 qurdu.<\/p>\n<p><a href=\"https:\/\/www.sewbc.com\/wp-content\/uploads\/about2.jpg\"><img loading=\"lazy\" decoding=\"async\" class=\"alignnone wp-image-787 size-full\" src=\"https:\/\/www.sewbc.com\/wp-content\/uploads\/about2.jpg\" alt=\"t\u0259xmin\u0259n 2\" width=\"567\" height=\"210\" srcset=\"https:\/\/www.sewbc.com\/wp-content\/uploads\/about2.jpg 567w, https:\/\/www.sewbc.com\/wp-content\/uploads\/about2-300x111.jpg 300w\" sizes=\"auto, (max-width: 567px) 100vw, 567px\" \/><\/a><\/p>\n<p>\u015eirk\u0259timizd\u0259 5-10 n\u0259f\u0259rlik Ar-Ge M\u00fch\u0259ndis(l\u0259r)i var. Ar-Ge \u015firk\u0259tin \u0259sas \u015f\u00f6b\u0259l\u0259ri, \u00e7iyin ara\u015fd\u0131rmas\u0131 v\u0259 yeni m\u0259hsullar\u0131n inki\u015faf\u0131, m\u0259hsul x\u00fcsusiyy\u0259tl\u0259rini yax\u015f\u0131la\u015fd\u0131rmaq v\u0259zif\u0259sidir. \u0130\u015f ax\u0131n\u0131 Ar-Ge m\u0259rk\u0259zi be\u015f add\u0131mdan ibar\u0259t x\u00fcsusi planla\u015fd\u0131rma, dizayn, h\u0259yata ke\u00e7irm\u0259, s\u0131naq v\u0259 texniki xidm\u0259t\u0259 b\u00f6l\u00fcnm\u00fc\u015f, k\u0259silmi\u015f CMM modelin\u0259 \u0259saslan\u0131r. Planla\u015fd\u0131rma, dizayn m\u0259rh\u0259l\u0259sinin sonunda, h\u0259yata ke\u00e7irm\u0259 m\u0259rh\u0259l\u0259sind\u0259 d\u00f6vri yoxlamalar h\u0259yata ke\u00e7irm\u0259k, \u00fc\u00e7 s\u0131naq v\u0259 q\u0259bul testi v\u0259 yoxlamadan sonra h\u0259r birinin i\u015f\u0259 sal\u0131na bil\u0259n ayr\u0131 bir versiyas\u0131 var, ard\u0131ndan s\u0131naq m\u0259rh\u0259l\u0259si; test kodu \u0259hat\u0259si, test m\u0259lumatlar\u0131n\u0131n \u0259hat\u0259 dair\u0259si Bitirdikd\u0259n sonra m\u00fc\u015ft\u0259ri xidm\u0259tl\u0259rini daha da t\u0259kmill\u0259\u015fdirm\u0259k \u00fc\u00e7\u00fcn m\u0259hsullar, xidm\u0259tl\u0259r v\u0259 t\u0259kmill\u0259\u015fdirm\u0259l\u0259r daxil olmaqla texniki xidm\u0259t m\u0259rh\u0259l\u0259sin\u0259 daxil olun v\u0259 \u015firk\u0259tin brendini yarad\u0131n.<\/p>\n<p><a href=\"https:\/\/www.sewbc.com\/wp-content\/uploads\/about1.jpg\"><img loading=\"lazy\" decoding=\"async\" class=\"alignnone wp-image-786 size-full\" src=\"https:\/\/www.sewbc.com\/wp-content\/uploads\/about1.jpg\" alt=\"t\u0259xmin\u0259n 1\" width=\"708\" height=\"668\" srcset=\"https:\/\/www.sewbc.com\/wp-content\/uploads\/about1.jpg 708w, https:\/\/www.sewbc.com\/wp-content\/uploads\/about1-300x283.jpg 300w\" sizes=\"auto, (max-width: 708px) 100vw, 708px\" \/><\/a><\/p>\n<p>Biziml\u0259 \u0259laq\u0259 qurma\u011f\u0131m\u0131zdan as\u0131l\u0131 olmayan h\u0259r \u015fey laz\u0131md\u0131r. E-po\u00e7t:\u00a0<a href=\"mailto:sales@buildinglift.com\">sales@buildinglift.com<\/a><\/p>","protected":false},"excerpt":{"rendered":"<p>Shanghai Success Construction International Trade Co., Ltd. As a professional suspended platform manufacturer and supplier, we offer most reliable products and excellent service to our customers. We have been experiencing fast growth with the rapid development of Chinese economy. Our products are currently exported to Our products are mainly exported to Dominican Republic, Maldives, India, [&hellip;]<\/p>\n","protected":false},"author":1,"featured_media":35,"parent":0,"menu_order":0,"comment_status":"closed","ping_status":"closed","template":"templates\/full-width-page.php","meta":{"footnotes":""},"class_list":["post-34","page","type-page","status-publish","has-post-thumbnail","hentry"],"_links":{"self":[{"href":"https:\/\/www.sewbc.com\/az\/wp-json\/wp\/v2\/pages\/34","targetHints":{"allow":["GET"]}}],"collection":[{"href":"https:\/\/www.sewbc.com\/az\/wp-json\/wp\/v2\/pages"}],"about":[{"href":"https:\/\/www.sewbc.com\/az\/wp-json\/wp\/v2\/types\/page"}],"author":[{"embeddable":true,"href":"https:\/\/www.sewbc.com\/az\/wp-json\/wp\/v2\/users\/1"}],"replies":[{"embeddable":true,"href":"https:\/\/www.sewbc.com\/az\/wp-json\/wp\/v2\/comments?post=34"}],"version-history":[{"count":0,"href":"https:\/\/www.sewbc.com\/az\/wp-json\/wp\/v2\/pages\/34\/revisions"}],"wp:featuredmedia":[{"embeddable":true,"href":"https:\/\/www.sewbc.com\/az\/wp-json\/wp\/v2\/media\/35"}],"wp:attachment":[{"href":"https:\/\/www.sewbc.com\/az\/wp-json\/wp\/v2\/media?parent=34"}],"curies":[{"name":"wp","href":"https:\/\/api.w.org\/{rel}","templated":true}]}}