{"id":34,"date":"2018-09-28T03:35:58","date_gmt":"2018-09-28T03:35:58","guid":{"rendered":"http:\/\/www.sewbc.com\/?page_id=34"},"modified":"2024-10-24T15:35:55","modified_gmt":"2024-10-24T15:35:55","slug":"oor-ons","status":"publish","type":"page","link":"https:\/\/www.sewbc.com\/af\/oor-ons","title":{"rendered":"Oor ons"},"content":{"rendered":"<p><strong>Sjanghai Sukses Konstruksie Internasionale Handel Co, Ltd<\/strong><\/p>\n<p>As &#039;n professionele vervaardiger en verskaffer van hangplatforms, bied ons die mees betroubare produkte en uitstekende diens aan ons kli\u00ebnte. Ons ervaar vinnige groei met die vinnige ontwikkeling van die Chinese ekonomie. Ons produkte word tans uitgevoer na. Ons produkte word hoofsaaklik uitgevoer na die Dominikaanse Republiek, die Maledive, Indi\u00eb, Maleisi\u00eb, Itali\u00eb, die VSA, Spanje, Turkye en Suid-Afrika\u2026.<\/p>\n<p>Ons span het meer as 8 jaar ondervinding in hierdie bedryf. Ons produkte sluit hoofsaaklik hangplatforms en onderdele vir konstruksiehysers in. Ons kan produkte volgens kli\u00ebnte se spesiale vereistes vervaardig.\u00a0<span id=\"more-12\"><\/span>Ons glo ons kan innoverende antwoorde vir ons kli\u00ebnte regoor die w\u00eareld verskaf.<!--more--> volle implementering het my eienskappe van die korporatiewe korporatiewe konstruksie, die gees van ondernemings bevorder, korporatiewe waardes, strategie- en besigheidsontwikkelingspersoneel beoefen om die visie van &#039;n organiese eenheid, harmonie-operateurskonsep en die konsep van werknemers, werkers innerlike w\u00eareld gesinchroniseer met die eksterne omgewing verbeter, die bou van &#039;n harmonieuse onderneming.<\/p>\n<p><a href=\"https:\/\/www.sewbc.com\/wp-content\/uploads\/about2.jpg\"><img loading=\"lazy\" decoding=\"async\" class=\"alignnone wp-image-787 size-full\" src=\"https:\/\/www.sewbc.com\/wp-content\/uploads\/about2.jpg\" alt=\"about2\" width=\"567\" height=\"210\" srcset=\"https:\/\/www.sewbc.com\/wp-content\/uploads\/about2.jpg 567w, https:\/\/www.sewbc.com\/wp-content\/uploads\/about2-300x111.jpg 300w\" sizes=\"auto, (max-width: 567px) 100vw, 567px\" \/><\/a><\/p>\n<p>Daar is 5-10 O&amp;O-ingenieurs in ons maatskappy. O&amp;O is die maatskappy se kernafdelings wat die navorsing en ontwikkeling van nuwe produkte en die verbetering van produkeienskappe verrig. Die O&amp;O-sentrum se werkvloei is gebaseer op die CMM-model, verdeel in vyf spesifieke stappe: beplanning, ontwerp, implementering, toetsing en instandhouding. Aan die einde van die beplannings- en ontwerpfase word periodieke kontroles uitgevoer. In die implementeringsfase sal drie toetse, aanvaardingstoetse en inspeksies plaasvind, waarna elkeen &#039;n aparte weergawe het wat uitgevoer kan word, gevolg deur die toetsfase; toetskodedekking en toetsdatadekking. Wanneer dit klaar is, gaan die instandhoudingsfase voort, wat produkte, dienste en opgraderings insluit om kli\u00ebntediens verder te verbeter en die maatskappy se handelsmerk te vestig.<\/p>\n<p><a href=\"https:\/\/www.sewbc.com\/wp-content\/uploads\/about1.jpg\"><img loading=\"lazy\" decoding=\"async\" class=\"alignnone wp-image-786 size-full\" src=\"https:\/\/www.sewbc.com\/wp-content\/uploads\/about1.jpg\" alt=\"about1\" width=\"708\" height=\"668\" srcset=\"https:\/\/www.sewbc.com\/wp-content\/uploads\/about1.jpg 708w, https:\/\/www.sewbc.com\/wp-content\/uploads\/about1-300x283.jpg 300w\" sizes=\"auto, (max-width: 708px) 100vw, 708px\" \/><\/a><\/p>\n<p>Enigiets wat ons nodig het, voel vry om ons te kontak. e-pos:\u00a0<a href=\"mailto:sales@buildinglift.com\">sales@buildinglift.com<\/a><\/p>","protected":false},"excerpt":{"rendered":"<p>Shanghai Success Construction International Trade Co., Ltd. As a professional suspended platform manufacturer and supplier, we offer most reliable products and excellent service to our customers. We have been experiencing fast growth with the rapid development of Chinese economy. Our products are currently exported to Our products are mainly exported to Dominican Republic, Maldives, India, [&hellip;]<\/p>\n","protected":false},"author":1,"featured_media":35,"parent":0,"menu_order":0,"comment_status":"closed","ping_status":"closed","template":"templates\/full-width-page.php","meta":{"footnotes":""},"class_list":["post-34","page","type-page","status-publish","has-post-thumbnail","hentry"],"_links":{"self":[{"href":"https:\/\/www.sewbc.com\/af\/wp-json\/wp\/v2\/pages\/34","targetHints":{"allow":["GET"]}}],"collection":[{"href":"https:\/\/www.sewbc.com\/af\/wp-json\/wp\/v2\/pages"}],"about":[{"href":"https:\/\/www.sewbc.com\/af\/wp-json\/wp\/v2\/types\/page"}],"author":[{"embeddable":true,"href":"https:\/\/www.sewbc.com\/af\/wp-json\/wp\/v2\/users\/1"}],"replies":[{"embeddable":true,"href":"https:\/\/www.sewbc.com\/af\/wp-json\/wp\/v2\/comments?post=34"}],"version-history":[{"count":0,"href":"https:\/\/www.sewbc.com\/af\/wp-json\/wp\/v2\/pages\/34\/revisions"}],"wp:featuredmedia":[{"embeddable":true,"href":"https:\/\/www.sewbc.com\/af\/wp-json\/wp\/v2\/media\/35"}],"wp:attachment":[{"href":"https:\/\/www.sewbc.com\/af\/wp-json\/wp\/v2\/media?parent=34"}],"curies":[{"name":"wp","href":"https:\/\/api.w.org\/{rel}","templated":true}]}}